{"id":331493,"date":"2025-06-04T17:29:35","date_gmt":"2025-06-04T15:29:35","guid":{"rendered":"https:\/\/www.rizoma.com\/negozio\/griffe-lux-ride-by-wire-grdw213zth01\/"},"modified":"2025-12-18T00:40:18","modified_gmt":"2025-12-17T23:40:18","slug":"griffe-lux-ride-by-wire-grdw213zth01","status":"publish","type":"product","link":"https:\/\/www.rizoma.com\/de\/negozio\/lenker-kit\/GRDW213ZTH01\/griffe-lux-ride-by-wire-grdw213zth01\/","title":{"rendered":"Griffe Lux Ride by Wire"},"content":{"rendered":"<p>Der Griff Lux (\u00d8 22 mm) vereint Einfachheit und Sportlichkeit. Der zur G\u00e4nze aus Aluminium gearbeitete Griff ist mit einem Racing-Gummi f\u00fcr optimalen Grip und h\u00f6chste Zuverl\u00e4ssigkeit ausgestattet. Die Ride by Wire -Version ist zudem mit der elektronischen Gasbet\u00e4tigung kompatibel.<\/p>\n","protected":false},"excerpt":{"rendered":"<p>Der Griff Lux (\u00d8 22 mm) vereint Einfachheit und Sportlichkeit. Der zur G\u00e4nze aus Aluminium gearbeitete Griff ist mit einem Racing-Gummi f\u00fcr optimalen Grip und h\u00f6chste Zuverl\u00e4ssigkeit ausgestattet. Die Ride by Wire -Version ist zudem mit der elektronischen Gasbet\u00e4tigung kompatibel.<\/p>\n","protected":false},"featured_media":343667,"template":"","meta":{"_acf_changed":false},"rizoma_assembly_time":[42675],"rizoma_bike":[41912,42070,41913,41972,41940,41941,41936,42014],"rizoma_division":[42652],"rizoma_family":[],"rizoma_model_category":[],"rizoma_product_template":[],"product_brand":[],"product_cat":[42662],"product_tag":[],"class_list":{"0":"post-331493","1":"product","2":"type-product","3":"status-publish","4":"has-post-thumbnail","6":"rizoma_bike-1299-panigale-2015-17","7":"rizoma_bike-1299-panigale-r-final-edition-2017-20","8":"rizoma_bike-1299-panigale-s-2015-18","9":"rizoma_bike-1299-panigale-s-anniversario-2016","10":"rizoma_bike-speed-triple-1050-r-abs-2016-17","11":"rizoma_bike-speed-triple-1050-s-abs-2016-17","12":"rizoma_bike-street-twin-900-2016","13":"rizoma_bike-superleggera-1299-2017","14":"product_cat-lenker-kit","16":"first","17":"instock","18":"sale","19":"taxable","20":"shipping-taxable","21":"purchasable","22":"product-type-variable"},"acf":[],"_links":{"self":[{"href":"https:\/\/www.rizoma.com\/de\/wp-json\/wp\/v2\/product\/331493","targetHints":{"allow":["GET"]}}],"collection":[{"href":"https:\/\/www.rizoma.com\/de\/wp-json\/wp\/v2\/product"}],"about":[{"href":"https:\/\/www.rizoma.com\/de\/wp-json\/wp\/v2\/types\/product"}],"wp:featuredmedia":[{"embeddable":true,"href":"https:\/\/www.rizoma.com\/de\/wp-json\/wp\/v2\/media\/343667"}],"wp:attachment":[{"href":"https:\/\/www.rizoma.com\/de\/wp-json\/wp\/v2\/media?parent=331493"}],"wp:term":[{"taxonomy":"rizoma_assembly_time","embeddable":true,"href":"https:\/\/www.rizoma.com\/de\/wp-json\/wp\/v2\/rizoma_assembly_time?post=331493"},{"taxonomy":"rizoma_bike","embeddable":true,"href":"https:\/\/www.rizoma.com\/de\/wp-json\/wp\/v2\/rizoma_bike?post=331493"},{"taxonomy":"rizoma_division","embeddable":true,"href":"https:\/\/www.rizoma.com\/de\/wp-json\/wp\/v2\/rizoma_division?post=331493"},{"taxonomy":"rizoma_family","embeddable":true,"href":"https:\/\/www.rizoma.com\/de\/wp-json\/wp\/v2\/rizoma_family?post=331493"},{"taxonomy":"rizoma_model_category","embeddable":true,"href":"https:\/\/www.rizoma.com\/de\/wp-json\/wp\/v2\/rizoma_model_category?post=331493"},{"taxonomy":"rizoma_product_template","embeddable":true,"href":"https:\/\/www.rizoma.com\/de\/wp-json\/wp\/v2\/rizoma_product_template?post=331493"},{"taxonomy":"product_brand","embeddable":true,"href":"https:\/\/www.rizoma.com\/de\/wp-json\/wp\/v2\/product_brand?post=331493"},{"taxonomy":"product_cat","embeddable":true,"href":"https:\/\/www.rizoma.com\/de\/wp-json\/wp\/v2\/product_cat?post=331493"},{"taxonomy":"product_tag","embeddable":true,"href":"https:\/\/www.rizoma.com\/de\/wp-json\/wp\/v2\/product_tag?post=331493"}],"curies":[{"name":"wp","href":"https:\/\/api.w.org\/{rel}","templated":true}]}}