{"id":331308,"date":"2025-06-04T17:24:02","date_gmt":"2025-06-04T15:24:02","guid":{"rendered":"https:\/\/www.rizoma.com\/negozio\/multifit-montagesatz-bar-mount-ma434\/"},"modified":"2025-12-18T00:40:29","modified_gmt":"2025-12-17T23:40:29","slug":"multifit-montagesatz-bar-mount-ma434","status":"publish","type":"product","link":"https:\/\/www.rizoma.com\/de\/negozio\/spiegel\/MA434\/multifit-montagesatz-bar-mount-ma434\/","title":{"rendered":"Multifit Montagesatz Bar Mount"},"content":{"rendered":"<p>Die universalen Spiegeladapter f\u00fcr Lenkerendspiegel wurden daf\u00fcr entwickelt damit unsere Spiegel an Lenkern mit einem \u00e4u\u00dferen Durchmesser von 22 mm und einem Innendurchmesser von 13 bis 20 mm montiert werden k\u00f6nnen. Das Design der Adapter folgt den Linien der Spiegel und bewahrt vor ungewollten \u00dcberraschungen.<br \/>F\u00fcr eine lange Haltbarkeit werden sie ebenfalls aus hochwertigem Billett-Aluminium gefertigt.<\/p>\n","protected":false},"excerpt":{"rendered":"<p>Die universalen Spiegeladapter f\u00fcr Lenkerendspiegel wurden daf\u00fcr entwickelt damit unsere Spiegel an Lenkern mit einem \u00e4u\u00dferen Durchmesser von 22 mm und einem Innendurchmesser von 13 bis 20 mm montiert werden k\u00f6nnen. Das Design der Adapter folgt den Linien der Spiegel und bewahrt vor ungewollten \u00dcberraschungen.F\u00fcr eine lange Haltbarkeit werden sie ebenfalls aus hochwertigem Billett-Aluminium gefertigt.<\/p>\n","protected":false},"featured_media":310891,"template":"","meta":{"_acf_changed":false},"rizoma_assembly_time":[42664],"rizoma_bike":[],"rizoma_division":[42652],"rizoma_family":[42668],"rizoma_model_category":[],"rizoma_product_template":[],"product_brand":[],"product_cat":[42673],"product_tag":[],"class_list":{"0":"post-331308","1":"product","2":"type-product","3":"status-publish","4":"has-post-thumbnail","6":"product_cat-spiegel","8":"first","9":"instock","10":"sale","11":"taxable","12":"shipping-taxable","13":"purchasable","14":"product-type-variable"},"acf":[],"_links":{"self":[{"href":"https:\/\/www.rizoma.com\/de\/wp-json\/wp\/v2\/product\/331308","targetHints":{"allow":["GET"]}}],"collection":[{"href":"https:\/\/www.rizoma.com\/de\/wp-json\/wp\/v2\/product"}],"about":[{"href":"https:\/\/www.rizoma.com\/de\/wp-json\/wp\/v2\/types\/product"}],"wp:featuredmedia":[{"embeddable":true,"href":"https:\/\/www.rizoma.com\/de\/wp-json\/wp\/v2\/media\/310891"}],"wp:attachment":[{"href":"https:\/\/www.rizoma.com\/de\/wp-json\/wp\/v2\/media?parent=331308"}],"wp:term":[{"taxonomy":"rizoma_assembly_time","embeddable":true,"href":"https:\/\/www.rizoma.com\/de\/wp-json\/wp\/v2\/rizoma_assembly_time?post=331308"},{"taxonomy":"rizoma_bike","embeddable":true,"href":"https:\/\/www.rizoma.com\/de\/wp-json\/wp\/v2\/rizoma_bike?post=331308"},{"taxonomy":"rizoma_division","embeddable":true,"href":"https:\/\/www.rizoma.com\/de\/wp-json\/wp\/v2\/rizoma_division?post=331308"},{"taxonomy":"rizoma_family","embeddable":true,"href":"https:\/\/www.rizoma.com\/de\/wp-json\/wp\/v2\/rizoma_family?post=331308"},{"taxonomy":"rizoma_model_category","embeddable":true,"href":"https:\/\/www.rizoma.com\/de\/wp-json\/wp\/v2\/rizoma_model_category?post=331308"},{"taxonomy":"rizoma_product_template","embeddable":true,"href":"https:\/\/www.rizoma.com\/de\/wp-json\/wp\/v2\/rizoma_product_template?post=331308"},{"taxonomy":"product_brand","embeddable":true,"href":"https:\/\/www.rizoma.com\/de\/wp-json\/wp\/v2\/product_brand?post=331308"},{"taxonomy":"product_cat","embeddable":true,"href":"https:\/\/www.rizoma.com\/de\/wp-json\/wp\/v2\/product_cat?post=331308"},{"taxonomy":"product_tag","embeddable":true,"href":"https:\/\/www.rizoma.com\/de\/wp-json\/wp\/v2\/product_tag?post=331308"}],"curies":[{"name":"wp","href":"https:\/\/api.w.org\/{rel}","templated":true}]}}