{"id":328546,"date":"2025-04-08T14:06:22","date_gmt":"2025-04-08T12:06:22","guid":{"rendered":"https:\/\/www.rizoma.com\/negozio\/kit-kennzeichentrager-fox-pt803\/"},"modified":"2025-04-08T14:08:20","modified_gmt":"2025-04-08T12:08:20","slug":"kit-kennzeichentrager-fox-pt803","status":"publish","type":"product","link":"https:\/\/www.rizoma.com\/de\/negozio\/kennzeichentrager\/PT803\/kit-kennzeichentrager-fox-pt803\/motorbike\/113\/ducati\/748\/","title":{"rendered":"Kit Kennzeichentr\u00e4ger Fox"},"content":{"rendered":"<p>Der aus dem Vollen gearbeitete Kennzeichentr\u00e4ger aus Aluminium verleiht der Hinterachse nicht nur einen vollkommen neuen Look, sondern sorgt dank seinen kompakten Abmessungen und dem hochwertigen Material auch f\u00fcr eine ausgezeichnete strukturelle Performance und eine \u00fcberaus ansprechende Optik. Leicht zu montieren, da speziell f\u00fcr das jeweilige Motorradmodell konzipiert. Das einzeln erh\u00e4ltliche Zubeh\u00f6r erfordert den Kauf einer passenden Rizoma-Kennzeichentr\u00e4gerplatte mit der nationalen Gesetzgebung entsprechenden Abmessungen.<\/p>\n","protected":false},"excerpt":{"rendered":"<p>Der aus dem Vollen gearbeitete Kennzeichentr\u00e4ger aus Aluminium verleiht der Hinterachse nicht nur einen vollkommen neuen Look, sondern sorgt dank seinen kompakten Abmessungen und dem hochwertigen Material auch f\u00fcr eine ausgezeichnete strukturelle Performance und eine \u00fcberaus ansprechende Optik. Leicht zu montieren, da speziell f\u00fcr das jeweilige Motorradmodell konzipiert. Das einzeln erh\u00e4ltliche Zubeh\u00f6r erfordert den Kauf [&hellip;]<\/p>\n","protected":false},"featured_media":328483,"template":"","meta":{"_acf_changed":false},"rizoma_assembly_time":[42742],"rizoma_bike":[43740,43876],"rizoma_division":[42652],"rizoma_family":[],"rizoma_model_category":[],"rizoma_product_template":[],"product_brand":[],"product_cat":[42767],"product_tag":[],"class_list":{"0":"post-328546","1":"product","2":"type-product","3":"status-publish","4":"has-post-thumbnail","6":"rizoma_bike-rs-457-2024-26","7":"rizoma_bike-tuono-457-2025-26","8":"product_cat-kennzeichentrager","10":"first","11":"instock","12":"taxable","13":"shipping-taxable","14":"purchasable","15":"product-type-variable"},"acf":[],"_links":{"self":[{"href":"https:\/\/www.rizoma.com\/de\/wp-json\/wp\/v2\/product\/328546","targetHints":{"allow":["GET"]}}],"collection":[{"href":"https:\/\/www.rizoma.com\/de\/wp-json\/wp\/v2\/product"}],"about":[{"href":"https:\/\/www.rizoma.com\/de\/wp-json\/wp\/v2\/types\/product"}],"wp:featuredmedia":[{"embeddable":true,"href":"https:\/\/www.rizoma.com\/de\/wp-json\/wp\/v2\/media\/328483"}],"wp:attachment":[{"href":"https:\/\/www.rizoma.com\/de\/wp-json\/wp\/v2\/media?parent=328546"}],"wp:term":[{"taxonomy":"rizoma_assembly_time","embeddable":true,"href":"https:\/\/www.rizoma.com\/de\/wp-json\/wp\/v2\/rizoma_assembly_time?post=328546"},{"taxonomy":"rizoma_bike","embeddable":true,"href":"https:\/\/www.rizoma.com\/de\/wp-json\/wp\/v2\/rizoma_bike?post=328546"},{"taxonomy":"rizoma_division","embeddable":true,"href":"https:\/\/www.rizoma.com\/de\/wp-json\/wp\/v2\/rizoma_division?post=328546"},{"taxonomy":"rizoma_family","embeddable":true,"href":"https:\/\/www.rizoma.com\/de\/wp-json\/wp\/v2\/rizoma_family?post=328546"},{"taxonomy":"rizoma_model_category","embeddable":true,"href":"https:\/\/www.rizoma.com\/de\/wp-json\/wp\/v2\/rizoma_model_category?post=328546"},{"taxonomy":"rizoma_product_template","embeddable":true,"href":"https:\/\/www.rizoma.com\/de\/wp-json\/wp\/v2\/rizoma_product_template?post=328546"},{"taxonomy":"product_brand","embeddable":true,"href":"https:\/\/www.rizoma.com\/de\/wp-json\/wp\/v2\/product_brand?post=328546"},{"taxonomy":"product_cat","embeddable":true,"href":"https:\/\/www.rizoma.com\/de\/wp-json\/wp\/v2\/product_cat?post=328546"},{"taxonomy":"product_tag","embeddable":true,"href":"https:\/\/www.rizoma.com\/de\/wp-json\/wp\/v2\/product_tag?post=328546"}],"curies":[{"name":"wp","href":"https:\/\/api.w.org\/{rel}","templated":true}]}}