{"id":327864,"date":"2025-03-11T04:05:20","date_gmt":"2025-03-11T03:05:20","guid":{"rendered":"https:\/\/www.rizoma.com\/negozio\/kupplungsschutz-zbw109\/"},"modified":"2025-10-05T09:24:47","modified_gmt":"2025-10-05T07:24:47","slug":"kupplungsschutz-zbw109","status":"publish","type":"product","link":"https:\/\/www.rizoma.com\/de\/negozio\/mehr-fur-ihre-bmw\/ZBW109\/kupplungsschutz-zbw109\/","title":{"rendered":"Kupplungsschutz"},"content":{"rendered":"<p>Ein Design-Meisterwerk, ein klares Bekenntnis zur Versch\u00f6nerungs-Vision von Rizoma, der ultimative Ausdruck der CNC-gefr\u00e4sten Aluminiumbearbeitung und die perfekte Kombination von Form und Funktion.<\/p>\n<p>Die randlose Aluminium-Abdeckung ist mit einem hochmodernen klaren Lexan-Fenster ausgestattet, das Enthusiasten die M\u00f6glichkeit bietet, die Sch\u00f6nheit des Kupplungsdesigns zu pr\u00e4sentieren und zu bewundern.<\/p>\n<p>Die internen Komponenten wurden entwickelt, um sowohl \u00e4sthetische als auch technische Exzellenz sicherzustellen.<\/p>\n<p>Das Clutch Vent System, bestehend aus einer leichten Aluminium-Druckplatte und Druckring, ist speziell f\u00fcr die maximale Optimierung des Kupplungs\u00f6lkreislaufs innerhalb der Abdeckung konzipiert. Zus\u00e4tzlich hat Rizoma Titan-Schrauben f\u00fcr die Befestigung der inneren Teile ausgew\u00e4hlt, um bewegte Massen zu minimieren und die mechanische St\u00e4rke zu erh\u00f6hen.<\/p>\n<p>F\u00fcr ein besseres Kauf- und Montageerlebnis wird die Kupplungsabdeckung als Kit verkauft, das alle f\u00fcr den vollst\u00e4ndigen Austausch der OEM-Komponenten erforderlichen Teile enth\u00e4lt, Inklusive einer \u00d6lverschlussschraube aus Aluminium (aus dem Vollen gefr\u00e4st) und vorgefertigten Nadellager-Rollern f\u00fcr die Freigabewelle.<\/p>\n<p>Das Produkt wurde f\u00fcr eine schnelle Plug-and-Play-Installation entwickelt.<\/p>\n","protected":false},"excerpt":{"rendered":"<p>Ein Design-Meisterwerk, ein klares Bekenntnis zur Versch\u00f6nerungs-Vision von Rizoma, der ultimative Ausdruck der CNC-gefr\u00e4sten Aluminiumbearbeitung und die perfekte Kombination von Form und Funktion. Die randlose Aluminium-Abdeckung ist mit einem hochmodernen klaren Lexan-Fenster ausgestattet, das Enthusiasten die M\u00f6glichkeit bietet, die Sch\u00f6nheit des Kupplungsdesigns zu pr\u00e4sentieren und zu bewundern. Die internen Komponenten wurden entwickelt, um sowohl \u00e4sthetische [&hellip;]<\/p>\n","protected":false},"featured_media":327858,"template":"","meta":{"_acf_changed":false},"rizoma_assembly_time":[42691],"rizoma_bike":[42516,43912,43707,42345,43913,42167,42302,42574,43701,42236,42607],"rizoma_division":[42652],"rizoma_family":[],"rizoma_model_category":[],"rizoma_product_template":[],"product_brand":[],"product_cat":[42782],"product_tag":[],"class_list":{"0":"post-327864","1":"product","2":"type-product","3":"status-publish","4":"has-post-thumbnail","6":"rizoma_bike-m-1000-r-2023-24","7":"rizoma_bike-m-1000-r-2025-26","8":"rizoma_bike-m-1000-xr-2024-26","9":"rizoma_bike-s-1000-r-2021-24","10":"rizoma_bike-s-1000-r-2025-26","11":"rizoma_bike-s-1000-rr-2019-20","12":"rizoma_bike-s-1000-rr-2021-22","13":"rizoma_bike-s-1000-rr-2023-24","14":"rizoma_bike-s-1000-rr-2025-26","15":"rizoma_bike-s-1000-xr-2020-23","16":"rizoma_bike-s-1000-xr-2024-26","17":"product_cat-mehr-fur-ihre-bmw","19":"first","20":"instock","21":"taxable","22":"shipping-taxable","23":"purchasable","24":"product-type-variable"},"acf":[],"_links":{"self":[{"href":"https:\/\/www.rizoma.com\/de\/wp-json\/wp\/v2\/product\/327864","targetHints":{"allow":["GET"]}}],"collection":[{"href":"https:\/\/www.rizoma.com\/de\/wp-json\/wp\/v2\/product"}],"about":[{"href":"https:\/\/www.rizoma.com\/de\/wp-json\/wp\/v2\/types\/product"}],"wp:featuredmedia":[{"embeddable":true,"href":"https:\/\/www.rizoma.com\/de\/wp-json\/wp\/v2\/media\/327858"}],"wp:attachment":[{"href":"https:\/\/www.rizoma.com\/de\/wp-json\/wp\/v2\/media?parent=327864"}],"wp:term":[{"taxonomy":"rizoma_assembly_time","embeddable":true,"href":"https:\/\/www.rizoma.com\/de\/wp-json\/wp\/v2\/rizoma_assembly_time?post=327864"},{"taxonomy":"rizoma_bike","embeddable":true,"href":"https:\/\/www.rizoma.com\/de\/wp-json\/wp\/v2\/rizoma_bike?post=327864"},{"taxonomy":"rizoma_division","embeddable":true,"href":"https:\/\/www.rizoma.com\/de\/wp-json\/wp\/v2\/rizoma_division?post=327864"},{"taxonomy":"rizoma_family","embeddable":true,"href":"https:\/\/www.rizoma.com\/de\/wp-json\/wp\/v2\/rizoma_family?post=327864"},{"taxonomy":"rizoma_model_category","embeddable":true,"href":"https:\/\/www.rizoma.com\/de\/wp-json\/wp\/v2\/rizoma_model_category?post=327864"},{"taxonomy":"rizoma_product_template","embeddable":true,"href":"https:\/\/www.rizoma.com\/de\/wp-json\/wp\/v2\/rizoma_product_template?post=327864"},{"taxonomy":"product_brand","embeddable":true,"href":"https:\/\/www.rizoma.com\/de\/wp-json\/wp\/v2\/product_brand?post=327864"},{"taxonomy":"product_cat","embeddable":true,"href":"https:\/\/www.rizoma.com\/de\/wp-json\/wp\/v2\/product_cat?post=327864"},{"taxonomy":"product_tag","embeddable":true,"href":"https:\/\/www.rizoma.com\/de\/wp-json\/wp\/v2\/product_tag?post=327864"}],"curies":[{"name":"wp","href":"https:\/\/api.w.org\/{rel}","templated":true}]}}