{"id":325920,"date":"2024-11-29T16:50:02","date_gmt":"2024-11-29T15:50:02","guid":{"rendered":"https:\/\/www.rizoma.com\/negozio\/kupplungshebel-3d-lcj211\/"},"modified":"2025-07-16T16:56:16","modified_gmt":"2025-07-16T14:56:16","slug":"kupplungshebel-3d-lcj211","status":"publish","type":"product","link":"https:\/\/www.rizoma.com\/de\/negozio\/brems-kupplungshebel\/LCJ211\/kupplungshebel-3d-lcj211\/motorbike\/12320\/ducati\/scrambler-800\/","title":{"rendered":"Kupplungshebel 3D"},"content":{"rendered":"<p>Aerodynamik und Grip. Die Entwicklung der 3D-Hebel ist das Ergebnis von umfassenden Analysen und Windkanaltests. Es ist erwiesen, dass der Luftdruck, der beim Sporteinsatz bei hohen Geschwindigkeiten entsteht, erhebliche Auswirkungen auf das Bremssystem hat. Um diesen Effekt zu reduzieren, wurde am \u00e4u\u00dferen Hebelende eine Aussparung eingearbeitet, die den vorhandenen Druck auf ein Minimum abbaut und eine optimale Funktion gew\u00e4hrleistet. Die aus dem Vollen gearbeiteten und eloxierten Aluminiumhebel verf\u00fcgen \u00fcber gro\u00dfz\u00fcgige Einstellm\u00f6glichkeiten, wobei Buchsen mit R\u00fcckholfedern f\u00fcr Pr\u00e4zision und Zuverl\u00e4ssigkeit sorgen. Durch das Gelenk klappt der Hebel bei St\u00fcrzen hoch, was ihn vor Br\u00fcchen sch\u00fctzt. Das Oberfl\u00e4chenfinish bietet optimalen Grip und wird durch farbige Silikonringe abgerundet, die nicht nur eine zus\u00e4tzliche Individualisierung erm\u00f6glichen, sondern auch f\u00fcr besseren Halt beim Verstellen des Hebels sorgen.<\/p>\n","protected":false},"excerpt":{"rendered":"<p>Aerodynamik und Grip. Die Entwicklung der 3D-Hebel ist das Ergebnis von umfassenden Analysen und Windkanaltests. Es ist erwiesen, dass der Luftdruck, der beim Sporteinsatz bei hohen Geschwindigkeiten entsteht, erhebliche Auswirkungen auf das Bremssystem hat. Um diesen Effekt zu reduzieren, wurde am \u00e4u\u00dferen Hebelende eine Aussparung eingearbeitet, die den vorhandenen Druck auf ein Minimum abbaut und [&hellip;]<\/p>\n","protected":false},"featured_media":294347,"template":"","meta":{"_acf_changed":false},"rizoma_assembly_time":[42675],"rizoma_bike":[42610,42611,42626,44036],"rizoma_division":[42652],"rizoma_family":[42803],"rizoma_model_category":[],"rizoma_product_template":[],"product_brand":[],"product_cat":[42808],"product_tag":[],"class_list":{"0":"post-325920","1":"product","2":"type-product","3":"status-publish","4":"has-post-thumbnail","6":"rizoma_bike-mt-09-2024-26","7":"rizoma_bike-mt-09-sp-2024-26","8":"rizoma_bike-xsr-900-gp-2024-26","9":"rizoma_bike-yzf-r9-2025-26","10":"product_cat-brems-kupplungshebel","12":"first","13":"instock","14":"taxable","15":"shipping-taxable","16":"purchasable","17":"product-type-variable"},"acf":[],"_links":{"self":[{"href":"https:\/\/www.rizoma.com\/de\/wp-json\/wp\/v2\/product\/325920","targetHints":{"allow":["GET"]}}],"collection":[{"href":"https:\/\/www.rizoma.com\/de\/wp-json\/wp\/v2\/product"}],"about":[{"href":"https:\/\/www.rizoma.com\/de\/wp-json\/wp\/v2\/types\/product"}],"wp:featuredmedia":[{"embeddable":true,"href":"https:\/\/www.rizoma.com\/de\/wp-json\/wp\/v2\/media\/294347"}],"wp:attachment":[{"href":"https:\/\/www.rizoma.com\/de\/wp-json\/wp\/v2\/media?parent=325920"}],"wp:term":[{"taxonomy":"rizoma_assembly_time","embeddable":true,"href":"https:\/\/www.rizoma.com\/de\/wp-json\/wp\/v2\/rizoma_assembly_time?post=325920"},{"taxonomy":"rizoma_bike","embeddable":true,"href":"https:\/\/www.rizoma.com\/de\/wp-json\/wp\/v2\/rizoma_bike?post=325920"},{"taxonomy":"rizoma_division","embeddable":true,"href":"https:\/\/www.rizoma.com\/de\/wp-json\/wp\/v2\/rizoma_division?post=325920"},{"taxonomy":"rizoma_family","embeddable":true,"href":"https:\/\/www.rizoma.com\/de\/wp-json\/wp\/v2\/rizoma_family?post=325920"},{"taxonomy":"rizoma_model_category","embeddable":true,"href":"https:\/\/www.rizoma.com\/de\/wp-json\/wp\/v2\/rizoma_model_category?post=325920"},{"taxonomy":"rizoma_product_template","embeddable":true,"href":"https:\/\/www.rizoma.com\/de\/wp-json\/wp\/v2\/rizoma_product_template?post=325920"},{"taxonomy":"product_brand","embeddable":true,"href":"https:\/\/www.rizoma.com\/de\/wp-json\/wp\/v2\/product_brand?post=325920"},{"taxonomy":"product_cat","embeddable":true,"href":"https:\/\/www.rizoma.com\/de\/wp-json\/wp\/v2\/product_cat?post=325920"},{"taxonomy":"product_tag","embeddable":true,"href":"https:\/\/www.rizoma.com\/de\/wp-json\/wp\/v2\/product_tag?post=325920"}],"curies":[{"name":"wp","href":"https:\/\/api.w.org\/{rel}","templated":true}]}}