{"id":318568,"date":"2024-11-21T17:53:52","date_gmt":"2024-11-21T16:53:52","guid":{"rendered":"https:\/\/rwp.rizoma.com\/negozio\/reflektor-kit-kennzeichentrager-ee195\/"},"modified":"2025-11-22T00:07:31","modified_gmt":"2025-11-21T23:07:31","slug":"reflektor-kit-kennzeichentrager-ee195","status":"publish","type":"product","link":"https:\/\/www.rizoma.com\/de\/negozio\/kennzeichentrager\/EE195\/reflektor-kit-kennzeichentrager-ee195\/motorbike\/9277\/ducati\/hyperstrada-939\/","title":{"rendered":"Reflektor-Kit Kennzeichentr\u00e4ger"},"content":{"rendered":"<p>Das stra\u00dfenzugelassene Reflektor-Kit f\u00fcr Kennzeichentr\u00e4ger ist leicht zu montieren und auf unterschiedlichste Kennzeichentr\u00e4ger angepasst werden. Das Reflektor-Kit sind mit allen Rizoma-Kennzeichentr\u00e4ger kompatibel.<\/p>\n","protected":false},"excerpt":{"rendered":"<p>Das stra\u00dfenzugelassene Reflektor-Kit f\u00fcr Kennzeichentr\u00e4ger ist leicht zu montieren und auf unterschiedlichste Kennzeichentr\u00e4ger angepasst werden. Das Reflektor-Kit sind mit allen Rizoma-Kennzeichentr\u00e4ger kompatibel.<\/p>\n","protected":false},"featured_media":308351,"template":"","meta":{"_acf_changed":false},"rizoma_assembly_time":[42753],"rizoma_bike":[],"rizoma_division":[42652],"rizoma_family":[42915],"rizoma_model_category":[],"rizoma_product_template":[],"product_brand":[],"product_cat":[42767],"product_tag":[],"class_list":{"0":"post-318568","1":"product","2":"type-product","3":"status-publish","4":"has-post-thumbnail","6":"product_cat-kennzeichentrager","8":"first","9":"instock","10":"taxable","11":"shipping-taxable","12":"purchasable","13":"product-type-variable"},"acf":[],"_links":{"self":[{"href":"https:\/\/www.rizoma.com\/de\/wp-json\/wp\/v2\/product\/318568","targetHints":{"allow":["GET"]}}],"collection":[{"href":"https:\/\/www.rizoma.com\/de\/wp-json\/wp\/v2\/product"}],"about":[{"href":"https:\/\/www.rizoma.com\/de\/wp-json\/wp\/v2\/types\/product"}],"wp:featuredmedia":[{"embeddable":true,"href":"https:\/\/www.rizoma.com\/de\/wp-json\/wp\/v2\/media\/308351"}],"wp:attachment":[{"href":"https:\/\/www.rizoma.com\/de\/wp-json\/wp\/v2\/media?parent=318568"}],"wp:term":[{"taxonomy":"rizoma_assembly_time","embeddable":true,"href":"https:\/\/www.rizoma.com\/de\/wp-json\/wp\/v2\/rizoma_assembly_time?post=318568"},{"taxonomy":"rizoma_bike","embeddable":true,"href":"https:\/\/www.rizoma.com\/de\/wp-json\/wp\/v2\/rizoma_bike?post=318568"},{"taxonomy":"rizoma_division","embeddable":true,"href":"https:\/\/www.rizoma.com\/de\/wp-json\/wp\/v2\/rizoma_division?post=318568"},{"taxonomy":"rizoma_family","embeddable":true,"href":"https:\/\/www.rizoma.com\/de\/wp-json\/wp\/v2\/rizoma_family?post=318568"},{"taxonomy":"rizoma_model_category","embeddable":true,"href":"https:\/\/www.rizoma.com\/de\/wp-json\/wp\/v2\/rizoma_model_category?post=318568"},{"taxonomy":"rizoma_product_template","embeddable":true,"href":"https:\/\/www.rizoma.com\/de\/wp-json\/wp\/v2\/rizoma_product_template?post=318568"},{"taxonomy":"product_brand","embeddable":true,"href":"https:\/\/www.rizoma.com\/de\/wp-json\/wp\/v2\/product_brand?post=318568"},{"taxonomy":"product_cat","embeddable":true,"href":"https:\/\/www.rizoma.com\/de\/wp-json\/wp\/v2\/product_cat?post=318568"},{"taxonomy":"product_tag","embeddable":true,"href":"https:\/\/www.rizoma.com\/de\/wp-json\/wp\/v2\/product_tag?post=318568"}],"curies":[{"name":"wp","href":"https:\/\/api.w.org\/{rel}","templated":true}]}}