{"id":318548,"date":"2024-11-21T17:53:24","date_gmt":"2024-11-21T16:53:24","guid":{"rendered":"https:\/\/rwp.rizoma.com\/negozio\/verkabelung-fur-die-vordere-rizoma-blinker-ee217\/"},"modified":"2026-02-06T12:48:21","modified_gmt":"2026-02-06T11:48:21","slug":"verkabelung-fur-die-vordere-rizoma-blinker-ee217","status":"publish","type":"product","link":"https:\/\/www.rizoma.com\/de\/negozio\/blinker\/EE217\/verkabelung-fur-die-vordere-rizoma-blinker-ee217\/","title":{"rendered":"Verkabelung f\u00fcr die vordere Rizoma Blinker"},"content":{"rendered":"<p>Die Rizoma-Verkabelung wird f\u00fcr die Montage von Rizoma-Blinkern sowie f\u00fcr Rizoma-Spiegel mit integrierten Blinkern ben\u00f6tigt.<br \/>Es wird empfohlen, vor der Bestellung die technischen Zeichnungen zu kontrollieren. Jedes Kit enth\u00e4lt 2 Verkabelungen. F\u00fcr die Montage von 4 Blinkern werden 1 Kits ben\u00f6tigt.<\/p>\n","protected":false},"excerpt":{"rendered":"<p>Die Rizoma-Verkabelung wird f\u00fcr die Montage von Rizoma-Blinkern sowie f\u00fcr Rizoma-Spiegel mit integrierten Blinkern ben\u00f6tigt.Es wird empfohlen, vor der Bestellung die technischen Zeichnungen zu kontrollieren. Jedes Kit enth\u00e4lt 2 Verkabelungen. F\u00fcr die Montage von 4 Blinkern werden 1 Kits ben\u00f6tigt.<\/p>\n","protected":false},"featured_media":313269,"template":"","meta":{"_acf_changed":false},"rizoma_assembly_time":[42664],"rizoma_bike":[42619,44429],"rizoma_division":[42652],"rizoma_family":[42859],"rizoma_model_category":[],"rizoma_product_template":[],"product_brand":[],"product_cat":[42715],"product_tag":[],"class_list":{"0":"post-318548","1":"product","2":"type-product","3":"status-publish","4":"has-post-thumbnail","6":"rizoma_bike-990-duke-2024-26","7":"rizoma_bike-990-duke-r-2026","8":"product_cat-blinker","10":"first","11":"instock","12":"taxable","13":"shipping-taxable","14":"purchasable","15":"product-type-variable"},"acf":[],"_links":{"self":[{"href":"https:\/\/www.rizoma.com\/de\/wp-json\/wp\/v2\/product\/318548","targetHints":{"allow":["GET"]}}],"collection":[{"href":"https:\/\/www.rizoma.com\/de\/wp-json\/wp\/v2\/product"}],"about":[{"href":"https:\/\/www.rizoma.com\/de\/wp-json\/wp\/v2\/types\/product"}],"wp:featuredmedia":[{"embeddable":true,"href":"https:\/\/www.rizoma.com\/de\/wp-json\/wp\/v2\/media\/313269"}],"wp:attachment":[{"href":"https:\/\/www.rizoma.com\/de\/wp-json\/wp\/v2\/media?parent=318548"}],"wp:term":[{"taxonomy":"rizoma_assembly_time","embeddable":true,"href":"https:\/\/www.rizoma.com\/de\/wp-json\/wp\/v2\/rizoma_assembly_time?post=318548"},{"taxonomy":"rizoma_bike","embeddable":true,"href":"https:\/\/www.rizoma.com\/de\/wp-json\/wp\/v2\/rizoma_bike?post=318548"},{"taxonomy":"rizoma_division","embeddable":true,"href":"https:\/\/www.rizoma.com\/de\/wp-json\/wp\/v2\/rizoma_division?post=318548"},{"taxonomy":"rizoma_family","embeddable":true,"href":"https:\/\/www.rizoma.com\/de\/wp-json\/wp\/v2\/rizoma_family?post=318548"},{"taxonomy":"rizoma_model_category","embeddable":true,"href":"https:\/\/www.rizoma.com\/de\/wp-json\/wp\/v2\/rizoma_model_category?post=318548"},{"taxonomy":"rizoma_product_template","embeddable":true,"href":"https:\/\/www.rizoma.com\/de\/wp-json\/wp\/v2\/rizoma_product_template?post=318548"},{"taxonomy":"product_brand","embeddable":true,"href":"https:\/\/www.rizoma.com\/de\/wp-json\/wp\/v2\/product_brand?post=318548"},{"taxonomy":"product_cat","embeddable":true,"href":"https:\/\/www.rizoma.com\/de\/wp-json\/wp\/v2\/product_cat?post=318548"},{"taxonomy":"product_tag","embeddable":true,"href":"https:\/\/www.rizoma.com\/de\/wp-json\/wp\/v2\/product_tag?post=318548"}],"curies":[{"name":"wp","href":"https:\/\/api.w.org\/{rel}","templated":true}]}}