{"id":318463,"date":"2024-11-21T17:51:27","date_gmt":"2024-11-21T16:51:27","guid":{"rendered":"https:\/\/rwp.rizoma.com\/negozio\/seitenstanderverbreiterung-zbw115\/"},"modified":"2025-10-10T14:38:13","modified_gmt":"2025-10-10T12:38:13","slug":"seitenstanderverbreiterung-zbw115","status":"publish","type":"product","link":"https:\/\/www.rizoma.com\/de\/negozio\/mehr-fur-ihre-bmw\/ZBW115\/seitenstanderverbreiterung-zbw115\/","title":{"rendered":"Seitenst\u00e4nderverbreiterung"},"content":{"rendered":"<p>Die aus dem Vollen gearbeitete Rizoma-Seitenst\u00e4nderverbreiterung aus Aluminium ist exakt so konzipiert, dass der Fahrer w\u00e4hrend der Fahrt nicht beeintr\u00e4chtigt wird. Das Rizoma Design eine breitere Basis, um die Stabilit\u00e4t zu erh\u00f6hen, auch im Falle von hei\u00dfem Asphalt oder rutschigem Pflaster. Ein ebenso funktionelles wie optisch ansprechendes Detail.<\/p>\n","protected":false},"excerpt":{"rendered":"<p>Die aus dem Vollen gearbeitete Rizoma-Seitenst\u00e4nderverbreiterung aus Aluminium ist exakt so konzipiert, dass der Fahrer w\u00e4hrend der Fahrt nicht beeintr\u00e4chtigt wird. Das Rizoma Design eine breitere Basis, um die Stabilit\u00e4t zu erh\u00f6hen, auch im Falle von hei\u00dfem Asphalt oder rutschigem Pflaster. Ein ebenso funktionelles wie optisch ansprechendes Detail.<\/p>\n","protected":false},"featured_media":309151,"template":"","meta":{"_acf_changed":false},"rizoma_assembly_time":[42664],"rizoma_bike":[42591,43394,42604,42605,42606],"rizoma_division":[42652],"rizoma_family":[],"rizoma_model_category":[],"rizoma_product_template":[],"product_brand":[],"product_cat":[42782],"product_tag":[],"class_list":{"0":"post-318463","1":"product","2":"type-product","3":"status-publish","4":"has-post-thumbnail","6":"rizoma_bike-r-1300-gs-2023-26","7":"rizoma_bike-r-1300-gs-asa-2024-26","8":"rizoma_bike-r-1300-gs-option-719-tramuntana-2023-26","9":"rizoma_bike-r-1300-gs-triple-black-2023-26","10":"rizoma_bike-r-1300-gs-trophy-2023-26","11":"product_cat-mehr-fur-ihre-bmw","13":"first","14":"instock","15":"taxable","16":"shipping-taxable","17":"purchasable","18":"product-type-variable"},"acf":[],"_links":{"self":[{"href":"https:\/\/www.rizoma.com\/de\/wp-json\/wp\/v2\/product\/318463","targetHints":{"allow":["GET"]}}],"collection":[{"href":"https:\/\/www.rizoma.com\/de\/wp-json\/wp\/v2\/product"}],"about":[{"href":"https:\/\/www.rizoma.com\/de\/wp-json\/wp\/v2\/types\/product"}],"wp:featuredmedia":[{"embeddable":true,"href":"https:\/\/www.rizoma.com\/de\/wp-json\/wp\/v2\/media\/309151"}],"wp:attachment":[{"href":"https:\/\/www.rizoma.com\/de\/wp-json\/wp\/v2\/media?parent=318463"}],"wp:term":[{"taxonomy":"rizoma_assembly_time","embeddable":true,"href":"https:\/\/www.rizoma.com\/de\/wp-json\/wp\/v2\/rizoma_assembly_time?post=318463"},{"taxonomy":"rizoma_bike","embeddable":true,"href":"https:\/\/www.rizoma.com\/de\/wp-json\/wp\/v2\/rizoma_bike?post=318463"},{"taxonomy":"rizoma_division","embeddable":true,"href":"https:\/\/www.rizoma.com\/de\/wp-json\/wp\/v2\/rizoma_division?post=318463"},{"taxonomy":"rizoma_family","embeddable":true,"href":"https:\/\/www.rizoma.com\/de\/wp-json\/wp\/v2\/rizoma_family?post=318463"},{"taxonomy":"rizoma_model_category","embeddable":true,"href":"https:\/\/www.rizoma.com\/de\/wp-json\/wp\/v2\/rizoma_model_category?post=318463"},{"taxonomy":"rizoma_product_template","embeddable":true,"href":"https:\/\/www.rizoma.com\/de\/wp-json\/wp\/v2\/rizoma_product_template?post=318463"},{"taxonomy":"product_brand","embeddable":true,"href":"https:\/\/www.rizoma.com\/de\/wp-json\/wp\/v2\/product_brand?post=318463"},{"taxonomy":"product_cat","embeddable":true,"href":"https:\/\/www.rizoma.com\/de\/wp-json\/wp\/v2\/product_cat?post=318463"},{"taxonomy":"product_tag","embeddable":true,"href":"https:\/\/www.rizoma.com\/de\/wp-json\/wp\/v2\/product_tag?post=318463"}],"curies":[{"name":"wp","href":"https:\/\/api.w.org\/{rel}","templated":true}]}}