{"id":318283,"date":"2024-11-21T17:47:05","date_gmt":"2024-11-21T16:47:05","guid":{"rendered":"https:\/\/rwp.rizoma.com\/negozio\/multifit-montagesatz-end-mount-bs831\/"},"modified":"2025-01-14T11:21:28","modified_gmt":"2025-01-14T10:21:28","slug":"multifit-montagesatz-end-mount-bs831","status":"publish","type":"product","link":"https:\/\/www.rizoma.com\/de\/negozio\/spiegel\/BS831\/multifit-montagesatz-end-mount-bs831\/","title":{"rendered":"Multifit Montagesatz End Mount"},"content":{"rendered":"<p>Jeder Spiegeladapter wurde eigens f\u00fcr das entsprechende Motorradmodell entwickelt, um eine bestm\u00f6gliche Befestigung am Lenker zu gew\u00e4hrleisten, und vereint Funktionalit\u00e4t und Komfort bei gleichzeitiger Ber\u00fccksichtigung der \u00c4sthetik.<br \/>Adapter BS831B kompatibel mit Lenkern ab 25,4 mm Au\u00dfendurchmesser und Innendurchmesser von 21 bis 23 mm.<\/p>\n","protected":false},"excerpt":{"rendered":"<p>Jeder Spiegeladapter wurde eigens f\u00fcr das entsprechende Motorradmodell entwickelt, um eine bestm\u00f6gliche Befestigung am Lenker zu gew\u00e4hrleisten, und vereint Funktionalit\u00e4t und Komfort bei gleichzeitiger Ber\u00fccksichtigung der \u00c4sthetik.Adapter BS831B kompatibel mit Lenkern ab 25,4 mm Au\u00dfendurchmesser und Innendurchmesser von 21 bis 23 mm.<\/p>\n","protected":false},"featured_media":297587,"template":"","meta":{"_acf_changed":false},"rizoma_assembly_time":[42664],"rizoma_bike":[43787,43808,43800,43796,43798,43811,43795,43781,43820,43812,43785,43816],"rizoma_division":[42652],"rizoma_family":[42668],"rizoma_model_category":[],"rizoma_product_template":[],"product_brand":[],"product_cat":[42673],"product_tag":[],"class_list":{"0":"post-318283","1":"product","2":"type-product","3":"status-publish","4":"has-post-thumbnail","6":"rizoma_bike-107-breakout-2018-19-fxbr","7":"rizoma_bike-107-fat-bob-2017-20-fxfb","8":"rizoma_bike-107-fat-boy-2017-20-flfb","9":"rizoma_bike-107-low-rider-2018-20-fxlr","10":"rizoma_bike-107-slim-2018-20-flsl","11":"rizoma_bike-107-street-bob-2018-20-fxbb","12":"rizoma_bike-114-breakout-2018-20-fxbrs","13":"rizoma_bike-114-fat-bob-2018-20-fxfbs","14":"rizoma_bike-114-fat-boy-2018-20-flfbs","15":"rizoma_bike-114-fxdr-2019-20","16":"rizoma_bike-1200-forty-eight-2016-20","17":"rizoma_bike-softail-slim-2011-17-fls","18":"product_cat-spiegel","20":"first","21":"instock","22":"taxable","23":"shipping-taxable","24":"purchasable","25":"product-type-variable"},"acf":[],"_links":{"self":[{"href":"https:\/\/www.rizoma.com\/de\/wp-json\/wp\/v2\/product\/318283","targetHints":{"allow":["GET"]}}],"collection":[{"href":"https:\/\/www.rizoma.com\/de\/wp-json\/wp\/v2\/product"}],"about":[{"href":"https:\/\/www.rizoma.com\/de\/wp-json\/wp\/v2\/types\/product"}],"wp:featuredmedia":[{"embeddable":true,"href":"https:\/\/www.rizoma.com\/de\/wp-json\/wp\/v2\/media\/297587"}],"wp:attachment":[{"href":"https:\/\/www.rizoma.com\/de\/wp-json\/wp\/v2\/media?parent=318283"}],"wp:term":[{"taxonomy":"rizoma_assembly_time","embeddable":true,"href":"https:\/\/www.rizoma.com\/de\/wp-json\/wp\/v2\/rizoma_assembly_time?post=318283"},{"taxonomy":"rizoma_bike","embeddable":true,"href":"https:\/\/www.rizoma.com\/de\/wp-json\/wp\/v2\/rizoma_bike?post=318283"},{"taxonomy":"rizoma_division","embeddable":true,"href":"https:\/\/www.rizoma.com\/de\/wp-json\/wp\/v2\/rizoma_division?post=318283"},{"taxonomy":"rizoma_family","embeddable":true,"href":"https:\/\/www.rizoma.com\/de\/wp-json\/wp\/v2\/rizoma_family?post=318283"},{"taxonomy":"rizoma_model_category","embeddable":true,"href":"https:\/\/www.rizoma.com\/de\/wp-json\/wp\/v2\/rizoma_model_category?post=318283"},{"taxonomy":"rizoma_product_template","embeddable":true,"href":"https:\/\/www.rizoma.com\/de\/wp-json\/wp\/v2\/rizoma_product_template?post=318283"},{"taxonomy":"product_brand","embeddable":true,"href":"https:\/\/www.rizoma.com\/de\/wp-json\/wp\/v2\/product_brand?post=318283"},{"taxonomy":"product_cat","embeddable":true,"href":"https:\/\/www.rizoma.com\/de\/wp-json\/wp\/v2\/product_cat?post=318283"},{"taxonomy":"product_tag","embeddable":true,"href":"https:\/\/www.rizoma.com\/de\/wp-json\/wp\/v2\/product_tag?post=318283"}],"curies":[{"name":"wp","href":"https:\/\/api.w.org\/{rel}","templated":true}]}}