{"id":318253,"date":"2024-11-21T17:46:24","date_gmt":"2024-11-21T16:46:24","guid":{"rendered":"https:\/\/rwp.rizoma.com\/negozio\/spiegellosung-fur-o-22-mm-lenker-bs770\/"},"modified":"2025-01-14T10:39:18","modified_gmt":"2025-01-14T09:39:18","slug":"spiegellosung-fur-o-22-mm-lenker-bs770","status":"publish","type":"product","link":"https:\/\/www.rizoma.com\/de\/negozio\/spiegel\/BS770\/spiegellosung-fur-o-22-mm-lenker-bs770\/","title":{"rendered":"Spiegell\u00f6sung f\u00fcr \u00d8 22 mm Lenker"},"content":{"rendered":"<p>Dieser Adapter ist als Ersatz f\u00fcr die OEM-Klemme (mit 32 mm Lochabstand) im hinteren Teil der Brems-\/Kupplungspumpe und f\u00fcr Lenker mit 22 mm Durchmesser ausgelegt. In Kombination mit dem Montagesatz Side Mount k\u00f6nnen Spiegel mit Gewinde M10x1.25 montiert werden.<br \/>Der mit der Linienf\u00fchrung des Spiegels harmonierende Adapter stellt die Designkontinuit\u00e4t sicher und vereint Funktionalit\u00e4t und Komfort bei gleichzeitiger Ber\u00fccksichtigung der \u00c4sthetik. Auch dieser Adapter ist f\u00fcr Robustheit und Langlebigkeit aus Aluminium gearbeitet.<\/p>\n","protected":false},"excerpt":{"rendered":"<p>Dieser Adapter ist als Ersatz f\u00fcr die OEM-Klemme (mit 32 mm Lochabstand) im hinteren Teil der Brems-\/Kupplungspumpe und f\u00fcr Lenker mit 22 mm Durchmesser ausgelegt. In Kombination mit dem Montagesatz Side Mount k\u00f6nnen Spiegel mit Gewinde M10x1.25 montiert werden.Der mit der Linienf\u00fchrung des Spiegels harmonierende Adapter stellt die Designkontinuit\u00e4t sicher und vereint Funktionalit\u00e4t und Komfort [&hellip;]<\/p>\n","protected":false},"featured_media":297422,"template":"","meta":{"_acf_changed":false},"rizoma_assembly_time":[42664],"rizoma_bike":[41461,42082,41923,42152,41924,42551,42593,43389,42144,42522,42115,42116,41941,42169,42396,43684,42475,43683,42603,42528,42549,42045,42208],"rizoma_division":[42652],"rizoma_family":[42668],"rizoma_model_category":[],"rizoma_product_template":[],"product_brand":[],"product_cat":[42673],"product_tag":[],"class_list":{"0":"post-318253","1":"product","2":"type-product","3":"status-publish","4":"has-post-thumbnail","6":"rizoma_bike-monster-1100-evo-2011-12","7":"rizoma_bike-monster-821-2018-20","8":"rizoma_bike-monster-821-dark-abs-2014-16","9":"rizoma_bike-monster-821-stealth-2019-20","10":"rizoma_bike-monster-821-stripe-abs-2015-17","11":"rizoma_bike-r-ninet-100-years-2023","12":"rizoma_bike-scrambler-1200-x-2024-26","13":"rizoma_bike-scrambler-1200-x-icon-edition-2025-26","14":"rizoma_bike-scrambler-1200-xc-2019-20","15":"rizoma_bike-scrambler-800-nightshift-2023-24","16":"rizoma_bike-speed-triple-1050-rs-2018-20","17":"rizoma_bike-speed-triple-1050-s-2018-20","18":"rizoma_bike-speed-triple-1050-s-abs-2016-17","19":"rizoma_bike-speed-twin-1200-2019-20","20":"rizoma_bike-speed-twin-1200-2021-24","21":"rizoma_bike-speed-twin-1200-2025-26","22":"rizoma_bike-speed-twin-1200-breitling-limited-edition-2022-24","23":"rizoma_bike-speed-twin-1200-rs-2025-26","24":"rizoma_bike-speed-twin-1200-stealth-edition-2024","25":"rizoma_bike-street-triple-765-moto2-edition-2023-24","26":"rizoma_bike-street-triple-765-rs-2023-26","27":"rizoma_bike-street-triple-rs-2017-19","28":"rizoma_bike-street-triple-rs-2020-22","29":"product_cat-spiegel","31":"first","32":"instock","33":"taxable","34":"shipping-taxable","35":"purchasable","36":"product-type-variable"},"acf":[],"_links":{"self":[{"href":"https:\/\/www.rizoma.com\/de\/wp-json\/wp\/v2\/product\/318253","targetHints":{"allow":["GET"]}}],"collection":[{"href":"https:\/\/www.rizoma.com\/de\/wp-json\/wp\/v2\/product"}],"about":[{"href":"https:\/\/www.rizoma.com\/de\/wp-json\/wp\/v2\/types\/product"}],"wp:featuredmedia":[{"embeddable":true,"href":"https:\/\/www.rizoma.com\/de\/wp-json\/wp\/v2\/media\/297422"}],"wp:attachment":[{"href":"https:\/\/www.rizoma.com\/de\/wp-json\/wp\/v2\/media?parent=318253"}],"wp:term":[{"taxonomy":"rizoma_assembly_time","embeddable":true,"href":"https:\/\/www.rizoma.com\/de\/wp-json\/wp\/v2\/rizoma_assembly_time?post=318253"},{"taxonomy":"rizoma_bike","embeddable":true,"href":"https:\/\/www.rizoma.com\/de\/wp-json\/wp\/v2\/rizoma_bike?post=318253"},{"taxonomy":"rizoma_division","embeddable":true,"href":"https:\/\/www.rizoma.com\/de\/wp-json\/wp\/v2\/rizoma_division?post=318253"},{"taxonomy":"rizoma_family","embeddable":true,"href":"https:\/\/www.rizoma.com\/de\/wp-json\/wp\/v2\/rizoma_family?post=318253"},{"taxonomy":"rizoma_model_category","embeddable":true,"href":"https:\/\/www.rizoma.com\/de\/wp-json\/wp\/v2\/rizoma_model_category?post=318253"},{"taxonomy":"rizoma_product_template","embeddable":true,"href":"https:\/\/www.rizoma.com\/de\/wp-json\/wp\/v2\/rizoma_product_template?post=318253"},{"taxonomy":"product_brand","embeddable":true,"href":"https:\/\/www.rizoma.com\/de\/wp-json\/wp\/v2\/product_brand?post=318253"},{"taxonomy":"product_cat","embeddable":true,"href":"https:\/\/www.rizoma.com\/de\/wp-json\/wp\/v2\/product_cat?post=318253"},{"taxonomy":"product_tag","embeddable":true,"href":"https:\/\/www.rizoma.com\/de\/wp-json\/wp\/v2\/product_tag?post=318253"}],"curies":[{"name":"wp","href":"https:\/\/api.w.org\/{rel}","templated":true}]}}