{"id":318188,"date":"2024-11-21T17:44:49","date_gmt":"2024-11-21T16:44:49","guid":{"rendered":"https:\/\/rwp.rizoma.com\/negozio\/stealth-bss050\/"},"modified":"2026-01-08T15:58:28","modified_gmt":"2026-01-08T14:58:28","slug":"stealth-bss050","status":"publish","type":"product","link":"https:\/\/www.rizoma.com\/de\/negozio\/spiegel\/BSS050\/stealth-bss050\/","title":{"rendered":"Stealth"},"content":{"rendered":"<p>Entwickelt, um zu verschwinden. Geboren, um dar\u00fcber hinauszugehen. Speziell f\u00fcr Supersport-Motorr\u00e4der entwickelt, wurde Stealth Sport konzipiert, um die visuelle Wirkung auf ein Minimum zu reduzieren und die Luft zu beherrschen. <\/p>\n<p>Zwei Elemente: eine feste Basis, die in die Verkleidung integriert ist, und ein beweglicher K\u00f6rper, der das Glas sch\u00fctzt. Mit einer einzigen Bewegung verdichtet sich die Struktur und verwandelt den Spiegel in einen aerodynamischen Fl\u00fcgel. Das Ergebnis: sp\u00fcrbarer Abtrieb, bis zu 4 kg bei 300 km\/h. Aus einem einzigen Aluminiumblock gefr\u00e4st und mit tiefgehender Eloxierung veredelt, verf\u00fcgt es \u00fcber eine konvexe HD-blauget\u00f6nte Linse f\u00fcr eine klare, blendfreie Sicht.<\/p>\n","protected":false},"excerpt":{"rendered":"<p>Entwickelt, um zu verschwinden. Geboren, um dar\u00fcber hinauszugehen. Speziell f\u00fcr Supersport-Motorr\u00e4der entwickelt, wurde Stealth Sport konzipiert, um die visuelle Wirkung auf ein Minimum zu reduzieren und die Luft zu beherrschen. Zwei Elemente: eine feste Basis, die in die Verkleidung integriert ist, und ein beweglicher K\u00f6rper, der das Glas sch\u00fctzt. Mit einer einzigen Bewegung verdichtet sich [&hellip;]<\/p>\n","protected":false},"featured_media":300717,"template":"","meta":{"_acf_changed":false},"rizoma_assembly_time":[42664],"rizoma_bike":[41995,42139,42039,42141,42295,42346,42410],"rizoma_division":[42652],"rizoma_family":[42971],"rizoma_model_category":[],"rizoma_product_template":[],"product_brand":[],"product_cat":[42673],"product_tag":[],"class_list":{"0":"post-318188","1":"product","2":"type-product","3":"status-publish","4":"has-post-thumbnail","6":"rizoma_bike-gsx-r1000-2017-18","7":"rizoma_bike-gsx-r1000-2019-20","8":"rizoma_bike-gsx-r1000r-2017-18","9":"rizoma_bike-gsx-r1000r-2019-20","10":"rizoma_bike-gsx-r1000r-anniversary-2020","11":"rizoma_bike-gsx-r1000r-legend-edition-2020","12":"rizoma_bike-gsx-r1000r-phantom-2022","13":"product_cat-spiegel","15":"first","16":"instock","17":"taxable","18":"shipping-taxable","19":"purchasable","20":"product-type-variable"},"acf":[],"_links":{"self":[{"href":"https:\/\/www.rizoma.com\/de\/wp-json\/wp\/v2\/product\/318188","targetHints":{"allow":["GET"]}}],"collection":[{"href":"https:\/\/www.rizoma.com\/de\/wp-json\/wp\/v2\/product"}],"about":[{"href":"https:\/\/www.rizoma.com\/de\/wp-json\/wp\/v2\/types\/product"}],"wp:featuredmedia":[{"embeddable":true,"href":"https:\/\/www.rizoma.com\/de\/wp-json\/wp\/v2\/media\/300717"}],"wp:attachment":[{"href":"https:\/\/www.rizoma.com\/de\/wp-json\/wp\/v2\/media?parent=318188"}],"wp:term":[{"taxonomy":"rizoma_assembly_time","embeddable":true,"href":"https:\/\/www.rizoma.com\/de\/wp-json\/wp\/v2\/rizoma_assembly_time?post=318188"},{"taxonomy":"rizoma_bike","embeddable":true,"href":"https:\/\/www.rizoma.com\/de\/wp-json\/wp\/v2\/rizoma_bike?post=318188"},{"taxonomy":"rizoma_division","embeddable":true,"href":"https:\/\/www.rizoma.com\/de\/wp-json\/wp\/v2\/rizoma_division?post=318188"},{"taxonomy":"rizoma_family","embeddable":true,"href":"https:\/\/www.rizoma.com\/de\/wp-json\/wp\/v2\/rizoma_family?post=318188"},{"taxonomy":"rizoma_model_category","embeddable":true,"href":"https:\/\/www.rizoma.com\/de\/wp-json\/wp\/v2\/rizoma_model_category?post=318188"},{"taxonomy":"rizoma_product_template","embeddable":true,"href":"https:\/\/www.rizoma.com\/de\/wp-json\/wp\/v2\/rizoma_product_template?post=318188"},{"taxonomy":"product_brand","embeddable":true,"href":"https:\/\/www.rizoma.com\/de\/wp-json\/wp\/v2\/product_brand?post=318188"},{"taxonomy":"product_cat","embeddable":true,"href":"https:\/\/www.rizoma.com\/de\/wp-json\/wp\/v2\/product_cat?post=318188"},{"taxonomy":"product_tag","embeddable":true,"href":"https:\/\/www.rizoma.com\/de\/wp-json\/wp\/v2\/product_tag?post=318188"}],"curies":[{"name":"wp","href":"https:\/\/api.w.org\/{rel}","templated":true}]}}