{"id":318061,"date":"2024-11-21T17:41:41","date_gmt":"2024-11-21T16:41:41","guid":{"rendered":"https:\/\/rwp.rizoma.com\/negozio\/kupplungshebel-adjustable-plus-lcx102\/"},"modified":"2026-03-08T11:56:07","modified_gmt":"2026-03-08T10:56:07","slug":"kupplungshebel-adjustable-plus-lcx102","status":"publish","type":"product","link":"https:\/\/www.rizoma.com\/de\/negozio\/brems-kupplungshebel\/LCX102\/kupplungshebel-adjustable-plus-lcx102\/","title":{"rendered":"Kupplungshebel Adjustable Plus"},"content":{"rendered":"<p>Die Adjusatble Plus Hebel bieten maximalen Komfort in Bezug auf Griffigkeit und Anpassung an Ihren Fahrstil. Insbesondere wurde zus\u00e4tzlich zur Griffweiteneinstellung eine zus\u00e4tzliche Hebel L\u00e4ngeneinstellung eingerichtet, mit dem die L\u00e4nge des Hebels eingestellt werden kann. Hinzu enth\u00e4lt das Kit eine Gummiauflage, die den Spalt beseitigt, der entsteht, wenn sich der Hebel in seiner maximalen Ausdehnung befindet (bis zu 20 mm). Somit wird der \u00fcberm\u00e4\u00dfige Verschlei\u00df der Handschuhe verhindert.<br \/>Die aus dem Aluminium gefr\u00e4sten Adjustable Plus Hebel sind in vier verschiedenen Farbvarianten erh\u00e4ltlich.<\/p>\n","protected":false},"excerpt":{"rendered":"<p>Die Adjusatble Plus Hebel bieten maximalen Komfort in Bezug auf Griffigkeit und Anpassung an Ihren Fahrstil. Insbesondere wurde zus\u00e4tzlich zur Griffweiteneinstellung eine zus\u00e4tzliche Hebel L\u00e4ngeneinstellung eingerichtet, mit dem die L\u00e4nge des Hebels eingestellt werden kann. Hinzu enth\u00e4lt das Kit eine Gummiauflage, die den Spalt beseitigt, der entsteht, wenn sich der Hebel in seiner maximalen Ausdehnung [&hellip;]<\/p>\n","protected":false},"featured_media":294422,"template":"","meta":{"_acf_changed":false},"rizoma_assembly_time":[42675],"rizoma_bike":[42011,41845,42165,42315,43869,43870,42166,42316,42630,42645],"rizoma_division":[42652],"rizoma_family":[42803],"rizoma_model_category":[],"rizoma_product_template":[],"product_brand":[],"product_cat":[42808],"product_tag":[],"class_list":{"0":"post-318061","1":"product","2":"type-product","3":"status-publish","4":"has-post-thumbnail","6":"rizoma_bike-cb-650-f-2017-18","7":"rizoma_bike-cb-650-f-abs-2014-17","8":"rizoma_bike-cb-650-r-2019-20","9":"rizoma_bike-cb-650-r-2021-23","10":"rizoma_bike-cb-650-r-2024-25","11":"rizoma_bike-cb-650-r-e-clutch-2024-26","12":"rizoma_bike-cbr-650-r-2019-20","13":"rizoma_bike-cbr-650-r-2021-23","14":"rizoma_bike-cbr-650-r-2024-26","15":"rizoma_bike-cbr-650-r-e-clutch-2024-26","16":"product_cat-brems-kupplungshebel","18":"first","19":"instock","20":"taxable","21":"shipping-taxable","22":"purchasable","23":"product-type-variable"},"acf":[],"_links":{"self":[{"href":"https:\/\/www.rizoma.com\/de\/wp-json\/wp\/v2\/product\/318061","targetHints":{"allow":["GET"]}}],"collection":[{"href":"https:\/\/www.rizoma.com\/de\/wp-json\/wp\/v2\/product"}],"about":[{"href":"https:\/\/www.rizoma.com\/de\/wp-json\/wp\/v2\/types\/product"}],"wp:featuredmedia":[{"embeddable":true,"href":"https:\/\/www.rizoma.com\/de\/wp-json\/wp\/v2\/media\/294422"}],"wp:attachment":[{"href":"https:\/\/www.rizoma.com\/de\/wp-json\/wp\/v2\/media?parent=318061"}],"wp:term":[{"taxonomy":"rizoma_assembly_time","embeddable":true,"href":"https:\/\/www.rizoma.com\/de\/wp-json\/wp\/v2\/rizoma_assembly_time?post=318061"},{"taxonomy":"rizoma_bike","embeddable":true,"href":"https:\/\/www.rizoma.com\/de\/wp-json\/wp\/v2\/rizoma_bike?post=318061"},{"taxonomy":"rizoma_division","embeddable":true,"href":"https:\/\/www.rizoma.com\/de\/wp-json\/wp\/v2\/rizoma_division?post=318061"},{"taxonomy":"rizoma_family","embeddable":true,"href":"https:\/\/www.rizoma.com\/de\/wp-json\/wp\/v2\/rizoma_family?post=318061"},{"taxonomy":"rizoma_model_category","embeddable":true,"href":"https:\/\/www.rizoma.com\/de\/wp-json\/wp\/v2\/rizoma_model_category?post=318061"},{"taxonomy":"rizoma_product_template","embeddable":true,"href":"https:\/\/www.rizoma.com\/de\/wp-json\/wp\/v2\/rizoma_product_template?post=318061"},{"taxonomy":"product_brand","embeddable":true,"href":"https:\/\/www.rizoma.com\/de\/wp-json\/wp\/v2\/product_brand?post=318061"},{"taxonomy":"product_cat","embeddable":true,"href":"https:\/\/www.rizoma.com\/de\/wp-json\/wp\/v2\/product_cat?post=318061"},{"taxonomy":"product_tag","embeddable":true,"href":"https:\/\/www.rizoma.com\/de\/wp-json\/wp\/v2\/product_tag?post=318061"}],"curies":[{"name":"wp","href":"https:\/\/api.w.org\/{rel}","templated":true}]}}