{"id":317926,"date":"2024-11-21T17:38:10","date_gmt":"2024-11-21T16:38:10","guid":{"rendered":"https:\/\/rwp.rizoma.com\/negozio\/bremshebel-rrc-lbr605\/"},"modified":"2025-12-18T00:37:38","modified_gmt":"2025-12-17T23:37:38","slug":"bremshebel-rrc-lbr605","status":"publish","type":"product","link":"https:\/\/www.rizoma.com\/de\/negozio\/brems-kupplungshebel\/LBR605\/bremshebel-rrc-lbr605\/","title":{"rendered":"Bremshebel RRC"},"content":{"rendered":"<p>Aerodynamik und Grip. Die RRC-Hebel sind das Resultat ausgiebiger Analysen und Tests im Windkanal. Es ist erwiesen, dass der Luftdruck, der beim Sporteinsatz bei hohen Geschwindigkeiten entsteht, erhebliche Auswirkungen auf das Bremssystem hat. Um diesen Effekt zu reduzieren, wurde am \u00e4u\u00dferen Hebelende eine Aussparung eingearbeitet, die den vorhandenen Druck auf ein Minimum abbaut und eine optimale Funktion gew\u00e4hrleistet. Die aus Aluminium gearbeiteten und eloxierten RRC-Hebel bieten durch die Einstellm\u00f6glichkeit auf der Oberseite eine bessere Zug\u00e4nglichkeit.<\/p>\n","protected":false},"excerpt":{"rendered":"<p>Aerodynamik und Grip. Die RRC-Hebel sind das Resultat ausgiebiger Analysen und Tests im Windkanal. Es ist erwiesen, dass der Luftdruck, der beim Sporteinsatz bei hohen Geschwindigkeiten entsteht, erhebliche Auswirkungen auf das Bremssystem hat. Um diesen Effekt zu reduzieren, wurde am \u00e4u\u00dferen Hebelende eine Aussparung eingearbeitet, die den vorhandenen Druck auf ein Minimum abbaut und eine [&hellip;]<\/p>\n","protected":false},"featured_media":294132,"template":"","meta":{"_acf_changed":false},"rizoma_assembly_time":[42675],"rizoma_bike":[42094,42199,43690,42399,42479],"rizoma_division":[42652],"rizoma_family":[42884],"rizoma_model_category":[],"rizoma_product_template":[],"product_brand":[],"product_cat":[42808],"product_tag":[],"class_list":{"0":"post-317926","1":"product","2":"type-product","3":"status-publish","4":"has-post-thumbnail","6":"rizoma_bike-790-duke-2018-20","7":"rizoma_bike-790-duke-2019","8":"rizoma_bike-790-duke-2025-26","9":"rizoma_bike-790-duke-l-2019-20","10":"rizoma_bike-790-duke-l-2023-24","11":"product_cat-brems-kupplungshebel","13":"first","14":"instock","15":"sale","16":"taxable","17":"shipping-taxable","18":"purchasable","19":"product-type-variable"},"acf":[],"_links":{"self":[{"href":"https:\/\/www.rizoma.com\/de\/wp-json\/wp\/v2\/product\/317926","targetHints":{"allow":["GET"]}}],"collection":[{"href":"https:\/\/www.rizoma.com\/de\/wp-json\/wp\/v2\/product"}],"about":[{"href":"https:\/\/www.rizoma.com\/de\/wp-json\/wp\/v2\/types\/product"}],"wp:featuredmedia":[{"embeddable":true,"href":"https:\/\/www.rizoma.com\/de\/wp-json\/wp\/v2\/media\/294132"}],"wp:attachment":[{"href":"https:\/\/www.rizoma.com\/de\/wp-json\/wp\/v2\/media?parent=317926"}],"wp:term":[{"taxonomy":"rizoma_assembly_time","embeddable":true,"href":"https:\/\/www.rizoma.com\/de\/wp-json\/wp\/v2\/rizoma_assembly_time?post=317926"},{"taxonomy":"rizoma_bike","embeddable":true,"href":"https:\/\/www.rizoma.com\/de\/wp-json\/wp\/v2\/rizoma_bike?post=317926"},{"taxonomy":"rizoma_division","embeddable":true,"href":"https:\/\/www.rizoma.com\/de\/wp-json\/wp\/v2\/rizoma_division?post=317926"},{"taxonomy":"rizoma_family","embeddable":true,"href":"https:\/\/www.rizoma.com\/de\/wp-json\/wp\/v2\/rizoma_family?post=317926"},{"taxonomy":"rizoma_model_category","embeddable":true,"href":"https:\/\/www.rizoma.com\/de\/wp-json\/wp\/v2\/rizoma_model_category?post=317926"},{"taxonomy":"rizoma_product_template","embeddable":true,"href":"https:\/\/www.rizoma.com\/de\/wp-json\/wp\/v2\/rizoma_product_template?post=317926"},{"taxonomy":"product_brand","embeddable":true,"href":"https:\/\/www.rizoma.com\/de\/wp-json\/wp\/v2\/product_brand?post=317926"},{"taxonomy":"product_cat","embeddable":true,"href":"https:\/\/www.rizoma.com\/de\/wp-json\/wp\/v2\/product_cat?post=317926"},{"taxonomy":"product_tag","embeddable":true,"href":"https:\/\/www.rizoma.com\/de\/wp-json\/wp\/v2\/product_tag?post=317926"}],"curies":[{"name":"wp","href":"https:\/\/api.w.org\/{rel}","templated":true}]}}