{"id":317776,"date":"2024-11-21T17:34:35","date_gmt":"2024-11-21T16:34:35","guid":{"rendered":"https:\/\/rwp.rizoma.com\/negozio\/seitlicher-sturzpad-kit-pm225\/"},"modified":"2026-02-02T13:22:56","modified_gmt":"2026-02-02T12:22:56","slug":"seitlicher-sturzpad-kit-pm225","status":"publish","type":"product","link":"https:\/\/www.rizoma.com\/de\/negozio\/seitlicher-sturzpad\/PM225\/seitlicher-sturzpad-kit-pm225\/","title":{"rendered":"Seitlicher Sturzpad Kit"},"content":{"rendered":"<p>Die Rizoma-Motorschutzvorrichtungen sind eigens f\u00fcr das jeweilige Motorradmodell konzipiert, um ein H\u00f6chstma\u00df an Kompatibilit\u00e4t und Funktionalit\u00e4t sowie eine einfache und schnelle Montage sicherzustellen.<br \/>Das Tr\u00e4gerelement ist aus Aluminium aus dem Vollen gearbeitet, w\u00e4hrend der im Fall eines Sturzes einfach austauschbare Slider aus Delrin\u00ae besteht.<br \/>\u00dcber ihre eigentliche Funktion hinaus stellen die Schutzvorrichtungen durch ihre klare Linienf\u00fchrung und sorgf\u00e4ltige Detailverarbeitung auch ein Designelement dar.<\/p>\n","protected":false},"excerpt":{"rendered":"<p>Die Rizoma-Motorschutzvorrichtungen sind eigens f\u00fcr das jeweilige Motorradmodell konzipiert, um ein H\u00f6chstma\u00df an Kompatibilit\u00e4t und Funktionalit\u00e4t sowie eine einfache und schnelle Montage sicherzustellen.Das Tr\u00e4gerelement ist aus Aluminium aus dem Vollen gearbeitet, w\u00e4hrend der im Fall eines Sturzes einfach austauschbare Slider aus Delrin\u00ae besteht.\u00dcber ihre eigentliche Funktion hinaus stellen die Schutzvorrichtungen durch ihre klare Linienf\u00fchrung und [&hellip;]<\/p>\n","protected":false},"featured_media":308176,"template":"","meta":{"_acf_changed":false},"rizoma_assembly_time":[42789],"rizoma_bike":[42451,42610,42452,42611,42640,44408,44409,44411,44410,44412],"rizoma_division":[42652],"rizoma_family":[],"rizoma_model_category":[],"rizoma_product_template":[],"product_brand":[],"product_cat":[42757],"product_tag":[],"class_list":{"0":"post-317776","1":"product","2":"type-product","3":"status-publish","4":"has-post-thumbnail","6":"rizoma_bike-mt-09-2022-23","7":"rizoma_bike-mt-09-2024-26","8":"rizoma_bike-mt-09-sp-2022-23","9":"rizoma_bike-mt-09-sp-2024-26","10":"rizoma_bike-mt-09-y-amt-2024-26","11":"rizoma_bike-tracer-9-2025-26","12":"rizoma_bike-tracer-9-gt-2025-26","13":"rizoma_bike-tracer-9-gt-y-amt-2025-26","14":"rizoma_bike-tracer-9-gtplus-y-amt-2025","15":"rizoma_bike-tracer-9-y-amt-2025-26","16":"product_cat-seitlicher-sturzpad","18":"first","19":"instock","20":"taxable","21":"shipping-taxable","22":"purchasable","23":"product-type-variable"},"acf":[],"_links":{"self":[{"href":"https:\/\/www.rizoma.com\/de\/wp-json\/wp\/v2\/product\/317776","targetHints":{"allow":["GET"]}}],"collection":[{"href":"https:\/\/www.rizoma.com\/de\/wp-json\/wp\/v2\/product"}],"about":[{"href":"https:\/\/www.rizoma.com\/de\/wp-json\/wp\/v2\/types\/product"}],"wp:featuredmedia":[{"embeddable":true,"href":"https:\/\/www.rizoma.com\/de\/wp-json\/wp\/v2\/media\/308176"}],"wp:attachment":[{"href":"https:\/\/www.rizoma.com\/de\/wp-json\/wp\/v2\/media?parent=317776"}],"wp:term":[{"taxonomy":"rizoma_assembly_time","embeddable":true,"href":"https:\/\/www.rizoma.com\/de\/wp-json\/wp\/v2\/rizoma_assembly_time?post=317776"},{"taxonomy":"rizoma_bike","embeddable":true,"href":"https:\/\/www.rizoma.com\/de\/wp-json\/wp\/v2\/rizoma_bike?post=317776"},{"taxonomy":"rizoma_division","embeddable":true,"href":"https:\/\/www.rizoma.com\/de\/wp-json\/wp\/v2\/rizoma_division?post=317776"},{"taxonomy":"rizoma_family","embeddable":true,"href":"https:\/\/www.rizoma.com\/de\/wp-json\/wp\/v2\/rizoma_family?post=317776"},{"taxonomy":"rizoma_model_category","embeddable":true,"href":"https:\/\/www.rizoma.com\/de\/wp-json\/wp\/v2\/rizoma_model_category?post=317776"},{"taxonomy":"rizoma_product_template","embeddable":true,"href":"https:\/\/www.rizoma.com\/de\/wp-json\/wp\/v2\/rizoma_product_template?post=317776"},{"taxonomy":"product_brand","embeddable":true,"href":"https:\/\/www.rizoma.com\/de\/wp-json\/wp\/v2\/product_brand?post=317776"},{"taxonomy":"product_cat","embeddable":true,"href":"https:\/\/www.rizoma.com\/de\/wp-json\/wp\/v2\/product_cat?post=317776"},{"taxonomy":"product_tag","embeddable":true,"href":"https:\/\/www.rizoma.com\/de\/wp-json\/wp\/v2\/product_tag?post=317776"}],"curies":[{"name":"wp","href":"https:\/\/api.w.org\/{rel}","templated":true}]}}