{"id":317771,"date":"2024-11-21T17:34:28","date_gmt":"2024-11-21T16:34:28","guid":{"rendered":"https:\/\/rwp.rizoma.com\/negozio\/vorderradachsenschutz-pw113\/"},"modified":"2025-01-14T13:02:54","modified_gmt":"2025-01-14T12:02:54","slug":"vorderradachsenschutz-pw113","status":"publish","type":"product","link":"https:\/\/www.rizoma.com\/de\/negozio\/radachsenschutz\/PW113\/vorderradachsenschutz-pw113\/","title":{"rendered":"Vorderradachsenschutz"},"content":{"rendered":"<p>Gabel und Schwinge z\u00e4hlen zu den Teilen, die bei einem Sturz als erstes mit dem Boden in Kontakt kommen. Die Rizoma-Radachsenschutzvorrichtungen sind darauf ausgelegt, im Fall eines Sturzes die Bodenreibung zu verringern und eventuelle St\u00f6\u00dfe abzud\u00e4mpfen. Aus dem Vollen gearbeitetes Tr\u00e4gerelement aus Aluminium und austauschbarer Slider aus Delrin\u00ae. Ein optimales Zusammenspiel aus \u00c4sthetik, Leichtigkeit und Funktionalit\u00e4t.<\/p>\n","protected":false},"excerpt":{"rendered":"<p>Gabel und Schwinge z\u00e4hlen zu den Teilen, die bei einem Sturz als erstes mit dem Boden in Kontakt kommen. Die Rizoma-Radachsenschutzvorrichtungen sind darauf ausgelegt, im Fall eines Sturzes die Bodenreibung zu verringern und eventuelle St\u00f6\u00dfe abzud\u00e4mpfen. Aus dem Vollen gearbeitetes Tr\u00e4gerelement aus Aluminium und austauschbarer Slider aus Delrin\u00ae. Ein optimales Zusammenspiel aus \u00c4sthetik, Leichtigkeit und [&hellip;]<\/p>\n","protected":false},"featured_media":342967,"template":"","meta":{"_acf_changed":false},"rizoma_assembly_time":[42664],"rizoma_bike":[42451,42610,42452,42611,42640],"rizoma_division":[42652],"rizoma_family":[],"rizoma_model_category":[],"rizoma_product_template":[],"product_brand":[],"product_cat":[42994],"product_tag":[],"class_list":{"0":"post-317771","1":"product","2":"type-product","3":"status-publish","4":"has-post-thumbnail","6":"rizoma_bike-mt-09-2022-23","7":"rizoma_bike-mt-09-2024-26","8":"rizoma_bike-mt-09-sp-2022-23","9":"rizoma_bike-mt-09-sp-2024-26","10":"rizoma_bike-mt-09-y-amt-2024-26","11":"product_cat-radachsenschutz","13":"first","14":"instock","15":"taxable","16":"shipping-taxable","17":"purchasable","18":"product-type-variable"},"acf":[],"_links":{"self":[{"href":"https:\/\/www.rizoma.com\/de\/wp-json\/wp\/v2\/product\/317771","targetHints":{"allow":["GET"]}}],"collection":[{"href":"https:\/\/www.rizoma.com\/de\/wp-json\/wp\/v2\/product"}],"about":[{"href":"https:\/\/www.rizoma.com\/de\/wp-json\/wp\/v2\/types\/product"}],"wp:featuredmedia":[{"embeddable":true,"href":"https:\/\/www.rizoma.com\/de\/wp-json\/wp\/v2\/media\/342967"}],"wp:attachment":[{"href":"https:\/\/www.rizoma.com\/de\/wp-json\/wp\/v2\/media?parent=317771"}],"wp:term":[{"taxonomy":"rizoma_assembly_time","embeddable":true,"href":"https:\/\/www.rizoma.com\/de\/wp-json\/wp\/v2\/rizoma_assembly_time?post=317771"},{"taxonomy":"rizoma_bike","embeddable":true,"href":"https:\/\/www.rizoma.com\/de\/wp-json\/wp\/v2\/rizoma_bike?post=317771"},{"taxonomy":"rizoma_division","embeddable":true,"href":"https:\/\/www.rizoma.com\/de\/wp-json\/wp\/v2\/rizoma_division?post=317771"},{"taxonomy":"rizoma_family","embeddable":true,"href":"https:\/\/www.rizoma.com\/de\/wp-json\/wp\/v2\/rizoma_family?post=317771"},{"taxonomy":"rizoma_model_category","embeddable":true,"href":"https:\/\/www.rizoma.com\/de\/wp-json\/wp\/v2\/rizoma_model_category?post=317771"},{"taxonomy":"rizoma_product_template","embeddable":true,"href":"https:\/\/www.rizoma.com\/de\/wp-json\/wp\/v2\/rizoma_product_template?post=317771"},{"taxonomy":"product_brand","embeddable":true,"href":"https:\/\/www.rizoma.com\/de\/wp-json\/wp\/v2\/product_brand?post=317771"},{"taxonomy":"product_cat","embeddable":true,"href":"https:\/\/www.rizoma.com\/de\/wp-json\/wp\/v2\/product_cat?post=317771"},{"taxonomy":"product_tag","embeddable":true,"href":"https:\/\/www.rizoma.com\/de\/wp-json\/wp\/v2\/product_tag?post=317771"}],"curies":[{"name":"wp","href":"https:\/\/api.w.org\/{rel}","templated":true}]}}