{"id":317711,"date":"2024-11-21T17:33:06","date_gmt":"2024-11-21T16:33:06","guid":{"rendered":"https:\/\/rwp.rizoma.com\/negozio\/sitzbank-se001\/"},"modified":"2025-05-29T04:10:49","modified_gmt":"2025-05-29T02:10:49","slug":"sitzbank-se001","status":"publish","type":"product","link":"https:\/\/www.rizoma.com\/de\/negozio\/mehr-fur-ihre-yamaha\/SE001\/sitzbank-se001\/","title":{"rendered":"Sitzbank"},"content":{"rendered":"<p>Der Rizoma-Sitzbank vervollst\u00e4ndigt den Total Look, der der Yamaha XSR 900 gewidmet ist.<br \/>Mit seinem im Vergleich zur urspr\u00fcnglichen Linienf\u00fchrung v\u00f6llig \u00fcberarbeiteten Design ist er die Synthese des Einsitzers.<br \/>Der konischer zulaufende Soziussitz integriert das Heck formal und macht das Heck des Motorrads kompakter und schlanker.<br \/>Die Kombination zweier Materialien vereint Funktionalit\u00e4t, Eleganz und Modernit\u00e4t: Stra\u00dfenneopren f\u00fcr die R\u00fcckseite und die Seiten, ein rutschfestes Material mit Wildledereffekt, w\u00e4hrend f\u00fcr den Pilotensitz ein strukturiertes technisches Gewebe, ein glattes synthetisches Material, verwendet wird. Mit einer perforierten, wasserabweisenden Oberfl\u00e4che, die den entsprechenden professionellen Grip bietet, inspiriert von der Welt des Rennsports.<br \/>Die robuste Innenstruktur und der Rahmen bestehen aus hochwertigen Materialien (Harz), w\u00e4hrend das tragende Befestigungssystem aus massivem Aluminium gefertigt ist.<\/p>\n","protected":false},"excerpt":{"rendered":"<p>Der Rizoma-Sitzbank vervollst\u00e4ndigt den Total Look, der der Yamaha XSR 900 gewidmet ist.Mit seinem im Vergleich zur urspr\u00fcnglichen Linienf\u00fchrung v\u00f6llig \u00fcberarbeiteten Design ist er die Synthese des Einsitzers.Der konischer zulaufende Soziussitz integriert das Heck formal und macht das Heck des Motorrads kompakter und schlanker.Die Kombination zweier Materialien vereint Funktionalit\u00e4t, Eleganz und Modernit\u00e4t: Stra\u00dfenneopren f\u00fcr die [&hellip;]<\/p>\n","protected":false},"featured_media":312496,"template":"","meta":{"_acf_changed":false},"rizoma_assembly_time":[42753],"rizoma_bike":[42457],"rizoma_division":[42652],"rizoma_family":[],"rizoma_model_category":[],"rizoma_product_template":[],"product_brand":[],"product_cat":[42798],"product_tag":[],"class_list":{"0":"post-317711","1":"product","2":"type-product","3":"status-publish","4":"has-post-thumbnail","6":"rizoma_bike-xsr-900-2022-24","7":"product_cat-mehr-fur-ihre-yamaha","9":"first","10":"instock","11":"taxable","12":"shipping-taxable","13":"purchasable","14":"product-type-variable"},"acf":[],"_links":{"self":[{"href":"https:\/\/www.rizoma.com\/de\/wp-json\/wp\/v2\/product\/317711","targetHints":{"allow":["GET"]}}],"collection":[{"href":"https:\/\/www.rizoma.com\/de\/wp-json\/wp\/v2\/product"}],"about":[{"href":"https:\/\/www.rizoma.com\/de\/wp-json\/wp\/v2\/types\/product"}],"wp:featuredmedia":[{"embeddable":true,"href":"https:\/\/www.rizoma.com\/de\/wp-json\/wp\/v2\/media\/312496"}],"wp:attachment":[{"href":"https:\/\/www.rizoma.com\/de\/wp-json\/wp\/v2\/media?parent=317711"}],"wp:term":[{"taxonomy":"rizoma_assembly_time","embeddable":true,"href":"https:\/\/www.rizoma.com\/de\/wp-json\/wp\/v2\/rizoma_assembly_time?post=317711"},{"taxonomy":"rizoma_bike","embeddable":true,"href":"https:\/\/www.rizoma.com\/de\/wp-json\/wp\/v2\/rizoma_bike?post=317711"},{"taxonomy":"rizoma_division","embeddable":true,"href":"https:\/\/www.rizoma.com\/de\/wp-json\/wp\/v2\/rizoma_division?post=317711"},{"taxonomy":"rizoma_family","embeddable":true,"href":"https:\/\/www.rizoma.com\/de\/wp-json\/wp\/v2\/rizoma_family?post=317711"},{"taxonomy":"rizoma_model_category","embeddable":true,"href":"https:\/\/www.rizoma.com\/de\/wp-json\/wp\/v2\/rizoma_model_category?post=317711"},{"taxonomy":"rizoma_product_template","embeddable":true,"href":"https:\/\/www.rizoma.com\/de\/wp-json\/wp\/v2\/rizoma_product_template?post=317711"},{"taxonomy":"product_brand","embeddable":true,"href":"https:\/\/www.rizoma.com\/de\/wp-json\/wp\/v2\/product_brand?post=317711"},{"taxonomy":"product_cat","embeddable":true,"href":"https:\/\/www.rizoma.com\/de\/wp-json\/wp\/v2\/product_cat?post=317711"},{"taxonomy":"product_tag","embeddable":true,"href":"https:\/\/www.rizoma.com\/de\/wp-json\/wp\/v2\/product_tag?post=317711"}],"curies":[{"name":"wp","href":"https:\/\/api.w.org\/{rel}","templated":true}]}}