{"id":317701,"date":"2024-11-21T17:32:53","date_gmt":"2024-11-21T16:32:53","guid":{"rendered":"https:\/\/rwp.rizoma.com\/negozio\/kennzeichentrager-kit-outside-street-ptl524\/"},"modified":"2025-01-14T13:00:42","modified_gmt":"2025-01-14T12:00:42","slug":"kennzeichentrager-kit-outside-street-ptl524","status":"publish","type":"product","link":"https:\/\/www.rizoma.com\/de\/negozio\/kennzeichentrager\/PTL524\/kennzeichentrager-kit-outside-street-ptl524\/","title":{"rendered":"Kennzeichentr\u00e4ger-Kit Outside Street"},"content":{"rendered":"<p>Das Kennzeichentr\u00e4ger-Kit Outside mit aus dem Vollen gearbeiteter Tragkonstruktion aus Aluminium verleiht der Hinterachse nicht nur einen vollkommen neuen Look, sondern sorgt dank seinen kompakten Abmessungen und dem hochwertigen Material auch f\u00fcr eine ausgezeichnete strukturelle Performance und eine \u00fcberaus ansprechende Optik. Das speziell f\u00fcr das jeweilige Motorradmodell konzipierte Kit ist leicht zu montieren und umfasst eine US-Kennzeichentr\u00e4gerplatte sowie eine stra\u00dfenzugelassene SMD-LED-Kennzeichenbeleuchtung.<\/p>\n","protected":false},"excerpt":{"rendered":"<p>Das Kennzeichentr\u00e4ger-Kit Outside mit aus dem Vollen gearbeiteter Tragkonstruktion aus Aluminium verleiht der Hinterachse nicht nur einen vollkommen neuen Look, sondern sorgt dank seinen kompakten Abmessungen und dem hochwertigen Material auch f\u00fcr eine ausgezeichnete strukturelle Performance und eine \u00fcberaus ansprechende Optik. Das speziell f\u00fcr das jeweilige Motorradmodell konzipierte Kit ist leicht zu montieren und umfasst [&hellip;]<\/p>\n","protected":false},"featured_media":305951,"template":"","meta":{"_acf_changed":false},"rizoma_assembly_time":[42691],"rizoma_bike":[42625,42517,44018],"rizoma_division":[42652],"rizoma_family":[],"rizoma_model_category":[],"rizoma_product_template":[],"product_brand":[],"product_cat":[42767],"product_tag":[],"class_list":{"0":"post-317701","1":"product","2":"type-product","3":"status-publish","4":"has-post-thumbnail","6":"rizoma_bike-diavel-for-bentley-2024","7":"rizoma_bike-diavel-v4-2023-26","8":"rizoma_bike-diavel-v4-rs-2026","9":"product_cat-kennzeichentrager","11":"first","12":"instock","13":"taxable","14":"shipping-taxable","15":"purchasable","16":"product-type-variable"},"acf":[],"_links":{"self":[{"href":"https:\/\/www.rizoma.com\/de\/wp-json\/wp\/v2\/product\/317701","targetHints":{"allow":["GET"]}}],"collection":[{"href":"https:\/\/www.rizoma.com\/de\/wp-json\/wp\/v2\/product"}],"about":[{"href":"https:\/\/www.rizoma.com\/de\/wp-json\/wp\/v2\/types\/product"}],"wp:featuredmedia":[{"embeddable":true,"href":"https:\/\/www.rizoma.com\/de\/wp-json\/wp\/v2\/media\/305951"}],"wp:attachment":[{"href":"https:\/\/www.rizoma.com\/de\/wp-json\/wp\/v2\/media?parent=317701"}],"wp:term":[{"taxonomy":"rizoma_assembly_time","embeddable":true,"href":"https:\/\/www.rizoma.com\/de\/wp-json\/wp\/v2\/rizoma_assembly_time?post=317701"},{"taxonomy":"rizoma_bike","embeddable":true,"href":"https:\/\/www.rizoma.com\/de\/wp-json\/wp\/v2\/rizoma_bike?post=317701"},{"taxonomy":"rizoma_division","embeddable":true,"href":"https:\/\/www.rizoma.com\/de\/wp-json\/wp\/v2\/rizoma_division?post=317701"},{"taxonomy":"rizoma_family","embeddable":true,"href":"https:\/\/www.rizoma.com\/de\/wp-json\/wp\/v2\/rizoma_family?post=317701"},{"taxonomy":"rizoma_model_category","embeddable":true,"href":"https:\/\/www.rizoma.com\/de\/wp-json\/wp\/v2\/rizoma_model_category?post=317701"},{"taxonomy":"rizoma_product_template","embeddable":true,"href":"https:\/\/www.rizoma.com\/de\/wp-json\/wp\/v2\/rizoma_product_template?post=317701"},{"taxonomy":"product_brand","embeddable":true,"href":"https:\/\/www.rizoma.com\/de\/wp-json\/wp\/v2\/product_brand?post=317701"},{"taxonomy":"product_cat","embeddable":true,"href":"https:\/\/www.rizoma.com\/de\/wp-json\/wp\/v2\/product_cat?post=317701"},{"taxonomy":"product_tag","embeddable":true,"href":"https:\/\/www.rizoma.com\/de\/wp-json\/wp\/v2\/product_tag?post=317701"}],"curies":[{"name":"wp","href":"https:\/\/api.w.org\/{rel}","templated":true}]}}