{"id":317676,"date":"2024-11-21T17:32:19","date_gmt":"2024-11-21T16:32:19","guid":{"rendered":"https:\/\/rwp.rizoma.com\/negozio\/vordere-trittbretter-zyf063\/"},"modified":"2025-01-14T13:00:01","modified_gmt":"2025-01-14T12:00:01","slug":"vordere-trittbretter-zyf063","status":"publish","type":"product","link":"https:\/\/www.rizoma.com\/de\/negozio\/mehr-fur-ihre-yamaha\/ZYF063\/vordere-trittbretter-zyf063\/","title":{"rendered":"Vordere Trittbretter"},"content":{"rendered":"<p>Die Trittbretter vorne sind aus Aluminium gefertigt und f\u00fcr eine h\u00f6here Abriebbest\u00e4ndigkeit hochwertig eloxiert f\u00fcr optimalen Fahrkomfort auf Ihrer T-Max. Sicherheit und Komfort, ohne auf eine ansprechende Optik zu verzichten.<\/p>\n","protected":false},"excerpt":{"rendered":"<p>Die Trittbretter vorne sind aus Aluminium gefertigt und f\u00fcr eine h\u00f6here Abriebbest\u00e4ndigkeit hochwertig eloxiert f\u00fcr optimalen Fahrkomfort auf Ihrer T-Max. Sicherheit und Komfort, ohne auf eine ansprechende Optik zu verzichten.<\/p>\n","protected":false},"featured_media":307281,"template":"","meta":{"_acf_changed":false},"rizoma_assembly_time":[42664],"rizoma_bike":[42447,43421,44422,42448,43422],"rizoma_division":[42652],"rizoma_family":[],"rizoma_model_category":[],"rizoma_product_template":[],"product_brand":[],"product_cat":[42798],"product_tag":[],"class_list":{"0":"post-317676","1":"product","2":"type-product","3":"status-publish","4":"has-post-thumbnail","6":"rizoma_bike-t-max-560-2022-24","7":"rizoma_bike-t-max-560-2025-26","8":"rizoma_bike-t-max-560-25th-anniversary-2026","9":"rizoma_bike-t-max-560-tech-max-2022-24","10":"rizoma_bike-t-max-560-tech-max-2025-26","11":"product_cat-mehr-fur-ihre-yamaha","13":"first","14":"instock","15":"sale","16":"taxable","17":"shipping-taxable","18":"purchasable","19":"product-type-variable"},"acf":[],"_links":{"self":[{"href":"https:\/\/www.rizoma.com\/de\/wp-json\/wp\/v2\/product\/317676","targetHints":{"allow":["GET"]}}],"collection":[{"href":"https:\/\/www.rizoma.com\/de\/wp-json\/wp\/v2\/product"}],"about":[{"href":"https:\/\/www.rizoma.com\/de\/wp-json\/wp\/v2\/types\/product"}],"wp:featuredmedia":[{"embeddable":true,"href":"https:\/\/www.rizoma.com\/de\/wp-json\/wp\/v2\/media\/307281"}],"wp:attachment":[{"href":"https:\/\/www.rizoma.com\/de\/wp-json\/wp\/v2\/media?parent=317676"}],"wp:term":[{"taxonomy":"rizoma_assembly_time","embeddable":true,"href":"https:\/\/www.rizoma.com\/de\/wp-json\/wp\/v2\/rizoma_assembly_time?post=317676"},{"taxonomy":"rizoma_bike","embeddable":true,"href":"https:\/\/www.rizoma.com\/de\/wp-json\/wp\/v2\/rizoma_bike?post=317676"},{"taxonomy":"rizoma_division","embeddable":true,"href":"https:\/\/www.rizoma.com\/de\/wp-json\/wp\/v2\/rizoma_division?post=317676"},{"taxonomy":"rizoma_family","embeddable":true,"href":"https:\/\/www.rizoma.com\/de\/wp-json\/wp\/v2\/rizoma_family?post=317676"},{"taxonomy":"rizoma_model_category","embeddable":true,"href":"https:\/\/www.rizoma.com\/de\/wp-json\/wp\/v2\/rizoma_model_category?post=317676"},{"taxonomy":"rizoma_product_template","embeddable":true,"href":"https:\/\/www.rizoma.com\/de\/wp-json\/wp\/v2\/rizoma_product_template?post=317676"},{"taxonomy":"product_brand","embeddable":true,"href":"https:\/\/www.rizoma.com\/de\/wp-json\/wp\/v2\/product_brand?post=317676"},{"taxonomy":"product_cat","embeddable":true,"href":"https:\/\/www.rizoma.com\/de\/wp-json\/wp\/v2\/product_cat?post=317676"},{"taxonomy":"product_tag","embeddable":true,"href":"https:\/\/www.rizoma.com\/de\/wp-json\/wp\/v2\/product_tag?post=317676"}],"curies":[{"name":"wp","href":"https:\/\/api.w.org\/{rel}","templated":true}]}}