{"id":317641,"date":"2024-11-21T17:31:32","date_gmt":"2024-11-21T16:31:32","guid":{"rendered":"https:\/\/rwp.rizoma.com\/negozio\/seitlicher-sturzpad-kit-pm223\/"},"modified":"2026-04-03T07:21:19","modified_gmt":"2026-04-03T05:21:19","slug":"seitlicher-sturzpad-kit-pm223","status":"publish","type":"product","link":"https:\/\/www.rizoma.com\/de\/negozio\/seitlicher-sturzpad\/PM223\/seitlicher-sturzpad-kit-pm223\/","title":{"rendered":"Seitlicher Sturzpad Kit"},"content":{"rendered":"<p>Die Rizoma-Rahmenschutz sind speziell f\u00fcr das jeweilige Modell konzipiert, um ein H\u00f6chstma\u00df an Kompatibilit\u00e4t und Funktionalit\u00e4t sicherzustellen.<br \/>\u00dcber ihre eigentliche Funktion hinaus stellen die Schutzvorrichtungen durch ihre klare Linienf\u00fchrung und sorgf\u00e4ltige Detailverarbeitung auch ein Designelement dar.<br \/>Das Tr\u00e4gerelement ist aus Aluminium aus dem Vollen gearbeitet, w\u00e4hrend der im Fall eines Sturzes einfach austauschbare Slider aus Delrin\u00ae besteht.<\/p>\n","protected":false},"excerpt":{"rendered":"<p>Die Rizoma-Rahmenschutz sind speziell f\u00fcr das jeweilige Modell konzipiert, um ein H\u00f6chstma\u00df an Kompatibilit\u00e4t und Funktionalit\u00e4t sicherzustellen.\u00dcber ihre eigentliche Funktion hinaus stellen die Schutzvorrichtungen durch ihre klare Linienf\u00fchrung und sorgf\u00e4ltige Detailverarbeitung auch ein Designelement dar.Das Tr\u00e4gerelement ist aus Aluminium aus dem Vollen gearbeitet, w\u00e4hrend der im Fall eines Sturzes einfach austauschbare Slider aus Delrin\u00ae besteht.<\/p>\n","protected":false},"featured_media":305041,"template":"","meta":{"_acf_changed":false},"rizoma_assembly_time":[42675],"rizoma_bike":[42457,42626],"rizoma_division":[42652],"rizoma_family":[],"rizoma_model_category":[],"rizoma_product_template":[],"product_brand":[],"product_cat":[42757],"product_tag":[],"class_list":{"0":"post-317641","1":"product","2":"type-product","3":"status-publish","4":"has-post-thumbnail","6":"rizoma_bike-xsr-900-2022-24","7":"rizoma_bike-xsr-900-gp-2024-26","8":"product_cat-seitlicher-sturzpad","10":"first","11":"instock","12":"taxable","13":"shipping-taxable","14":"purchasable","15":"product-type-variable"},"acf":[],"_links":{"self":[{"href":"https:\/\/www.rizoma.com\/de\/wp-json\/wp\/v2\/product\/317641","targetHints":{"allow":["GET"]}}],"collection":[{"href":"https:\/\/www.rizoma.com\/de\/wp-json\/wp\/v2\/product"}],"about":[{"href":"https:\/\/www.rizoma.com\/de\/wp-json\/wp\/v2\/types\/product"}],"wp:featuredmedia":[{"embeddable":true,"href":"https:\/\/www.rizoma.com\/de\/wp-json\/wp\/v2\/media\/305041"}],"wp:attachment":[{"href":"https:\/\/www.rizoma.com\/de\/wp-json\/wp\/v2\/media?parent=317641"}],"wp:term":[{"taxonomy":"rizoma_assembly_time","embeddable":true,"href":"https:\/\/www.rizoma.com\/de\/wp-json\/wp\/v2\/rizoma_assembly_time?post=317641"},{"taxonomy":"rizoma_bike","embeddable":true,"href":"https:\/\/www.rizoma.com\/de\/wp-json\/wp\/v2\/rizoma_bike?post=317641"},{"taxonomy":"rizoma_division","embeddable":true,"href":"https:\/\/www.rizoma.com\/de\/wp-json\/wp\/v2\/rizoma_division?post=317641"},{"taxonomy":"rizoma_family","embeddable":true,"href":"https:\/\/www.rizoma.com\/de\/wp-json\/wp\/v2\/rizoma_family?post=317641"},{"taxonomy":"rizoma_model_category","embeddable":true,"href":"https:\/\/www.rizoma.com\/de\/wp-json\/wp\/v2\/rizoma_model_category?post=317641"},{"taxonomy":"rizoma_product_template","embeddable":true,"href":"https:\/\/www.rizoma.com\/de\/wp-json\/wp\/v2\/rizoma_product_template?post=317641"},{"taxonomy":"product_brand","embeddable":true,"href":"https:\/\/www.rizoma.com\/de\/wp-json\/wp\/v2\/product_brand?post=317641"},{"taxonomy":"product_cat","embeddable":true,"href":"https:\/\/www.rizoma.com\/de\/wp-json\/wp\/v2\/product_cat?post=317641"},{"taxonomy":"product_tag","embeddable":true,"href":"https:\/\/www.rizoma.com\/de\/wp-json\/wp\/v2\/product_tag?post=317641"}],"curies":[{"name":"wp","href":"https:\/\/api.w.org\/{rel}","templated":true}]}}