{"id":317636,"date":"2024-11-21T17:31:25","date_gmt":"2024-11-21T16:31:25","guid":{"rendered":"https:\/\/rwp.rizoma.com\/negozio\/seitliche-kuhlerabdeckungen-zyf055\/"},"modified":"2025-01-14T12:58:18","modified_gmt":"2025-01-14T11:58:18","slug":"seitliche-kuhlerabdeckungen-zyf055","status":"publish","type":"product","link":"https:\/\/www.rizoma.com\/de\/negozio\/mehr-fur-ihre-yamaha\/ZYF055\/seitliche-kuhlerabdeckungen-zyf055\/","title":{"rendered":"Seitliche K\u00fchlerabdeckungen"},"content":{"rendered":"<p>Die Rizoma seitlichen K\u00fchlerabdeckungen sind aus Aluminium gefertigt und ersetzen vollst\u00e4ndig die OEM-Abdeckungen wobei die M\u00f6glichkeit der einfachen \u00dcberwachung des K\u00fchlmittelstandes erhalten bleibt. Ein weiteres Detail, das der XSR 900 gewidmeten Zubeh\u00f6rlinie vervollst\u00e4ndigt.<\/p>\n","protected":false},"excerpt":{"rendered":"<p>Die Rizoma seitlichen K\u00fchlerabdeckungen sind aus Aluminium gefertigt und ersetzen vollst\u00e4ndig die OEM-Abdeckungen wobei die M\u00f6glichkeit der einfachen \u00dcberwachung des K\u00fchlmittelstandes erhalten bleibt. Ein weiteres Detail, das der XSR 900 gewidmeten Zubeh\u00f6rlinie vervollst\u00e4ndigt.<\/p>\n","protected":false},"featured_media":310531,"template":"","meta":{"_acf_changed":false},"rizoma_assembly_time":[42675],"rizoma_bike":[42457],"rizoma_division":[42652],"rizoma_family":[],"rizoma_model_category":[],"rizoma_product_template":[],"product_brand":[],"product_cat":[42798],"product_tag":[],"class_list":{"0":"post-317636","1":"product","2":"type-product","3":"status-publish","4":"has-post-thumbnail","6":"rizoma_bike-xsr-900-2022-24","7":"product_cat-mehr-fur-ihre-yamaha","9":"first","10":"instock","11":"taxable","12":"shipping-taxable","13":"purchasable","14":"product-type-variable"},"acf":[],"_links":{"self":[{"href":"https:\/\/www.rizoma.com\/de\/wp-json\/wp\/v2\/product\/317636","targetHints":{"allow":["GET"]}}],"collection":[{"href":"https:\/\/www.rizoma.com\/de\/wp-json\/wp\/v2\/product"}],"about":[{"href":"https:\/\/www.rizoma.com\/de\/wp-json\/wp\/v2\/types\/product"}],"wp:featuredmedia":[{"embeddable":true,"href":"https:\/\/www.rizoma.com\/de\/wp-json\/wp\/v2\/media\/310531"}],"wp:attachment":[{"href":"https:\/\/www.rizoma.com\/de\/wp-json\/wp\/v2\/media?parent=317636"}],"wp:term":[{"taxonomy":"rizoma_assembly_time","embeddable":true,"href":"https:\/\/www.rizoma.com\/de\/wp-json\/wp\/v2\/rizoma_assembly_time?post=317636"},{"taxonomy":"rizoma_bike","embeddable":true,"href":"https:\/\/www.rizoma.com\/de\/wp-json\/wp\/v2\/rizoma_bike?post=317636"},{"taxonomy":"rizoma_division","embeddable":true,"href":"https:\/\/www.rizoma.com\/de\/wp-json\/wp\/v2\/rizoma_division?post=317636"},{"taxonomy":"rizoma_family","embeddable":true,"href":"https:\/\/www.rizoma.com\/de\/wp-json\/wp\/v2\/rizoma_family?post=317636"},{"taxonomy":"rizoma_model_category","embeddable":true,"href":"https:\/\/www.rizoma.com\/de\/wp-json\/wp\/v2\/rizoma_model_category?post=317636"},{"taxonomy":"rizoma_product_template","embeddable":true,"href":"https:\/\/www.rizoma.com\/de\/wp-json\/wp\/v2\/rizoma_product_template?post=317636"},{"taxonomy":"product_brand","embeddable":true,"href":"https:\/\/www.rizoma.com\/de\/wp-json\/wp\/v2\/product_brand?post=317636"},{"taxonomy":"product_cat","embeddable":true,"href":"https:\/\/www.rizoma.com\/de\/wp-json\/wp\/v2\/product_cat?post=317636"},{"taxonomy":"product_tag","embeddable":true,"href":"https:\/\/www.rizoma.com\/de\/wp-json\/wp\/v2\/product_tag?post=317636"}],"curies":[{"name":"wp","href":"https:\/\/api.w.org\/{rel}","templated":true}]}}