{"id":317601,"date":"2024-11-21T17:30:38","date_gmt":"2024-11-21T16:30:38","guid":{"rendered":"https:\/\/rwp.rizoma.com\/negozio\/montagesatz-fur-end-mount-spiegel-proguard-system-und-lenkerend-caps-bs835\/"},"modified":"2026-02-26T22:53:26","modified_gmt":"2026-02-26T21:53:26","slug":"montagesatz-fur-end-mount-spiegel-proguard-system-und-lenkerend-caps-bs835","status":"publish","type":"product","link":"https:\/\/www.rizoma.com\/de\/negozio\/spiegel\/BS835\/montagesatz-fur-end-mount-spiegel-proguard-system-und-lenkerend-caps-bs835\/motorbike\/11890\/kawasaki\/z-900-rs\/","title":{"rendered":"Montagesatz f\u00fcr End Mount Spiegel, Proguard System\u00ae und Lenkerend-Caps"},"content":{"rendered":"<p>Jeder Rizoma-Montagesatz wurde eigens f\u00fcr das entsprechende Motorradmodell entwickelt, um eine bestm\u00f6gliche Befestigung gew\u00e4hrleisten. Aus Aluminium gearbeitet, um selbst bei starker Beanspruchung Robustheit und Langlebigkeit zu gew\u00e4hrleisten.<\/p>\n","protected":false},"excerpt":{"rendered":"<p>Jeder Rizoma-Montagesatz wurde eigens f\u00fcr das entsprechende Motorradmodell entwickelt, um eine bestm\u00f6gliche Befestigung gew\u00e4hrleisten. Aus Aluminium gearbeitet, um selbst bei starker Beanspruchung Robustheit und Langlebigkeit zu gew\u00e4hrleisten.<\/p>\n","protected":false},"featured_media":304206,"template":"","meta":{"_acf_changed":false},"rizoma_assembly_time":[42664],"rizoma_bike":[43876,42358,42466,44374,42356,42059,42131,42357,42577,41990,42132],"rizoma_division":[42652],"rizoma_family":[42668],"rizoma_model_category":[],"rizoma_product_template":[],"product_brand":[],"product_cat":[42673],"product_tag":[],"class_list":{"0":"post-317601","1":"product","2":"type-product","3":"status-publish","4":"has-post-thumbnail","6":"rizoma_bike-tuono-457-2025-26","7":"rizoma_bike-tuono-660-2021-25","8":"rizoma_bike-tuono-660-factory-2022-24","9":"rizoma_bike-tuono-660-factory-2025-26","10":"rizoma_bike-tuono-v4-2021-24","11":"rizoma_bike-tuono-v4-factory-2017-18","12":"rizoma_bike-tuono-v4-factory-2019-20","13":"rizoma_bike-tuono-v4-factory-2021-24","14":"rizoma_bike-tuono-v4-factory-speed-white-2023-24","15":"rizoma_bike-tuono-v4-rr-2017-18","16":"rizoma_bike-tuono-v4-rr-2019-20","17":"product_cat-spiegel","19":"first","20":"instock","21":"taxable","22":"shipping-taxable","23":"purchasable","24":"product-type-variable"},"acf":[],"_links":{"self":[{"href":"https:\/\/www.rizoma.com\/de\/wp-json\/wp\/v2\/product\/317601","targetHints":{"allow":["GET"]}}],"collection":[{"href":"https:\/\/www.rizoma.com\/de\/wp-json\/wp\/v2\/product"}],"about":[{"href":"https:\/\/www.rizoma.com\/de\/wp-json\/wp\/v2\/types\/product"}],"wp:featuredmedia":[{"embeddable":true,"href":"https:\/\/www.rizoma.com\/de\/wp-json\/wp\/v2\/media\/304206"}],"wp:attachment":[{"href":"https:\/\/www.rizoma.com\/de\/wp-json\/wp\/v2\/media?parent=317601"}],"wp:term":[{"taxonomy":"rizoma_assembly_time","embeddable":true,"href":"https:\/\/www.rizoma.com\/de\/wp-json\/wp\/v2\/rizoma_assembly_time?post=317601"},{"taxonomy":"rizoma_bike","embeddable":true,"href":"https:\/\/www.rizoma.com\/de\/wp-json\/wp\/v2\/rizoma_bike?post=317601"},{"taxonomy":"rizoma_division","embeddable":true,"href":"https:\/\/www.rizoma.com\/de\/wp-json\/wp\/v2\/rizoma_division?post=317601"},{"taxonomy":"rizoma_family","embeddable":true,"href":"https:\/\/www.rizoma.com\/de\/wp-json\/wp\/v2\/rizoma_family?post=317601"},{"taxonomy":"rizoma_model_category","embeddable":true,"href":"https:\/\/www.rizoma.com\/de\/wp-json\/wp\/v2\/rizoma_model_category?post=317601"},{"taxonomy":"rizoma_product_template","embeddable":true,"href":"https:\/\/www.rizoma.com\/de\/wp-json\/wp\/v2\/rizoma_product_template?post=317601"},{"taxonomy":"product_brand","embeddable":true,"href":"https:\/\/www.rizoma.com\/de\/wp-json\/wp\/v2\/product_brand?post=317601"},{"taxonomy":"product_cat","embeddable":true,"href":"https:\/\/www.rizoma.com\/de\/wp-json\/wp\/v2\/product_cat?post=317601"},{"taxonomy":"product_tag","embeddable":true,"href":"https:\/\/www.rizoma.com\/de\/wp-json\/wp\/v2\/product_tag?post=317601"}],"curies":[{"name":"wp","href":"https:\/\/api.w.org\/{rel}","templated":true}]}}