{"id":317526,"date":"2024-11-21T17:28:55","date_gmt":"2024-11-21T16:28:55","guid":{"rendered":"https:\/\/rwp.rizoma.com\/negozio\/end-mount-montagesatz-fur-cut-edge-spiegel-bs809\/"},"modified":"2025-01-14T12:53:26","modified_gmt":"2025-01-14T11:53:26","slug":"end-mount-montagesatz-fur-cut-edge-spiegel-bs809","status":"publish","type":"product","link":"https:\/\/www.rizoma.com\/de\/negozio\/spiegel\/BS809\/end-mount-montagesatz-fur-cut-edge-spiegel-bs809\/","title":{"rendered":"End Mount Montagesatz f\u00fcr Cut Edge Spiegel"},"content":{"rendered":"<p>Jeder Spiegeladapter wurde eigens f\u00fcr das entsprechende Motorradmodell entwickelt, um eine bestm\u00f6gliche Befestigung am Lenker zu gew\u00e4hrleisten, und vereint Funktionalit\u00e4t und Komfort bei gleichzeitiger Ber\u00fccksichtigung der \u00c4sthetik.<\/p>\n","protected":false},"excerpt":{"rendered":"<p>Jeder Spiegeladapter wurde eigens f\u00fcr das entsprechende Motorradmodell entwickelt, um eine bestm\u00f6gliche Befestigung am Lenker zu gew\u00e4hrleisten, und vereint Funktionalit\u00e4t und Komfort bei gleichzeitiger Ber\u00fccksichtigung der \u00c4sthetik.<\/p>\n","protected":false},"featured_media":311421,"template":"","meta":{"_acf_changed":false},"rizoma_assembly_time":[42675],"rizoma_bike":[42015,42228,42483,43719,42229,42540,43720,42550,42373,43721],"rizoma_division":[42652],"rizoma_family":[42668],"rizoma_model_category":[],"rizoma_product_template":[],"product_brand":[],"product_cat":[42673],"product_tag":[],"class_list":{"0":"post-317526","1":"product","2":"type-product","3":"status-publish","4":"has-post-thumbnail","6":"rizoma_bike-cbr-1000-rr-fireblade-2017-19","7":"rizoma_bike-cbr-1000-rr-r-fireblade-2020-21","8":"rizoma_bike-cbr-1000-rr-r-fireblade-2022-23","9":"rizoma_bike-cbr-1000-rr-r-fireblade-2024-26","10":"rizoma_bike-cbr-1000-rr-r-fireblade-sp-2020-21","11":"rizoma_bike-cbr-1000-rr-r-fireblade-sp-2022-23","12":"rizoma_bike-cbr-1000-rr-r-fireblade-sp-2024-26","13":"rizoma_bike-cbr-1000-rr-r-fireblade-sp-30th-anniversary-2022-23","14":"rizoma_bike-cbr-1000-rr-r-fireblade-sp-carbon-2021","15":"rizoma_bike-cbr-1000-rr-r-fireblade-sp-carbon-edition-2024-26","16":"product_cat-spiegel","18":"first","19":"instock","20":"sale","21":"taxable","22":"shipping-taxable","23":"purchasable","24":"product-type-variable"},"acf":[],"_links":{"self":[{"href":"https:\/\/www.rizoma.com\/de\/wp-json\/wp\/v2\/product\/317526","targetHints":{"allow":["GET"]}}],"collection":[{"href":"https:\/\/www.rizoma.com\/de\/wp-json\/wp\/v2\/product"}],"about":[{"href":"https:\/\/www.rizoma.com\/de\/wp-json\/wp\/v2\/types\/product"}],"wp:featuredmedia":[{"embeddable":true,"href":"https:\/\/www.rizoma.com\/de\/wp-json\/wp\/v2\/media\/311421"}],"wp:attachment":[{"href":"https:\/\/www.rizoma.com\/de\/wp-json\/wp\/v2\/media?parent=317526"}],"wp:term":[{"taxonomy":"rizoma_assembly_time","embeddable":true,"href":"https:\/\/www.rizoma.com\/de\/wp-json\/wp\/v2\/rizoma_assembly_time?post=317526"},{"taxonomy":"rizoma_bike","embeddable":true,"href":"https:\/\/www.rizoma.com\/de\/wp-json\/wp\/v2\/rizoma_bike?post=317526"},{"taxonomy":"rizoma_division","embeddable":true,"href":"https:\/\/www.rizoma.com\/de\/wp-json\/wp\/v2\/rizoma_division?post=317526"},{"taxonomy":"rizoma_family","embeddable":true,"href":"https:\/\/www.rizoma.com\/de\/wp-json\/wp\/v2\/rizoma_family?post=317526"},{"taxonomy":"rizoma_model_category","embeddable":true,"href":"https:\/\/www.rizoma.com\/de\/wp-json\/wp\/v2\/rizoma_model_category?post=317526"},{"taxonomy":"rizoma_product_template","embeddable":true,"href":"https:\/\/www.rizoma.com\/de\/wp-json\/wp\/v2\/rizoma_product_template?post=317526"},{"taxonomy":"product_brand","embeddable":true,"href":"https:\/\/www.rizoma.com\/de\/wp-json\/wp\/v2\/product_brand?post=317526"},{"taxonomy":"product_cat","embeddable":true,"href":"https:\/\/www.rizoma.com\/de\/wp-json\/wp\/v2\/product_cat?post=317526"},{"taxonomy":"product_tag","embeddable":true,"href":"https:\/\/www.rizoma.com\/de\/wp-json\/wp\/v2\/product_tag?post=317526"}],"curies":[{"name":"wp","href":"https:\/\/api.w.org\/{rel}","templated":true}]}}