{"id":317406,"date":"2024-11-21T17:26:15","date_gmt":"2024-11-21T16:26:15","guid":{"rendered":"https:\/\/rwp.rizoma.com\/negozio\/kaskadeneinsatz-zvp039\/"},"modified":"2025-01-14T12:48:44","modified_gmt":"2025-01-14T11:48:44","slug":"kaskadeneinsatz-zvp039","status":"publish","type":"product","link":"https:\/\/www.rizoma.com\/de\/negozio\/mehr-fur-ihre-vespa\/ZVP039\/kaskadeneinsatz-zvp039\/","title":{"rendered":"Kaskadeneinsatz"},"content":{"rendered":"<p>Der Kaskadeneinsatz von Rizoma erweckt Ihre Vespa zum Leben! Aus Billet-Aluminium gefr\u00e4st, ist dieser hochwertige Kaskadeneinsatz ein wahrer Hingucker. Mit seiner sichtbaren L\u00e4ngsbearbeitung und Kontrast-Laserung ist er nicht nur \u00e4u\u00dferst stilvoll, sondern auch funktional. Der zentrale Schlitz erm\u00f6glicht eine saubere und klare Linienf\u00fchrung, w\u00e4hrend die Halterung direkt an der Original-Kaskade befestigt wird, um eine einfache Montage zu gew\u00e4hrleisten. Erh\u00e4ltlich sowohl in Silber als auch in Schwarz, wird der Kaskadeneinsatz von Rizoma Ihrem Roller ein Upgrade verschaffen, das Ihn von der Masse abhebt.<\/p>\n","protected":false},"excerpt":{"rendered":"<p>Der Kaskadeneinsatz von Rizoma erweckt Ihre Vespa zum Leben! Aus Billet-Aluminium gefr\u00e4st, ist dieser hochwertige Kaskadeneinsatz ein wahrer Hingucker. Mit seiner sichtbaren L\u00e4ngsbearbeitung und Kontrast-Laserung ist er nicht nur \u00e4u\u00dferst stilvoll, sondern auch funktional. Der zentrale Schlitz erm\u00f6glicht eine saubere und klare Linienf\u00fchrung, w\u00e4hrend die Halterung direkt an der Original-Kaskade befestigt wird, um eine einfache [&hellip;]<\/p>\n","protected":false},"featured_media":313489,"template":"","meta":{"_acf_changed":false},"rizoma_assembly_time":[42664],"rizoma_bike":[42569,42563,43435,42565,43436],"rizoma_division":[42652],"rizoma_family":[],"rizoma_model_category":[],"rizoma_product_template":[],"product_brand":[],"product_cat":[42946],"product_tag":[],"class_list":{"0":"post-317406","1":"product","2":"type-product","3":"status-publish","4":"has-post-thumbnail","6":"rizoma_bike-elettrica-2018-2022","7":"rizoma_bike-primavera-2018-2022","8":"rizoma_bike-primavera-2023","9":"rizoma_bike-sprint-2018-2022","10":"rizoma_bike-sprint-2023","11":"product_cat-mehr-fur-ihre-vespa","13":"first","14":"instock","15":"sale","16":"taxable","17":"shipping-taxable","18":"purchasable","19":"product-type-variable"},"acf":[],"_links":{"self":[{"href":"https:\/\/www.rizoma.com\/de\/wp-json\/wp\/v2\/product\/317406","targetHints":{"allow":["GET"]}}],"collection":[{"href":"https:\/\/www.rizoma.com\/de\/wp-json\/wp\/v2\/product"}],"about":[{"href":"https:\/\/www.rizoma.com\/de\/wp-json\/wp\/v2\/types\/product"}],"wp:featuredmedia":[{"embeddable":true,"href":"https:\/\/www.rizoma.com\/de\/wp-json\/wp\/v2\/media\/313489"}],"wp:attachment":[{"href":"https:\/\/www.rizoma.com\/de\/wp-json\/wp\/v2\/media?parent=317406"}],"wp:term":[{"taxonomy":"rizoma_assembly_time","embeddable":true,"href":"https:\/\/www.rizoma.com\/de\/wp-json\/wp\/v2\/rizoma_assembly_time?post=317406"},{"taxonomy":"rizoma_bike","embeddable":true,"href":"https:\/\/www.rizoma.com\/de\/wp-json\/wp\/v2\/rizoma_bike?post=317406"},{"taxonomy":"rizoma_division","embeddable":true,"href":"https:\/\/www.rizoma.com\/de\/wp-json\/wp\/v2\/rizoma_division?post=317406"},{"taxonomy":"rizoma_family","embeddable":true,"href":"https:\/\/www.rizoma.com\/de\/wp-json\/wp\/v2\/rizoma_family?post=317406"},{"taxonomy":"rizoma_model_category","embeddable":true,"href":"https:\/\/www.rizoma.com\/de\/wp-json\/wp\/v2\/rizoma_model_category?post=317406"},{"taxonomy":"rizoma_product_template","embeddable":true,"href":"https:\/\/www.rizoma.com\/de\/wp-json\/wp\/v2\/rizoma_product_template?post=317406"},{"taxonomy":"product_brand","embeddable":true,"href":"https:\/\/www.rizoma.com\/de\/wp-json\/wp\/v2\/product_brand?post=317406"},{"taxonomy":"product_cat","embeddable":true,"href":"https:\/\/www.rizoma.com\/de\/wp-json\/wp\/v2\/product_cat?post=317406"},{"taxonomy":"product_tag","embeddable":true,"href":"https:\/\/www.rizoma.com\/de\/wp-json\/wp\/v2\/product_tag?post=317406"}],"curies":[{"name":"wp","href":"https:\/\/api.w.org\/{rel}","templated":true}]}}