{"id":317326,"date":"2024-11-21T17:24:23","date_gmt":"2024-11-21T16:24:23","guid":{"rendered":"https:\/\/rwp.rizoma.com\/negozio\/lampenmaske-zvp024\/"},"modified":"2026-04-04T15:55:04","modified_gmt":"2026-04-04T13:55:04","slug":"lampenmaske-zvp024","status":"publish","type":"product","link":"https:\/\/www.rizoma.com\/de\/negozio\/windschilde\/ZVP024\/lampenmaske-zvp024\/","title":{"rendered":"Lampenmaske"},"content":{"rendered":"<p>Verleihen Sie Ihrer Vespa einen unverwechselbaren Look mit der Lampenmaske von Rizoma. Das moderne Design der Verkleidung passt perfekt zu den flie\u00dfenden Linien des Vespa-Armaturenbretts. Hergestellt aus schwarz get\u00f6ntem Polycarbonat, bietet die Verkleidung maximale Leichtigkeit und Aerodynamik. Kompatibel mit den Originalspiegeln und den Rizoma Direct Mount und LENKEREND- Spiegeln.  Dieses Produkt ist ein absolutes Muss f\u00fcr alle, die ihre Vespa individualisieren m\u00f6chten. G\u00f6nnen Sie sich diesen Blickfang und machen Sie Ihre Vespa unverwechselbar.<\/p>\n","protected":false},"excerpt":{"rendered":"<p>Verleihen Sie Ihrer Vespa einen unverwechselbaren Look mit der Lampenmaske von Rizoma. Das moderne Design der Verkleidung passt perfekt zu den flie\u00dfenden Linien des Vespa-Armaturenbretts. Hergestellt aus schwarz get\u00f6ntem Polycarbonat, bietet die Verkleidung maximale Leichtigkeit und Aerodynamik. Kompatibel mit den Originalspiegeln und den Rizoma Direct Mount und LENKEREND- Spiegeln. Dieses Produkt ist ein absolutes Muss [&hellip;]<\/p>\n","protected":false},"featured_media":307186,"template":"","meta":{"_acf_changed":false},"rizoma_assembly_time":[42742],"rizoma_bike":[42557,42560],"rizoma_division":[42652],"rizoma_family":[],"rizoma_model_category":[],"rizoma_product_template":[],"product_brand":[],"product_cat":[42828],"product_tag":[],"class_list":{"0":"post-317326","1":"product","2":"type-product","3":"status-publish","4":"has-post-thumbnail","6":"rizoma_bike-gts-2018-2022","7":"rizoma_bike-gts-super-2018-2022","8":"product_cat-windschilde","10":"first","11":"instock","12":"sale","13":"taxable","14":"shipping-taxable","15":"purchasable","16":"product-type-variable"},"acf":[],"_links":{"self":[{"href":"https:\/\/www.rizoma.com\/de\/wp-json\/wp\/v2\/product\/317326","targetHints":{"allow":["GET"]}}],"collection":[{"href":"https:\/\/www.rizoma.com\/de\/wp-json\/wp\/v2\/product"}],"about":[{"href":"https:\/\/www.rizoma.com\/de\/wp-json\/wp\/v2\/types\/product"}],"wp:featuredmedia":[{"embeddable":true,"href":"https:\/\/www.rizoma.com\/de\/wp-json\/wp\/v2\/media\/307186"}],"wp:attachment":[{"href":"https:\/\/www.rizoma.com\/de\/wp-json\/wp\/v2\/media?parent=317326"}],"wp:term":[{"taxonomy":"rizoma_assembly_time","embeddable":true,"href":"https:\/\/www.rizoma.com\/de\/wp-json\/wp\/v2\/rizoma_assembly_time?post=317326"},{"taxonomy":"rizoma_bike","embeddable":true,"href":"https:\/\/www.rizoma.com\/de\/wp-json\/wp\/v2\/rizoma_bike?post=317326"},{"taxonomy":"rizoma_division","embeddable":true,"href":"https:\/\/www.rizoma.com\/de\/wp-json\/wp\/v2\/rizoma_division?post=317326"},{"taxonomy":"rizoma_family","embeddable":true,"href":"https:\/\/www.rizoma.com\/de\/wp-json\/wp\/v2\/rizoma_family?post=317326"},{"taxonomy":"rizoma_model_category","embeddable":true,"href":"https:\/\/www.rizoma.com\/de\/wp-json\/wp\/v2\/rizoma_model_category?post=317326"},{"taxonomy":"rizoma_product_template","embeddable":true,"href":"https:\/\/www.rizoma.com\/de\/wp-json\/wp\/v2\/rizoma_product_template?post=317326"},{"taxonomy":"product_brand","embeddable":true,"href":"https:\/\/www.rizoma.com\/de\/wp-json\/wp\/v2\/product_brand?post=317326"},{"taxonomy":"product_cat","embeddable":true,"href":"https:\/\/www.rizoma.com\/de\/wp-json\/wp\/v2\/product_cat?post=317326"},{"taxonomy":"product_tag","embeddable":true,"href":"https:\/\/www.rizoma.com\/de\/wp-json\/wp\/v2\/product_tag?post=317326"}],"curies":[{"name":"wp","href":"https:\/\/api.w.org\/{rel}","templated":true}]}}