{"id":317256,"date":"2024-11-21T17:22:40","date_gmt":"2024-11-21T16:22:40","guid":{"rendered":"https:\/\/rwp.rizoma.com\/negozio\/sport-ride-by-wire-grdw205z22\/"},"modified":"2025-01-14T12:42:45","modified_gmt":"2025-01-14T11:42:45","slug":"sport-ride-by-wire-grdw205z22","status":"publish","type":"product","link":"https:\/\/www.rizoma.com\/de\/negozio\/lenker-kit\/GRDW205Z22\/sport-ride-by-wire-grdw205z22\/","title":{"rendered":"Sport Ride by Wire"},"content":{"rendered":"<p>Der Griff Sport (\u00d8 22 mm) vereint Einfachheit und Sportlichkeit. Der zur G\u00e4nze aus Aluminium gearbeitete Griff ist mit einem Racing-Gummi f\u00fcr optimalen Grip und h\u00f6chste Zuverl\u00e4ssigkeit ausgestattet. Die Ride by Wire -Version ist zudem mit der elektronischen Gasbet\u00e4tigung kompatibel.<\/p>\n","protected":false},"excerpt":{"rendered":"<p>Der Griff Sport (\u00d8 22 mm) vereint Einfachheit und Sportlichkeit. Der zur G\u00e4nze aus Aluminium gearbeitete Griff ist mit einem Racing-Gummi f\u00fcr optimalen Grip und h\u00f6chste Zuverl\u00e4ssigkeit ausgestattet. Die Ride by Wire -Version ist zudem mit der elektronischen Gasbet\u00e4tigung kompatibel.<\/p>\n","protected":false},"featured_media":326859,"template":"","meta":{"_acf_changed":false},"rizoma_assembly_time":[42742],"rizoma_bike":[42470,42471,42447,43421,42457],"rizoma_division":[42652],"rizoma_family":[43020],"rizoma_model_category":[],"rizoma_product_template":[],"product_brand":[],"product_cat":[42662],"product_tag":[],"class_list":{"0":"post-317256","1":"product","2":"type-product","3":"status-publish","4":"has-post-thumbnail","6":"rizoma_bike-mt-10-2022-26","7":"rizoma_bike-mt-10-sp-2022-25","8":"rizoma_bike-t-max-560-2022-24","9":"rizoma_bike-t-max-560-2025-26","10":"rizoma_bike-xsr-900-2022-24","11":"product_cat-lenker-kit","13":"first","14":"instock","15":"taxable","16":"shipping-taxable","17":"purchasable","18":"product-type-variable"},"acf":[],"_links":{"self":[{"href":"https:\/\/www.rizoma.com\/de\/wp-json\/wp\/v2\/product\/317256","targetHints":{"allow":["GET"]}}],"collection":[{"href":"https:\/\/www.rizoma.com\/de\/wp-json\/wp\/v2\/product"}],"about":[{"href":"https:\/\/www.rizoma.com\/de\/wp-json\/wp\/v2\/types\/product"}],"wp:featuredmedia":[{"embeddable":true,"href":"https:\/\/www.rizoma.com\/de\/wp-json\/wp\/v2\/media\/326859"}],"wp:attachment":[{"href":"https:\/\/www.rizoma.com\/de\/wp-json\/wp\/v2\/media?parent=317256"}],"wp:term":[{"taxonomy":"rizoma_assembly_time","embeddable":true,"href":"https:\/\/www.rizoma.com\/de\/wp-json\/wp\/v2\/rizoma_assembly_time?post=317256"},{"taxonomy":"rizoma_bike","embeddable":true,"href":"https:\/\/www.rizoma.com\/de\/wp-json\/wp\/v2\/rizoma_bike?post=317256"},{"taxonomy":"rizoma_division","embeddable":true,"href":"https:\/\/www.rizoma.com\/de\/wp-json\/wp\/v2\/rizoma_division?post=317256"},{"taxonomy":"rizoma_family","embeddable":true,"href":"https:\/\/www.rizoma.com\/de\/wp-json\/wp\/v2\/rizoma_family?post=317256"},{"taxonomy":"rizoma_model_category","embeddable":true,"href":"https:\/\/www.rizoma.com\/de\/wp-json\/wp\/v2\/rizoma_model_category?post=317256"},{"taxonomy":"rizoma_product_template","embeddable":true,"href":"https:\/\/www.rizoma.com\/de\/wp-json\/wp\/v2\/rizoma_product_template?post=317256"},{"taxonomy":"product_brand","embeddable":true,"href":"https:\/\/www.rizoma.com\/de\/wp-json\/wp\/v2\/product_brand?post=317256"},{"taxonomy":"product_cat","embeddable":true,"href":"https:\/\/www.rizoma.com\/de\/wp-json\/wp\/v2\/product_cat?post=317256"},{"taxonomy":"product_tag","embeddable":true,"href":"https:\/\/www.rizoma.com\/de\/wp-json\/wp\/v2\/product_tag?post=317256"}],"curies":[{"name":"wp","href":"https:\/\/api.w.org\/{rel}","templated":true}]}}