{"id":317236,"date":"2024-11-21T17:22:13","date_gmt":"2024-11-21T16:22:13","guid":{"rendered":"https:\/\/rwp.rizoma.com\/negozio\/icon-ride-by-wire-grdw225z22\/"},"modified":"2025-01-14T12:42:59","modified_gmt":"2025-01-14T11:42:59","slug":"icon-ride-by-wire-grdw225z22","status":"publish","type":"product","link":"https:\/\/www.rizoma.com\/de\/negozio\/lenker-kit\/GRDW225Z22\/icon-ride-by-wire-grdw225z22\/","title":{"rendered":"Icon Ride by Wire"},"content":{"rendered":"<p>Der Icon Griff (\u00d8 22 mm) wurde aus Aluminium gefr\u00e4st und zeichnet sich durch ein besonderes Drehfinish aus das bei Ber\u00fchrung wahrgenommen werden kann. Das starke und rutschfeste Griffgummi gibt das gute Gef\u00fchl von Kontrolle und Griffigkeit.Zwei d\u00fcnne Ton-in-Ton-Gravuren &#8211; &#8220;Feeling&#8221; und &#8220;Control&#8221; &#8211; unterstreichen die Funktionalit\u00e4t und verleihen ihnen einen zus\u00e4tzlichen Hauch von Stil durch taktile Wahrnehmung und einem raffinierten Lichteffekt. Der Griff ist in verschiedenen eloxierten Farben erh\u00e4ltlich. Die Ride by Wire -Version ist zudem mit der elektronischen Gasbet\u00e4tigung kompatibel.<\/p>\n","protected":false},"excerpt":{"rendered":"<p>Der Icon Griff (\u00d8 22 mm) wurde aus Aluminium gefr\u00e4st und zeichnet sich durch ein besonderes Drehfinish aus das bei Ber\u00fchrung wahrgenommen werden kann. Das starke und rutschfeste Griffgummi gibt das gute Gef\u00fchl von Kontrolle und Griffigkeit.Zwei d\u00fcnne Ton-in-Ton-Gravuren &#8211; &#8220;Feeling&#8221; und &#8220;Control&#8221; &#8211; unterstreichen die Funktionalit\u00e4t und verleihen ihnen einen zus\u00e4tzlichen Hauch von Stil [&hellip;]<\/p>\n","protected":false},"featured_media":304941,"template":"","meta":{"_acf_changed":false},"rizoma_assembly_time":[42742],"rizoma_bike":[42470,42471,42447,43421,42457],"rizoma_division":[42652],"rizoma_family":[43020],"rizoma_model_category":[],"rizoma_product_template":[],"product_brand":[],"product_cat":[42662],"product_tag":[],"class_list":{"0":"post-317236","1":"product","2":"type-product","3":"status-publish","4":"has-post-thumbnail","6":"rizoma_bike-mt-10-2022-26","7":"rizoma_bike-mt-10-sp-2022-25","8":"rizoma_bike-t-max-560-2022-24","9":"rizoma_bike-t-max-560-2025-26","10":"rizoma_bike-xsr-900-2022-24","11":"product_cat-lenker-kit","13":"first","14":"instock","15":"taxable","16":"shipping-taxable","17":"purchasable","18":"product-type-variable"},"acf":[],"_links":{"self":[{"href":"https:\/\/www.rizoma.com\/de\/wp-json\/wp\/v2\/product\/317236","targetHints":{"allow":["GET"]}}],"collection":[{"href":"https:\/\/www.rizoma.com\/de\/wp-json\/wp\/v2\/product"}],"about":[{"href":"https:\/\/www.rizoma.com\/de\/wp-json\/wp\/v2\/types\/product"}],"wp:featuredmedia":[{"embeddable":true,"href":"https:\/\/www.rizoma.com\/de\/wp-json\/wp\/v2\/media\/304941"}],"wp:attachment":[{"href":"https:\/\/www.rizoma.com\/de\/wp-json\/wp\/v2\/media?parent=317236"}],"wp:term":[{"taxonomy":"rizoma_assembly_time","embeddable":true,"href":"https:\/\/www.rizoma.com\/de\/wp-json\/wp\/v2\/rizoma_assembly_time?post=317236"},{"taxonomy":"rizoma_bike","embeddable":true,"href":"https:\/\/www.rizoma.com\/de\/wp-json\/wp\/v2\/rizoma_bike?post=317236"},{"taxonomy":"rizoma_division","embeddable":true,"href":"https:\/\/www.rizoma.com\/de\/wp-json\/wp\/v2\/rizoma_division?post=317236"},{"taxonomy":"rizoma_family","embeddable":true,"href":"https:\/\/www.rizoma.com\/de\/wp-json\/wp\/v2\/rizoma_family?post=317236"},{"taxonomy":"rizoma_model_category","embeddable":true,"href":"https:\/\/www.rizoma.com\/de\/wp-json\/wp\/v2\/rizoma_model_category?post=317236"},{"taxonomy":"rizoma_product_template","embeddable":true,"href":"https:\/\/www.rizoma.com\/de\/wp-json\/wp\/v2\/rizoma_product_template?post=317236"},{"taxonomy":"product_brand","embeddable":true,"href":"https:\/\/www.rizoma.com\/de\/wp-json\/wp\/v2\/product_brand?post=317236"},{"taxonomy":"product_cat","embeddable":true,"href":"https:\/\/www.rizoma.com\/de\/wp-json\/wp\/v2\/product_cat?post=317236"},{"taxonomy":"product_tag","embeddable":true,"href":"https:\/\/www.rizoma.com\/de\/wp-json\/wp\/v2\/product_tag?post=317236"}],"curies":[{"name":"wp","href":"https:\/\/api.w.org\/{rel}","templated":true}]}}