{"id":317221,"date":"2024-11-21T17:21:53","date_gmt":"2024-11-21T16:21:53","guid":{"rendered":"https:\/\/rwp.rizoma.com\/negozio\/bremsflussigkeitsbehalterdeckel-vorne-hinten-zyf056\/"},"modified":"2025-11-23T18:58:50","modified_gmt":"2025-11-23T17:58:50","slug":"bremsflussigkeitsbehalterdeckel-vorne-hinten-zyf056","status":"publish","type":"product","link":"https:\/\/www.rizoma.com\/de\/negozio\/ausgleichsbehalter\/ZYF056\/bremsflussigkeitsbehalterdeckel-vorne-hinten-zyf056\/","title":{"rendered":"Bremsfl\u00fcssigkeitsbeh\u00e4lterdeckel vorne\/hinten"},"content":{"rendered":"<p>Das bis ins kleinste Detail durchdachte Design der zur G\u00e4nze aus dem Vollen gearbeiteten Rizoma-Bremsausgleichsbeh\u00e4lterdeckel aus Aluminium rundet das Bild Ihrer T-Max perfekt ab. Dank ihrer eloxierten und damit langlebigen Oberfl\u00e4che sorgen sie als besonderer Blickfang f\u00fcr eine edle Motorradoptik bei gleichzeitig h\u00f6chster Funktionalit\u00e4t.<\/p>\n","protected":false},"excerpt":{"rendered":"<p>Das bis ins kleinste Detail durchdachte Design der zur G\u00e4nze aus dem Vollen gearbeiteten Rizoma-Bremsausgleichsbeh\u00e4lterdeckel aus Aluminium rundet das Bild Ihrer T-Max perfekt ab. Dank ihrer eloxierten und damit langlebigen Oberfl\u00e4che sorgen sie als besonderer Blickfang f\u00fcr eine edle Motorradoptik bei gleichzeitig h\u00f6chster Funktionalit\u00e4t.<\/p>\n","protected":false},"featured_media":312801,"template":"","meta":{"_acf_changed":false},"rizoma_assembly_time":[42675],"rizoma_bike":[42023,42024,42025,42120,42225,42447,43421,44422,42226,42378,42448,43422],"rizoma_division":[42652],"rizoma_family":[42818],"rizoma_model_category":[],"rizoma_product_template":[],"product_brand":[],"product_cat":[42689],"product_tag":[],"class_list":{"0":"post-317221","1":"product","2":"type-product","3":"status-publish","4":"has-post-thumbnail","6":"rizoma_bike-t-max-530-2017-19","7":"rizoma_bike-t-max-530-dx-2017-19","8":"rizoma_bike-t-max-530-sx-2017-19","9":"rizoma_bike-t-max-530-sx-sport-edition-2018-19","10":"rizoma_bike-t-max-560-2020-21","11":"rizoma_bike-t-max-560-2022-24","12":"rizoma_bike-t-max-560-2025-26","13":"rizoma_bike-t-max-560-25th-anniversary-2026","14":"rizoma_bike-t-max-560-tech-max-2020","15":"rizoma_bike-t-max-560-tech-max-2021","16":"rizoma_bike-t-max-560-tech-max-2022-24","17":"rizoma_bike-t-max-560-tech-max-2025-26","18":"product_cat-ausgleichsbehalter","20":"first","21":"instock","22":"taxable","23":"shipping-taxable","24":"purchasable","25":"product-type-variable"},"acf":[],"_links":{"self":[{"href":"https:\/\/www.rizoma.com\/de\/wp-json\/wp\/v2\/product\/317221","targetHints":{"allow":["GET"]}}],"collection":[{"href":"https:\/\/www.rizoma.com\/de\/wp-json\/wp\/v2\/product"}],"about":[{"href":"https:\/\/www.rizoma.com\/de\/wp-json\/wp\/v2\/types\/product"}],"wp:featuredmedia":[{"embeddable":true,"href":"https:\/\/www.rizoma.com\/de\/wp-json\/wp\/v2\/media\/312801"}],"wp:attachment":[{"href":"https:\/\/www.rizoma.com\/de\/wp-json\/wp\/v2\/media?parent=317221"}],"wp:term":[{"taxonomy":"rizoma_assembly_time","embeddable":true,"href":"https:\/\/www.rizoma.com\/de\/wp-json\/wp\/v2\/rizoma_assembly_time?post=317221"},{"taxonomy":"rizoma_bike","embeddable":true,"href":"https:\/\/www.rizoma.com\/de\/wp-json\/wp\/v2\/rizoma_bike?post=317221"},{"taxonomy":"rizoma_division","embeddable":true,"href":"https:\/\/www.rizoma.com\/de\/wp-json\/wp\/v2\/rizoma_division?post=317221"},{"taxonomy":"rizoma_family","embeddable":true,"href":"https:\/\/www.rizoma.com\/de\/wp-json\/wp\/v2\/rizoma_family?post=317221"},{"taxonomy":"rizoma_model_category","embeddable":true,"href":"https:\/\/www.rizoma.com\/de\/wp-json\/wp\/v2\/rizoma_model_category?post=317221"},{"taxonomy":"rizoma_product_template","embeddable":true,"href":"https:\/\/www.rizoma.com\/de\/wp-json\/wp\/v2\/rizoma_product_template?post=317221"},{"taxonomy":"product_brand","embeddable":true,"href":"https:\/\/www.rizoma.com\/de\/wp-json\/wp\/v2\/product_brand?post=317221"},{"taxonomy":"product_cat","embeddable":true,"href":"https:\/\/www.rizoma.com\/de\/wp-json\/wp\/v2\/product_cat?post=317221"},{"taxonomy":"product_tag","embeddable":true,"href":"https:\/\/www.rizoma.com\/de\/wp-json\/wp\/v2\/product_tag?post=317221"}],"curies":[{"name":"wp","href":"https:\/\/api.w.org\/{rel}","templated":true}]}}