{"id":317166,"date":"2024-11-21T17:20:38","date_gmt":"2024-11-21T16:20:38","guid":{"rendered":"https:\/\/rwp.rizoma.com\/negozio\/abdeckung-spiegelaufnahme-zyf049\/"},"modified":"2025-01-14T12:42:25","modified_gmt":"2025-01-14T11:42:25","slug":"abdeckung-spiegelaufnahme-zyf049","status":"publish","type":"product","link":"https:\/\/www.rizoma.com\/de\/negozio\/spiegel\/ZYF049\/abdeckung-spiegelaufnahme-zyf049\/motorbike\/9625\/yamaha\/mt-07\/","title":{"rendered":"Abdeckung Spiegelaufnahme"},"content":{"rendered":"<p>Mit den aus eloxiertem Aluminium gefertigten Abdeckungen f\u00fcr die Lenkeraufnahme k\u00f6nnen bei Austausch der OEM-Spiegel durch neue Lenkerspiegel die in der Verkleidung verbliebenen L\u00f6cher elegant kaschiert werden.<\/p>\n","protected":false},"excerpt":{"rendered":"<p>Mit den aus eloxiertem Aluminium gefertigten Abdeckungen f\u00fcr die Lenkeraufnahme k\u00f6nnen bei Austausch der OEM-Spiegel durch neue Lenkerspiegel die in der Verkleidung verbliebenen L\u00f6cher elegant kaschiert werden.<\/p>\n","protected":false},"featured_media":309861,"template":"","meta":{"_acf_changed":false},"rizoma_assembly_time":[42664],"rizoma_bike":[42447,42448],"rizoma_division":[42652],"rizoma_family":[42838],"rizoma_model_category":[],"rizoma_product_template":[],"product_brand":[],"product_cat":[42673],"product_tag":[],"class_list":{"0":"post-317166","1":"product","2":"type-product","3":"status-publish","4":"has-post-thumbnail","6":"rizoma_bike-t-max-560-2022-24","7":"rizoma_bike-t-max-560-tech-max-2022-24","8":"product_cat-spiegel","10":"first","11":"instock","12":"sale","13":"taxable","14":"shipping-taxable","15":"purchasable","16":"product-type-variable"},"acf":[],"_links":{"self":[{"href":"https:\/\/www.rizoma.com\/de\/wp-json\/wp\/v2\/product\/317166","targetHints":{"allow":["GET"]}}],"collection":[{"href":"https:\/\/www.rizoma.com\/de\/wp-json\/wp\/v2\/product"}],"about":[{"href":"https:\/\/www.rizoma.com\/de\/wp-json\/wp\/v2\/types\/product"}],"wp:featuredmedia":[{"embeddable":true,"href":"https:\/\/www.rizoma.com\/de\/wp-json\/wp\/v2\/media\/309861"}],"wp:attachment":[{"href":"https:\/\/www.rizoma.com\/de\/wp-json\/wp\/v2\/media?parent=317166"}],"wp:term":[{"taxonomy":"rizoma_assembly_time","embeddable":true,"href":"https:\/\/www.rizoma.com\/de\/wp-json\/wp\/v2\/rizoma_assembly_time?post=317166"},{"taxonomy":"rizoma_bike","embeddable":true,"href":"https:\/\/www.rizoma.com\/de\/wp-json\/wp\/v2\/rizoma_bike?post=317166"},{"taxonomy":"rizoma_division","embeddable":true,"href":"https:\/\/www.rizoma.com\/de\/wp-json\/wp\/v2\/rizoma_division?post=317166"},{"taxonomy":"rizoma_family","embeddable":true,"href":"https:\/\/www.rizoma.com\/de\/wp-json\/wp\/v2\/rizoma_family?post=317166"},{"taxonomy":"rizoma_model_category","embeddable":true,"href":"https:\/\/www.rizoma.com\/de\/wp-json\/wp\/v2\/rizoma_model_category?post=317166"},{"taxonomy":"rizoma_product_template","embeddable":true,"href":"https:\/\/www.rizoma.com\/de\/wp-json\/wp\/v2\/rizoma_product_template?post=317166"},{"taxonomy":"product_brand","embeddable":true,"href":"https:\/\/www.rizoma.com\/de\/wp-json\/wp\/v2\/product_brand?post=317166"},{"taxonomy":"product_cat","embeddable":true,"href":"https:\/\/www.rizoma.com\/de\/wp-json\/wp\/v2\/product_cat?post=317166"},{"taxonomy":"product_tag","embeddable":true,"href":"https:\/\/www.rizoma.com\/de\/wp-json\/wp\/v2\/product_tag?post=317166"}],"curies":[{"name":"wp","href":"https:\/\/api.w.org\/{rel}","templated":true}]}}