{"id":316996,"date":"2024-11-21T17:16:44","date_gmt":"2024-11-21T16:16:44","guid":{"rendered":"https:\/\/rwp.rizoma.com\/negozio\/montagesatz-fur-windschild-zmg013\/"},"modified":"2026-02-06T14:10:07","modified_gmt":"2026-02-06T13:10:07","slug":"montagesatz-fur-windschild-zmg013","status":"publish","type":"product","link":"https:\/\/www.rizoma.com\/de\/negozio\/windschilde\/ZMG013\/montagesatz-fur-windschild-zmg013\/motorbike\/6726\/kawasaki\/z-1000\/","title":{"rendered":"Montagesatz f\u00fcr Windschild"},"content":{"rendered":"<p>Der Adapter erm\u00f6glicht die Montage des Rizoma-Windschilds CF010. Jeder Adapter wurde eigens f\u00fcr das entsprechende Motorradmodell entwickelt, um eine bestm\u00f6gliche Befestigung zu gew\u00e4hrleisten.<\/p>\n","protected":false},"excerpt":{"rendered":"<p>Der Adapter erm\u00f6glicht die Montage des Rizoma-Windschilds CF010. Jeder Adapter wurde eigens f\u00fcr das entsprechende Motorradmodell entwickelt, um eine bestm\u00f6gliche Befestigung zu gew\u00e4hrleisten.<\/p>\n","protected":false},"featured_media":307886,"template":"","meta":{"_acf_changed":false},"rizoma_assembly_time":[42675],"rizoma_bike":[44423,44428,42359,44426,42360,44430,44424],"rizoma_division":[42652],"rizoma_family":[42823],"rizoma_model_category":[],"rizoma_product_template":[],"product_brand":[],"product_cat":[42828],"product_tag":[],"class_list":{"0":"post-316996","1":"product","2":"type-product","3":"status-publish","4":"has-post-thumbnail","6":"rizoma_bike-v7-special-2021-24","7":"rizoma_bike-v7-special-2025-26","8":"rizoma_bike-v7-stone-2021-24","9":"rizoma_bike-v7-stone-2025-26","10":"rizoma_bike-v7-stone-centenario-2021-22","11":"rizoma_bike-v7-stone-special-edition-2022-25","12":"rizoma_bike-v7-stone-ten-2024-25","13":"product_cat-windschilde","15":"first","16":"instock","17":"taxable","18":"shipping-taxable","19":"purchasable","20":"product-type-variable"},"acf":[],"_links":{"self":[{"href":"https:\/\/www.rizoma.com\/de\/wp-json\/wp\/v2\/product\/316996","targetHints":{"allow":["GET"]}}],"collection":[{"href":"https:\/\/www.rizoma.com\/de\/wp-json\/wp\/v2\/product"}],"about":[{"href":"https:\/\/www.rizoma.com\/de\/wp-json\/wp\/v2\/types\/product"}],"wp:featuredmedia":[{"embeddable":true,"href":"https:\/\/www.rizoma.com\/de\/wp-json\/wp\/v2\/media\/307886"}],"wp:attachment":[{"href":"https:\/\/www.rizoma.com\/de\/wp-json\/wp\/v2\/media?parent=316996"}],"wp:term":[{"taxonomy":"rizoma_assembly_time","embeddable":true,"href":"https:\/\/www.rizoma.com\/de\/wp-json\/wp\/v2\/rizoma_assembly_time?post=316996"},{"taxonomy":"rizoma_bike","embeddable":true,"href":"https:\/\/www.rizoma.com\/de\/wp-json\/wp\/v2\/rizoma_bike?post=316996"},{"taxonomy":"rizoma_division","embeddable":true,"href":"https:\/\/www.rizoma.com\/de\/wp-json\/wp\/v2\/rizoma_division?post=316996"},{"taxonomy":"rizoma_family","embeddable":true,"href":"https:\/\/www.rizoma.com\/de\/wp-json\/wp\/v2\/rizoma_family?post=316996"},{"taxonomy":"rizoma_model_category","embeddable":true,"href":"https:\/\/www.rizoma.com\/de\/wp-json\/wp\/v2\/rizoma_model_category?post=316996"},{"taxonomy":"rizoma_product_template","embeddable":true,"href":"https:\/\/www.rizoma.com\/de\/wp-json\/wp\/v2\/rizoma_product_template?post=316996"},{"taxonomy":"product_brand","embeddable":true,"href":"https:\/\/www.rizoma.com\/de\/wp-json\/wp\/v2\/product_brand?post=316996"},{"taxonomy":"product_cat","embeddable":true,"href":"https:\/\/www.rizoma.com\/de\/wp-json\/wp\/v2\/product_cat?post=316996"},{"taxonomy":"product_tag","embeddable":true,"href":"https:\/\/www.rizoma.com\/de\/wp-json\/wp\/v2\/product_tag?post=316996"}],"curies":[{"name":"wp","href":"https:\/\/api.w.org\/{rel}","templated":true}]}}