{"id":316956,"date":"2024-11-21T17:15:50","date_gmt":"2024-11-21T16:15:50","guid":{"rendered":"https:\/\/rwp.rizoma.com\/negozio\/ausgleichsbehalterdeckel-bremse-vorn-tp054\/"},"modified":"2026-04-26T18:34:39","modified_gmt":"2026-04-26T16:34:39","slug":"ausgleichsbehalterdeckel-bremse-vorn-tp054","status":"publish","type":"product","link":"https:\/\/www.rizoma.com\/de\/negozio\/ausgleichsbehalter\/TP054\/ausgleichsbehalterdeckel-bremse-vorn-tp054\/","title":{"rendered":"Ausgleichsbeh\u00e4lterdeckel Bremse vorn"},"content":{"rendered":"<p>Das bis ins kleinste Detail durchdachte Design der aus dem Vollen gearbeiteten Rizoma-Bremsausgleichsbeh\u00e4lterdeckel aus reinem Aluminium rundet das Bild Ihrer BMW perfekt ab. Die eloxierte Oberfl\u00e4che sorgt dar\u00fcber hinaus f\u00fcr eine langlebige Optik.<\/p>\n","protected":false},"excerpt":{"rendered":"<p>Das bis ins kleinste Detail durchdachte Design der aus dem Vollen gearbeiteten Rizoma-Bremsausgleichsbeh\u00e4lterdeckel aus reinem Aluminium rundet das Bild Ihrer BMW perfekt ab. Die eloxierte Oberfl\u00e4che sorgt dar\u00fcber hinaus f\u00fcr eine langlebige Optik.<\/p>\n","protected":false},"featured_media":303407,"template":"","meta":{"_acf_changed":false},"rizoma_assembly_time":[42753],"rizoma_bike":[42096,42234,42246,42235,43897,43723,43725,43724,42296,42551,42006,41979,42248,41981,41953,42297,42298,42299,42372,42003,42178,42345,43913,42236,42607],"rizoma_division":[42652],"rizoma_family":[42818],"rizoma_model_category":[],"rizoma_product_template":[],"product_brand":[],"product_cat":[42689],"product_tag":[],"class_list":{"0":"post-316956","1":"product","2":"type-product","3":"status-publish","4":"has-post-thumbnail","6":"rizoma_bike-f-850-gs-2018-20","7":"rizoma_bike-f-900-r-2017-20","8":"rizoma_bike-f-900-r-2021-24","9":"rizoma_bike-f-900-xr-2020-24","10":"rizoma_bike-r-12-g-s-2026","11":"rizoma_bike-r-12-ninet-2023-26","12":"rizoma_bike-r-12-ninet-option-719-2023-24","13":"rizoma_bike-r-12-ninet-san-remo-2023-24","14":"rizoma_bike-r-ninet-2021-24","15":"rizoma_bike-r-ninet-100-years-2023","16":"rizoma_bike-r-ninet-1200-2017-20","17":"rizoma_bike-r-ninet-1200-pure-2017-20","18":"rizoma_bike-r-ninet-1200-pure-2020","19":"rizoma_bike-r-ninet-1200-racer-2017-20","20":"rizoma_bike-r-ninet-1200-scrambler-2016-20","21":"rizoma_bike-r-ninet-pure-2021-24","22":"rizoma_bike-r-ninet-scrambler-2021-24","23":"rizoma_bike-r-ninet-urban-gs-2021-24","24":"rizoma_bike-r-ninet-urban-gs-1200-edition-40-years-gs-2021","25":"rizoma_bike-r-ninet-urban-gs-1200-2017-20","26":"rizoma_bike-r-ninet-5-1200-2019-20","27":"rizoma_bike-s-1000-r-2021-24","28":"rizoma_bike-s-1000-r-2025-26","29":"rizoma_bike-s-1000-xr-2020-23","30":"rizoma_bike-s-1000-xr-2024-26","31":"product_cat-ausgleichsbehalter","33":"first","34":"instock","35":"taxable","36":"shipping-taxable","37":"purchasable","38":"product-type-variable"},"acf":[],"_links":{"self":[{"href":"https:\/\/www.rizoma.com\/de\/wp-json\/wp\/v2\/product\/316956","targetHints":{"allow":["GET"]}}],"collection":[{"href":"https:\/\/www.rizoma.com\/de\/wp-json\/wp\/v2\/product"}],"about":[{"href":"https:\/\/www.rizoma.com\/de\/wp-json\/wp\/v2\/types\/product"}],"wp:featuredmedia":[{"embeddable":true,"href":"https:\/\/www.rizoma.com\/de\/wp-json\/wp\/v2\/media\/303407"}],"wp:attachment":[{"href":"https:\/\/www.rizoma.com\/de\/wp-json\/wp\/v2\/media?parent=316956"}],"wp:term":[{"taxonomy":"rizoma_assembly_time","embeddable":true,"href":"https:\/\/www.rizoma.com\/de\/wp-json\/wp\/v2\/rizoma_assembly_time?post=316956"},{"taxonomy":"rizoma_bike","embeddable":true,"href":"https:\/\/www.rizoma.com\/de\/wp-json\/wp\/v2\/rizoma_bike?post=316956"},{"taxonomy":"rizoma_division","embeddable":true,"href":"https:\/\/www.rizoma.com\/de\/wp-json\/wp\/v2\/rizoma_division?post=316956"},{"taxonomy":"rizoma_family","embeddable":true,"href":"https:\/\/www.rizoma.com\/de\/wp-json\/wp\/v2\/rizoma_family?post=316956"},{"taxonomy":"rizoma_model_category","embeddable":true,"href":"https:\/\/www.rizoma.com\/de\/wp-json\/wp\/v2\/rizoma_model_category?post=316956"},{"taxonomy":"rizoma_product_template","embeddable":true,"href":"https:\/\/www.rizoma.com\/de\/wp-json\/wp\/v2\/rizoma_product_template?post=316956"},{"taxonomy":"product_brand","embeddable":true,"href":"https:\/\/www.rizoma.com\/de\/wp-json\/wp\/v2\/product_brand?post=316956"},{"taxonomy":"product_cat","embeddable":true,"href":"https:\/\/www.rizoma.com\/de\/wp-json\/wp\/v2\/product_cat?post=316956"},{"taxonomy":"product_tag","embeddable":true,"href":"https:\/\/www.rizoma.com\/de\/wp-json\/wp\/v2\/product_tag?post=316956"}],"curies":[{"name":"wp","href":"https:\/\/api.w.org\/{rel}","templated":true}]}}