{"id":316951,"date":"2024-11-21T17:15:43","date_gmt":"2024-11-21T16:15:43","guid":{"rendered":"https:\/\/rwp.rizoma.com\/negozio\/ausgleichsbehalterdeckel-kupplung-tp055\/"},"modified":"2025-08-24T14:43:44","modified_gmt":"2025-08-24T12:43:44","slug":"ausgleichsbehalterdeckel-kupplung-tp055","status":"publish","type":"product","link":"https:\/\/www.rizoma.com\/de\/negozio\/ausgleichsbehalter\/TP055\/ausgleichsbehalterdeckel-kupplung-tp055\/","title":{"rendered":"Ausgleichsbeh\u00e4lterdeckel Kupplung"},"content":{"rendered":"<p>Das bis ins kleinste Detail durchdachte Design der aus dem Vollen gearbeiteten Rizoma-Kupplungsausgleichsbeh\u00e4lterdeckel aus reinem Aluminium rundet das Bild Ihrer BMW perfekt ab. Die eloxierte Oberfl\u00e4che sorgt dar\u00fcber hinaus f\u00fcr eine langlebige Optik.<\/p>\n","protected":false},"excerpt":{"rendered":"<p>Das bis ins kleinste Detail durchdachte Design der aus dem Vollen gearbeiteten Rizoma-Kupplungsausgleichsbeh\u00e4lterdeckel aus reinem Aluminium rundet das Bild Ihrer BMW perfekt ab. Die eloxierte Oberfl\u00e4che sorgt dar\u00fcber hinaus f\u00fcr eine langlebige Optik.<\/p>\n","protected":false},"featured_media":303412,"template":"","meta":{"_acf_changed":false},"rizoma_assembly_time":[42753],"rizoma_bike":[43897,43723,43725,43724,42296,42551,42006,41979,42248,41981,41953,42297,42298,42299,42372,42003,42178],"rizoma_division":[42652],"rizoma_family":[42818],"rizoma_model_category":[],"rizoma_product_template":[],"product_brand":[],"product_cat":[42689],"product_tag":[],"class_list":{"0":"post-316951","1":"product","2":"type-product","3":"status-publish","4":"has-post-thumbnail","6":"rizoma_bike-r-12-g-s-2026","7":"rizoma_bike-r-12-ninet-2023-26","8":"rizoma_bike-r-12-ninet-option-719-2023-24","9":"rizoma_bike-r-12-ninet-san-remo-2023-24","10":"rizoma_bike-r-ninet-2021-24","11":"rizoma_bike-r-ninet-100-years-2023","12":"rizoma_bike-r-ninet-1200-2017-20","13":"rizoma_bike-r-ninet-1200-pure-2017-20","14":"rizoma_bike-r-ninet-1200-pure-2020","15":"rizoma_bike-r-ninet-1200-racer-2017-20","16":"rizoma_bike-r-ninet-1200-scrambler-2016-20","17":"rizoma_bike-r-ninet-pure-2021-24","18":"rizoma_bike-r-ninet-scrambler-2021-24","19":"rizoma_bike-r-ninet-urban-gs-2021-24","20":"rizoma_bike-r-ninet-urban-gs-1200-edition-40-years-gs-2021","21":"rizoma_bike-r-ninet-urban-gs-1200-2017-20","22":"rizoma_bike-r-ninet-5-1200-2019-20","23":"product_cat-ausgleichsbehalter","25":"first","26":"instock","27":"taxable","28":"shipping-taxable","29":"purchasable","30":"product-type-variable"},"acf":[],"_links":{"self":[{"href":"https:\/\/www.rizoma.com\/de\/wp-json\/wp\/v2\/product\/316951","targetHints":{"allow":["GET"]}}],"collection":[{"href":"https:\/\/www.rizoma.com\/de\/wp-json\/wp\/v2\/product"}],"about":[{"href":"https:\/\/www.rizoma.com\/de\/wp-json\/wp\/v2\/types\/product"}],"wp:featuredmedia":[{"embeddable":true,"href":"https:\/\/www.rizoma.com\/de\/wp-json\/wp\/v2\/media\/303412"}],"wp:attachment":[{"href":"https:\/\/www.rizoma.com\/de\/wp-json\/wp\/v2\/media?parent=316951"}],"wp:term":[{"taxonomy":"rizoma_assembly_time","embeddable":true,"href":"https:\/\/www.rizoma.com\/de\/wp-json\/wp\/v2\/rizoma_assembly_time?post=316951"},{"taxonomy":"rizoma_bike","embeddable":true,"href":"https:\/\/www.rizoma.com\/de\/wp-json\/wp\/v2\/rizoma_bike?post=316951"},{"taxonomy":"rizoma_division","embeddable":true,"href":"https:\/\/www.rizoma.com\/de\/wp-json\/wp\/v2\/rizoma_division?post=316951"},{"taxonomy":"rizoma_family","embeddable":true,"href":"https:\/\/www.rizoma.com\/de\/wp-json\/wp\/v2\/rizoma_family?post=316951"},{"taxonomy":"rizoma_model_category","embeddable":true,"href":"https:\/\/www.rizoma.com\/de\/wp-json\/wp\/v2\/rizoma_model_category?post=316951"},{"taxonomy":"rizoma_product_template","embeddable":true,"href":"https:\/\/www.rizoma.com\/de\/wp-json\/wp\/v2\/rizoma_product_template?post=316951"},{"taxonomy":"product_brand","embeddable":true,"href":"https:\/\/www.rizoma.com\/de\/wp-json\/wp\/v2\/product_brand?post=316951"},{"taxonomy":"product_cat","embeddable":true,"href":"https:\/\/www.rizoma.com\/de\/wp-json\/wp\/v2\/product_cat?post=316951"},{"taxonomy":"product_tag","embeddable":true,"href":"https:\/\/www.rizoma.com\/de\/wp-json\/wp\/v2\/product_tag?post=316951"}],"curies":[{"name":"wp","href":"https:\/\/api.w.org\/{rel}","templated":true}]}}