{"id":316911,"date":"2024-11-21T17:14:49","date_gmt":"2024-11-21T16:14:49","guid":{"rendered":"https:\/\/rwp.rizoma.com\/negozio\/montagesatz-rizoma-fusrasten-pe667\/"},"modified":"2025-11-22T00:07:32","modified_gmt":"2025-11-21T23:07:32","slug":"zusatzlicher-offroad-fusrasten-satz-pe667","status":"publish","type":"product","link":"https:\/\/www.rizoma.com\/de\/negozio\/fusrasten\/PE667\/zusatzlicher-offroad-fusrasten-satz-pe667\/","title":{"rendered":"Zus\u00e4tzlicher Offroad-Fu\u00dfrasten-Satz"},"content":{"rendered":"<p>Die Off-Road-Fu\u00dfrastenanlage, ein Symbol der Rizoma-Innovation, entwickelt und verfeinert den Urban-Explorer-Geist des Fahrzeugs.<br \/>Die zus\u00e4tzlichen Fu\u00dfrasten, die nach hinten versetzt sind, machen es m\u00f6glich, auch die anspruchsvollsten Offroad-Parcours in einer stabilen stehenden Fahrposition zu bew\u00e4ltigen. Das bedeutet nicht nur mehr Fahrspa\u00df, sondern auch mehr Sicherheit, weil man sein Fahrzeug besser kontrollieren und die Gewichtsverteilung w\u00e4hrend der Fahrt optimieren kann.<br \/>Vielseitigkeit und Komfort sind die bestimmenden Werte des Produkts. Die umfassende Ergonomie-Studie hat nicht nur den Einsatz im Gel\u00e4nde, sondern auch die Praktikabilit\u00e4t im Alltag ber\u00fccksichtigt. Aus diesem Grund sind die Fu\u00dfst\u00fctzen klappbar und tragen zu einem angenehmeren Fahren in der Stadt bei.<br \/>Die Fu\u00dfrasten sowie die S\u00e4tze bestehen aus gefr\u00e4stem Billet-Aluminium und erm\u00f6glichen die Aufnahme eines EPDM-Gummis. Dieser d\u00e4mpft Vibrationen und sorgt f\u00fcr den n\u00f6tigen Grip, um ein komfortables und entspanntes Fahrgef\u00fchl zu gew\u00e4hrleisten. Der Gummi l\u00e4sst sich leicht montieren und passt perfekt in die Z\u00e4hne der Fu\u00dfrasten. Durch das Entfernen des EPDM-Einsatzes wird der Umbau der Fu\u00dfrasten und die Anpassung an einen aggressiveren Fahrstil m\u00f6glich.<br \/>Die \u00e4u\u00dfere Verzahnung aus geb\u00fcrstetem Stahl ist so ausgerichtet, dass ein Verlust des seitlichen Grips verhindert wird, insbesondere wenn der Fahrer mehr Fu\u00dfdruck auf den \u00e4u\u00dferen Teil der Kurbel aus\u00fcbt.<br \/>Fu\u00dfrasten mit T\u00dcV-Zertifizierung.<\/p>\n","protected":false},"excerpt":{"rendered":"<p>Die Off-Road-Fu\u00dfrastenanlage, ein Symbol der Rizoma-Innovation, entwickelt und verfeinert den Urban-Explorer-Geist des Fahrzeugs.Die zus\u00e4tzlichen Fu\u00dfrasten, die nach hinten versetzt sind, machen es m\u00f6glich, auch die anspruchsvollsten Offroad-Parcours in einer stabilen stehenden Fahrposition zu bew\u00e4ltigen. Das bedeutet nicht nur mehr Fahrspa\u00df, sondern auch mehr Sicherheit, weil man sein Fahrzeug besser kontrollieren und die Gewichtsverteilung w\u00e4hrend der [&hellip;]<\/p>\n","protected":false},"featured_media":304146,"template":"","meta":{"_acf_changed":false},"rizoma_assembly_time":[42742],"rizoma_bike":[42323,42484,43872,43873,42510,42417,42418,42419,43874,44012,43875],"rizoma_division":[42652],"rizoma_family":[42746],"rizoma_model_category":[],"rizoma_product_template":[],"product_brand":[],"product_cat":[42751],"product_tag":[],"class_list":{"0":"post-316911","1":"product","2":"type-product","3":"status-publish","4":"has-post-thumbnail","6":"rizoma_bike-x-adv-750-2021","7":"rizoma_bike-x-adv-750-2022","8":"rizoma_bike-x-adv-750-2025-26","9":"rizoma_bike-x-adv-750-adventure-2025-26","10":"rizoma_bike-x-adv-750-dct-2021-24","11":"rizoma_bike-x-adv-750-dct-adventure-2021-24","12":"rizoma_bike-x-adv-750-dct-gravel-2021-24","13":"rizoma_bike-x-adv-750-dct-travel-2021-24","14":"rizoma_bike-x-adv-750-gravel-2025-26","15":"rizoma_bike-x-adv-750-special-edition-2026","16":"rizoma_bike-x-adv-750-travel-2025-26","17":"product_cat-fusrasten","19":"first","20":"instock","21":"taxable","22":"shipping-taxable","23":"purchasable","24":"product-type-variable"},"acf":[],"_links":{"self":[{"href":"https:\/\/www.rizoma.com\/de\/wp-json\/wp\/v2\/product\/316911","targetHints":{"allow":["GET"]}}],"collection":[{"href":"https:\/\/www.rizoma.com\/de\/wp-json\/wp\/v2\/product"}],"about":[{"href":"https:\/\/www.rizoma.com\/de\/wp-json\/wp\/v2\/types\/product"}],"wp:featuredmedia":[{"embeddable":true,"href":"https:\/\/www.rizoma.com\/de\/wp-json\/wp\/v2\/media\/304146"}],"wp:attachment":[{"href":"https:\/\/www.rizoma.com\/de\/wp-json\/wp\/v2\/media?parent=316911"}],"wp:term":[{"taxonomy":"rizoma_assembly_time","embeddable":true,"href":"https:\/\/www.rizoma.com\/de\/wp-json\/wp\/v2\/rizoma_assembly_time?post=316911"},{"taxonomy":"rizoma_bike","embeddable":true,"href":"https:\/\/www.rizoma.com\/de\/wp-json\/wp\/v2\/rizoma_bike?post=316911"},{"taxonomy":"rizoma_division","embeddable":true,"href":"https:\/\/www.rizoma.com\/de\/wp-json\/wp\/v2\/rizoma_division?post=316911"},{"taxonomy":"rizoma_family","embeddable":true,"href":"https:\/\/www.rizoma.com\/de\/wp-json\/wp\/v2\/rizoma_family?post=316911"},{"taxonomy":"rizoma_model_category","embeddable":true,"href":"https:\/\/www.rizoma.com\/de\/wp-json\/wp\/v2\/rizoma_model_category?post=316911"},{"taxonomy":"rizoma_product_template","embeddable":true,"href":"https:\/\/www.rizoma.com\/de\/wp-json\/wp\/v2\/rizoma_product_template?post=316911"},{"taxonomy":"product_brand","embeddable":true,"href":"https:\/\/www.rizoma.com\/de\/wp-json\/wp\/v2\/product_brand?post=316911"},{"taxonomy":"product_cat","embeddable":true,"href":"https:\/\/www.rizoma.com\/de\/wp-json\/wp\/v2\/product_cat?post=316911"},{"taxonomy":"product_tag","embeddable":true,"href":"https:\/\/www.rizoma.com\/de\/wp-json\/wp\/v2\/product_tag?post=316911"}],"curies":[{"name":"wp","href":"https:\/\/api.w.org\/{rel}","templated":true}]}}