{"id":316876,"date":"2024-11-21T17:14:03","date_gmt":"2024-11-21T16:14:03","guid":{"rendered":"https:\/\/rwp.rizoma.com\/negozio\/montagesatz-fur-windschild-zkw038\/"},"modified":"2026-03-02T14:34:36","modified_gmt":"2026-03-02T13:34:36","slug":"montagesatz-fur-windschild-zkw038","status":"publish","type":"product","link":"https:\/\/www.rizoma.com\/de\/negozio\/windschilde\/ZKW038\/montagesatz-fur-windschild-zkw038\/","title":{"rendered":"Montagesatz f\u00fcr Windschild"},"content":{"rendered":"<p>Der Adapter ZKW038 erm\u00f6glicht die Montage des Rizoma-Windschilds CF010 auf einem konischen Rizoma-Lenker oder mit der OEM-Lenker. Jeder Adapter wurde eigens f\u00fcr das entsprechende Motorradmodell entwickelt, um eine bestm\u00f6gliche Befestigung zu gew\u00e4hrleisten.<\/p>\n","protected":false},"excerpt":{"rendered":"<p>Der Adapter ZKW038 erm\u00f6glicht die Montage des Rizoma-Windschilds CF010 auf einem konischen Rizoma-Lenker oder mit der OEM-Lenker. Jeder Adapter wurde eigens f\u00fcr das entsprechende Motorradmodell entwickelt, um eine bestm\u00f6gliche Befestigung zu gew\u00e4hrleisten.<\/p>\n","protected":false},"featured_media":303387,"template":"","meta":{"_acf_changed":false},"rizoma_assembly_time":[42675],"rizoma_bike":[42083,42366,42504,42478,42258,42370,42505],"rizoma_division":[42652],"rizoma_family":[42823],"rizoma_model_category":[],"rizoma_product_template":[],"product_brand":[],"product_cat":[42828],"product_tag":[],"class_list":{"0":"post-316876","1":"product","2":"type-product","3":"status-publish","4":"has-post-thumbnail","6":"rizoma_bike-z-900-rs-2018-20","7":"rizoma_bike-z-900-rs-2021","8":"rizoma_bike-z-900-rs-2022-25","9":"rizoma_bike-z-900-rs-50th-anniversary-2022","10":"rizoma_bike-z-900-rs-performance-2020","11":"rizoma_bike-z-900-rs-performance-2021-22","12":"rizoma_bike-z-900-rs-se-2022-25","13":"product_cat-windschilde","15":"first","16":"outofstock","17":"taxable","18":"shipping-taxable","19":"purchasable","20":"product-type-variable"},"acf":[],"_links":{"self":[{"href":"https:\/\/www.rizoma.com\/de\/wp-json\/wp\/v2\/product\/316876","targetHints":{"allow":["GET"]}}],"collection":[{"href":"https:\/\/www.rizoma.com\/de\/wp-json\/wp\/v2\/product"}],"about":[{"href":"https:\/\/www.rizoma.com\/de\/wp-json\/wp\/v2\/types\/product"}],"wp:featuredmedia":[{"embeddable":true,"href":"https:\/\/www.rizoma.com\/de\/wp-json\/wp\/v2\/media\/303387"}],"wp:attachment":[{"href":"https:\/\/www.rizoma.com\/de\/wp-json\/wp\/v2\/media?parent=316876"}],"wp:term":[{"taxonomy":"rizoma_assembly_time","embeddable":true,"href":"https:\/\/www.rizoma.com\/de\/wp-json\/wp\/v2\/rizoma_assembly_time?post=316876"},{"taxonomy":"rizoma_bike","embeddable":true,"href":"https:\/\/www.rizoma.com\/de\/wp-json\/wp\/v2\/rizoma_bike?post=316876"},{"taxonomy":"rizoma_division","embeddable":true,"href":"https:\/\/www.rizoma.com\/de\/wp-json\/wp\/v2\/rizoma_division?post=316876"},{"taxonomy":"rizoma_family","embeddable":true,"href":"https:\/\/www.rizoma.com\/de\/wp-json\/wp\/v2\/rizoma_family?post=316876"},{"taxonomy":"rizoma_model_category","embeddable":true,"href":"https:\/\/www.rizoma.com\/de\/wp-json\/wp\/v2\/rizoma_model_category?post=316876"},{"taxonomy":"rizoma_product_template","embeddable":true,"href":"https:\/\/www.rizoma.com\/de\/wp-json\/wp\/v2\/rizoma_product_template?post=316876"},{"taxonomy":"product_brand","embeddable":true,"href":"https:\/\/www.rizoma.com\/de\/wp-json\/wp\/v2\/product_brand?post=316876"},{"taxonomy":"product_cat","embeddable":true,"href":"https:\/\/www.rizoma.com\/de\/wp-json\/wp\/v2\/product_cat?post=316876"},{"taxonomy":"product_tag","embeddable":true,"href":"https:\/\/www.rizoma.com\/de\/wp-json\/wp\/v2\/product_tag?post=316876"}],"curies":[{"name":"wp","href":"https:\/\/api.w.org\/{rel}","templated":true}]}}