{"id":316776,"date":"2024-11-21T17:11:46","date_gmt":"2024-11-21T16:11:46","guid":{"rendered":"https:\/\/rwp.rizoma.com\/negozio\/spiegel-montagesatz-motorrad-verkleidung-bs737\/"},"modified":"2025-07-24T18:33:05","modified_gmt":"2025-07-24T16:33:05","slug":"spiegel-montagesatz-motorrad-verkleidung-bs737","status":"publish","type":"product","link":"https:\/\/www.rizoma.com\/de\/negozio\/spiegel\/BS737\/spiegel-montagesatz-motorrad-verkleidung-bs737\/","title":{"rendered":"Spiegel Montagesatz Motorrad-Verkleidung"},"content":{"rendered":"<p>Jeder Rizoma-Spiegeladapter wurde eigens f\u00fcr das entsprechende Motorradmodell entwickelt, um eine bestm\u00f6gliche Befestigung an der Verkleidung zu gew\u00e4hrleisten. Aus Aluminium gearbeitet, um selbst bei starker Beanspruchung Robustheit und Langlebigkeit zu gew\u00e4hrleisten.<\/p>\n","protected":false},"excerpt":{"rendered":"<p>Jeder Rizoma-Spiegeladapter wurde eigens f\u00fcr das entsprechende Motorradmodell entwickelt, um eine bestm\u00f6gliche Befestigung an der Verkleidung zu gew\u00e4hrleisten. Aus Aluminium gearbeitet, um selbst bei starker Beanspruchung Robustheit und Langlebigkeit zu gew\u00e4hrleisten.<\/p>\n","protected":false},"featured_media":302762,"template":"","meta":{"_acf_changed":false},"rizoma_assembly_time":[42664],"rizoma_bike":[42233,42573,42497,42354,42355,42576,41618,41619,41620,41993,41910,41994,42134,41911,41752],"rizoma_division":[42652],"rizoma_family":[42668],"rizoma_model_category":[],"rizoma_product_template":[],"product_brand":[],"product_cat":[42673],"product_tag":[],"class_list":{"0":"post-316776","1":"product","2":"type-product","3":"status-publish","4":"has-post-thumbnail","6":"rizoma_bike-rs-660-2020-24","7":"rizoma_bike-rs-660-extrema-2023-24","8":"rizoma_bike-rs-660-limited-edition-2020-23","9":"rizoma_bike-rsv4-1100-2021-24","10":"rizoma_bike-rsv4-1100-factory-2021-24","11":"rizoma_bike-rsv4-1100-factory-speed-white-2023-24","12":"rizoma_bike-rsv4-factory-2009-12","13":"rizoma_bike-rsv4-factory-aprc-abs-2011-15","14":"rizoma_bike-rsv4-r-2009-12","15":"rizoma_bike-rsv4-rf-2017-19","16":"rizoma_bike-rsv4-rf-abs-2015-17","17":"rizoma_bike-rsv4-rr-2017-18","18":"rizoma_bike-rsv4-rr-2019-20","19":"rizoma_bike-rsv4-rr-abs-2015-17","20":"rizoma_bike-rsv4-rr-aprc-abs-2011-15","21":"product_cat-spiegel","23":"first","24":"instock","25":"taxable","26":"shipping-taxable","27":"purchasable","28":"product-type-variable"},"acf":[],"_links":{"self":[{"href":"https:\/\/www.rizoma.com\/de\/wp-json\/wp\/v2\/product\/316776","targetHints":{"allow":["GET"]}}],"collection":[{"href":"https:\/\/www.rizoma.com\/de\/wp-json\/wp\/v2\/product"}],"about":[{"href":"https:\/\/www.rizoma.com\/de\/wp-json\/wp\/v2\/types\/product"}],"wp:featuredmedia":[{"embeddable":true,"href":"https:\/\/www.rizoma.com\/de\/wp-json\/wp\/v2\/media\/302762"}],"wp:attachment":[{"href":"https:\/\/www.rizoma.com\/de\/wp-json\/wp\/v2\/media?parent=316776"}],"wp:term":[{"taxonomy":"rizoma_assembly_time","embeddable":true,"href":"https:\/\/www.rizoma.com\/de\/wp-json\/wp\/v2\/rizoma_assembly_time?post=316776"},{"taxonomy":"rizoma_bike","embeddable":true,"href":"https:\/\/www.rizoma.com\/de\/wp-json\/wp\/v2\/rizoma_bike?post=316776"},{"taxonomy":"rizoma_division","embeddable":true,"href":"https:\/\/www.rizoma.com\/de\/wp-json\/wp\/v2\/rizoma_division?post=316776"},{"taxonomy":"rizoma_family","embeddable":true,"href":"https:\/\/www.rizoma.com\/de\/wp-json\/wp\/v2\/rizoma_family?post=316776"},{"taxonomy":"rizoma_model_category","embeddable":true,"href":"https:\/\/www.rizoma.com\/de\/wp-json\/wp\/v2\/rizoma_model_category?post=316776"},{"taxonomy":"rizoma_product_template","embeddable":true,"href":"https:\/\/www.rizoma.com\/de\/wp-json\/wp\/v2\/rizoma_product_template?post=316776"},{"taxonomy":"product_brand","embeddable":true,"href":"https:\/\/www.rizoma.com\/de\/wp-json\/wp\/v2\/product_brand?post=316776"},{"taxonomy":"product_cat","embeddable":true,"href":"https:\/\/www.rizoma.com\/de\/wp-json\/wp\/v2\/product_cat?post=316776"},{"taxonomy":"product_tag","embeddable":true,"href":"https:\/\/www.rizoma.com\/de\/wp-json\/wp\/v2\/product_tag?post=316776"}],"curies":[{"name":"wp","href":"https:\/\/api.w.org\/{rel}","templated":true}]}}