{"id":316746,"date":"2024-11-21T17:11:06","date_gmt":"2024-11-21T16:11:06","guid":{"rendered":"https:\/\/rwp.rizoma.com\/negozio\/kennzeichentrager-kit-side-arm-pt607\/"},"modified":"2025-01-14T12:26:23","modified_gmt":"2025-01-14T11:26:23","slug":"kennzeichentrager-kit-side-arm-pt607","status":"publish","type":"product","link":"https:\/\/www.rizoma.com\/de\/negozio\/kennzeichentrager\/PT607\/kennzeichentrager-kit-side-arm-pt607\/motorbike\/10000222\/vespa\/gts-310-super\/","title":{"rendered":"Kennzeichentr\u00e4ger-Kit Side Arm"},"content":{"rendered":"<p>Das Kennzeichentr\u00e4ger-Kit Side Arm mit aus dem Vollen gearbeitetem, strukturellen Aluminiumarm erm\u00f6glicht eine komplette Umgestaltung der Heckumgebung. Perfektes Design und hochwertiges Material gew\u00e4hrleisten nicht nur ausgezeichnete Performance und eine ansprechende \u00e4sthetische Optik, sondern erf\u00fcllen auch alle gesetzlichen Vorschriften. Es l\u00e4sst sich einfach montieren, da es speziell f\u00fcr das jeweilige Motorradmodell entwickelt wurde, f\u00fcr das es bestimmt ist. Das Kit enth\u00e4lt eine Kennzeichenplatte 173 x 173 mm, eine US-Kennzeichenplatte, die Rizoma-Blinkerhalter, die (stra\u00dfenzugelassene) LED-SMD-Kennzeichenbeleuchtung und den R\u00fcckstrahler. Der Rizoma Kennzeichentr\u00e4ger Side Arm ist mit dem Rizoma Carbon-Kotfl\u00fcgel ZDM098K kompatibel. Der Kennzeichentr\u00e4ger Side Arm verf\u00fcgt \u00fcber eine ABE.<\/p>\n","protected":false},"excerpt":{"rendered":"<p>Das Kennzeichentr\u00e4ger-Kit Side Arm mit aus dem Vollen gearbeitetem, strukturellen Aluminiumarm erm\u00f6glicht eine komplette Umgestaltung der Heckumgebung. Perfektes Design und hochwertiges Material gew\u00e4hrleisten nicht nur ausgezeichnete Performance und eine ansprechende \u00e4sthetische Optik, sondern erf\u00fcllen auch alle gesetzlichen Vorschriften. Es l\u00e4sst sich einfach montieren, da es speziell f\u00fcr das jeweilige Motorradmodell entwickelt wurde, f\u00fcr das es [&hellip;]<\/p>\n","protected":false},"featured_media":301812,"template":"","meta":{"_acf_changed":false},"rizoma_assembly_time":[42691],"rizoma_bike":[42040,42578,44369,42391,44366,44377],"rizoma_division":[42652],"rizoma_family":[],"rizoma_model_category":[],"rizoma_product_template":[],"product_brand":[],"product_cat":[42767],"product_tag":[],"class_list":{"0":"post-316746","1":"product","2":"type-product","3":"status-publish","4":"has-post-thumbnail","6":"rizoma_bike-f3-800-eas-abs-2017-20","7":"rizoma_bike-f3-800-r-2023-26","8":"rizoma_bike-f3-800-rc-2022-25","9":"rizoma_bike-f3-800-rosso-2021-23","10":"rizoma_bike-f3-800-rr-2022-25","11":"rizoma_bike-f3-800-rr-ottantesimo-2025-26","12":"product_cat-kennzeichentrager","14":"first","15":"instock","16":"sale","17":"taxable","18":"shipping-taxable","19":"purchasable","20":"product-type-variable"},"acf":[],"_links":{"self":[{"href":"https:\/\/www.rizoma.com\/de\/wp-json\/wp\/v2\/product\/316746","targetHints":{"allow":["GET"]}}],"collection":[{"href":"https:\/\/www.rizoma.com\/de\/wp-json\/wp\/v2\/product"}],"about":[{"href":"https:\/\/www.rizoma.com\/de\/wp-json\/wp\/v2\/types\/product"}],"wp:featuredmedia":[{"embeddable":true,"href":"https:\/\/www.rizoma.com\/de\/wp-json\/wp\/v2\/media\/301812"}],"wp:attachment":[{"href":"https:\/\/www.rizoma.com\/de\/wp-json\/wp\/v2\/media?parent=316746"}],"wp:term":[{"taxonomy":"rizoma_assembly_time","embeddable":true,"href":"https:\/\/www.rizoma.com\/de\/wp-json\/wp\/v2\/rizoma_assembly_time?post=316746"},{"taxonomy":"rizoma_bike","embeddable":true,"href":"https:\/\/www.rizoma.com\/de\/wp-json\/wp\/v2\/rizoma_bike?post=316746"},{"taxonomy":"rizoma_division","embeddable":true,"href":"https:\/\/www.rizoma.com\/de\/wp-json\/wp\/v2\/rizoma_division?post=316746"},{"taxonomy":"rizoma_family","embeddable":true,"href":"https:\/\/www.rizoma.com\/de\/wp-json\/wp\/v2\/rizoma_family?post=316746"},{"taxonomy":"rizoma_model_category","embeddable":true,"href":"https:\/\/www.rizoma.com\/de\/wp-json\/wp\/v2\/rizoma_model_category?post=316746"},{"taxonomy":"rizoma_product_template","embeddable":true,"href":"https:\/\/www.rizoma.com\/de\/wp-json\/wp\/v2\/rizoma_product_template?post=316746"},{"taxonomy":"product_brand","embeddable":true,"href":"https:\/\/www.rizoma.com\/de\/wp-json\/wp\/v2\/product_brand?post=316746"},{"taxonomy":"product_cat","embeddable":true,"href":"https:\/\/www.rizoma.com\/de\/wp-json\/wp\/v2\/product_cat?post=316746"},{"taxonomy":"product_tag","embeddable":true,"href":"https:\/\/www.rizoma.com\/de\/wp-json\/wp\/v2\/product_tag?post=316746"}],"curies":[{"name":"wp","href":"https:\/\/api.w.org\/{rel}","templated":true}]}}