{"id":316729,"date":"2024-11-21T17:10:39","date_gmt":"2024-11-21T16:10:39","guid":{"rendered":"https:\/\/rwp.rizoma.com\/negozio\/windschild-mit-montagesatz-zvp010\/"},"modified":"2026-04-02T12:20:16","modified_gmt":"2026-04-02T10:20:16","slug":"windschild-mit-montagesatz-zvp010","status":"publish","type":"product","link":"https:\/\/www.rizoma.com\/de\/negozio\/windschilde\/ZVP010\/windschild-mit-montagesatz-zvp010\/motorbike\/7304\/moto-guzzi\/v7\/","title":{"rendered":"Windschild mit Montagesatz"},"content":{"rendered":"<p>Das Windschild von Rizoma ist ein unerl\u00e4ssliches Zubeh\u00f6rteil f\u00fcr jeden Vespa-Fahrer, der Wert auf Funktionalit\u00e4t und \u00c4sthetik legt. Die Verkleidung besteht aus hochwertigem Aluminium und bietet mehrere H\u00f6henverstellm\u00f6glichkeiten, um den Windwiderstand w\u00e4hrend der Fahrt zu minimieren und gleichzeitig einzigartige \u00c4sthetik zu bieten. Die Liebe zum Detail wird durch die externen Lasergravuren, die die Phasen der Entwicklung zeigen, und die internen Gravuren, die die Qualit\u00e4t der Materialien widerspiegeln, unterstrichen. Mit dem Rizoma Windschild steht ungetr\u00fcbtem Fahrspa\u00df nichts mehr im Wege. Mit ABE und in 2 Farben erh\u00e4ltlich.<\/p>\n","protected":false},"excerpt":{"rendered":"<p>Das Windschild von Rizoma ist ein unerl\u00e4ssliches Zubeh\u00f6rteil f\u00fcr jeden Vespa-Fahrer, der Wert auf Funktionalit\u00e4t und \u00c4sthetik legt. Die Verkleidung besteht aus hochwertigem Aluminium und bietet mehrere H\u00f6henverstellm\u00f6glichkeiten, um den Windwiderstand w\u00e4hrend der Fahrt zu minimieren und gleichzeitig einzigartige \u00c4sthetik zu bieten. Die Liebe zum Detail wird durch die externen Lasergravuren, die die Phasen der [&hellip;]<\/p>\n","protected":false},"featured_media":302007,"template":"","meta":{"_acf_changed":false},"rizoma_assembly_time":[42742],"rizoma_bike":[42558,42557,42561,42560],"rizoma_division":[42652],"rizoma_family":[],"rizoma_model_category":[],"rizoma_product_template":[],"product_brand":[],"product_cat":[42828],"product_tag":[],"class_list":{"0":"post-316729","1":"product","2":"type-product","3":"status-publish","4":"has-post-thumbnail","6":"rizoma_bike-gts-2015-2017","7":"rizoma_bike-gts-2018-2022","8":"rizoma_bike-gts-super-2015-2017","9":"rizoma_bike-gts-super-2018-2022","10":"product_cat-windschilde","12":"first","13":"instock","14":"sale","15":"taxable","16":"shipping-taxable","17":"purchasable","18":"product-type-variable"},"acf":[],"_links":{"self":[{"href":"https:\/\/www.rizoma.com\/de\/wp-json\/wp\/v2\/product\/316729","targetHints":{"allow":["GET"]}}],"collection":[{"href":"https:\/\/www.rizoma.com\/de\/wp-json\/wp\/v2\/product"}],"about":[{"href":"https:\/\/www.rizoma.com\/de\/wp-json\/wp\/v2\/types\/product"}],"wp:featuredmedia":[{"embeddable":true,"href":"https:\/\/www.rizoma.com\/de\/wp-json\/wp\/v2\/media\/302007"}],"wp:attachment":[{"href":"https:\/\/www.rizoma.com\/de\/wp-json\/wp\/v2\/media?parent=316729"}],"wp:term":[{"taxonomy":"rizoma_assembly_time","embeddable":true,"href":"https:\/\/www.rizoma.com\/de\/wp-json\/wp\/v2\/rizoma_assembly_time?post=316729"},{"taxonomy":"rizoma_bike","embeddable":true,"href":"https:\/\/www.rizoma.com\/de\/wp-json\/wp\/v2\/rizoma_bike?post=316729"},{"taxonomy":"rizoma_division","embeddable":true,"href":"https:\/\/www.rizoma.com\/de\/wp-json\/wp\/v2\/rizoma_division?post=316729"},{"taxonomy":"rizoma_family","embeddable":true,"href":"https:\/\/www.rizoma.com\/de\/wp-json\/wp\/v2\/rizoma_family?post=316729"},{"taxonomy":"rizoma_model_category","embeddable":true,"href":"https:\/\/www.rizoma.com\/de\/wp-json\/wp\/v2\/rizoma_model_category?post=316729"},{"taxonomy":"rizoma_product_template","embeddable":true,"href":"https:\/\/www.rizoma.com\/de\/wp-json\/wp\/v2\/rizoma_product_template?post=316729"},{"taxonomy":"product_brand","embeddable":true,"href":"https:\/\/www.rizoma.com\/de\/wp-json\/wp\/v2\/product_brand?post=316729"},{"taxonomy":"product_cat","embeddable":true,"href":"https:\/\/www.rizoma.com\/de\/wp-json\/wp\/v2\/product_cat?post=316729"},{"taxonomy":"product_tag","embeddable":true,"href":"https:\/\/www.rizoma.com\/de\/wp-json\/wp\/v2\/product_tag?post=316729"}],"curies":[{"name":"wp","href":"https:\/\/api.w.org\/{rel}","templated":true}]}}