{"id":316489,"date":"2024-11-21T17:05:09","date_gmt":"2024-11-21T16:05:09","guid":{"rendered":"https:\/\/rwp.rizoma.com\/negozio\/hinterradachsenschutz-sport-r-pwr108\/"},"modified":"2025-12-18T00:37:13","modified_gmt":"2025-12-17T23:37:13","slug":"hinterradachsenschutz-sport-r-pwr108","status":"publish","type":"product","link":"https:\/\/www.rizoma.com\/de\/negozio\/radachsenschutz\/PWR108\/hinterradachsenschutz-sport-r-pwr108\/","title":{"rendered":"Hinterradachsenschutz  Sport R"},"content":{"rendered":"<p>Gabel und Schwinge z\u00e4hlen zu den Teilen, die bei einem Sturz als erstes mit dem Boden in Kontakt kommen. Die Radachsenschutzvorrichtungen \u201eSPORT R wurden speziell f\u00fcr Supersportbikes und die Rennstrecke entwickelt. Zus\u00e4tzlich zur Verringerung der Bodenreibung und Abd\u00e4mpfung der Sto\u00dfwirkung bei einem Sturz erm\u00f6glichen sie das schnelle Abziehen und Einsetzen der Radachsen, um den Radwechsel vorne und hinten zu erleichtern. Aus dem Vollen gearbeitetes Tr\u00e4gerelement aus Aluminium und austauschbarer Slider aus Delrin\u00ae. Ein optimales Zusammenspiel aus \u00c4sthetik, Leichtigkeit und Funktionalit\u00e4t.<\/p>\n","protected":false},"excerpt":{"rendered":"<p>Gabel und Schwinge z\u00e4hlen zu den Teilen, die bei einem Sturz als erstes mit dem Boden in Kontakt kommen. Die Radachsenschutzvorrichtungen \u201eSPORT R wurden speziell f\u00fcr Supersportbikes und die Rennstrecke entwickelt. Zus\u00e4tzlich zur Verringerung der Bodenreibung und Abd\u00e4mpfung der Sto\u00dfwirkung bei einem Sturz erm\u00f6glichen sie das schnelle Abziehen und Einsetzen der Radachsen, um den Radwechsel [&hellip;]<\/p>\n","protected":false},"featured_media":296542,"template":"","meta":{"_acf_changed":false},"rizoma_assembly_time":[42664],"rizoma_bike":[42053,41947,41992,42058],"rizoma_division":[42652],"rizoma_family":[],"rizoma_model_category":[],"rizoma_product_template":[],"product_brand":[],"product_cat":[42994],"product_tag":[],"class_list":{"0":"post-316489","1":"product","2":"type-product","3":"status-publish","4":"has-post-thumbnail","6":"rizoma_bike-mt-10-2017-20","7":"rizoma_bike-mt-10-abs-2016-17","8":"rizoma_bike-mt-10-sp-2017-20","9":"rizoma_bike-mt-10-tourer-edition-2017-20","10":"product_cat-radachsenschutz","12":"first","13":"instock","14":"sale","15":"taxable","16":"shipping-taxable","17":"purchasable","18":"product-type-variable"},"acf":[],"_links":{"self":[{"href":"https:\/\/www.rizoma.com\/de\/wp-json\/wp\/v2\/product\/316489","targetHints":{"allow":["GET"]}}],"collection":[{"href":"https:\/\/www.rizoma.com\/de\/wp-json\/wp\/v2\/product"}],"about":[{"href":"https:\/\/www.rizoma.com\/de\/wp-json\/wp\/v2\/types\/product"}],"wp:featuredmedia":[{"embeddable":true,"href":"https:\/\/www.rizoma.com\/de\/wp-json\/wp\/v2\/media\/296542"}],"wp:attachment":[{"href":"https:\/\/www.rizoma.com\/de\/wp-json\/wp\/v2\/media?parent=316489"}],"wp:term":[{"taxonomy":"rizoma_assembly_time","embeddable":true,"href":"https:\/\/www.rizoma.com\/de\/wp-json\/wp\/v2\/rizoma_assembly_time?post=316489"},{"taxonomy":"rizoma_bike","embeddable":true,"href":"https:\/\/www.rizoma.com\/de\/wp-json\/wp\/v2\/rizoma_bike?post=316489"},{"taxonomy":"rizoma_division","embeddable":true,"href":"https:\/\/www.rizoma.com\/de\/wp-json\/wp\/v2\/rizoma_division?post=316489"},{"taxonomy":"rizoma_family","embeddable":true,"href":"https:\/\/www.rizoma.com\/de\/wp-json\/wp\/v2\/rizoma_family?post=316489"},{"taxonomy":"rizoma_model_category","embeddable":true,"href":"https:\/\/www.rizoma.com\/de\/wp-json\/wp\/v2\/rizoma_model_category?post=316489"},{"taxonomy":"rizoma_product_template","embeddable":true,"href":"https:\/\/www.rizoma.com\/de\/wp-json\/wp\/v2\/rizoma_product_template?post=316489"},{"taxonomy":"product_brand","embeddable":true,"href":"https:\/\/www.rizoma.com\/de\/wp-json\/wp\/v2\/product_brand?post=316489"},{"taxonomy":"product_cat","embeddable":true,"href":"https:\/\/www.rizoma.com\/de\/wp-json\/wp\/v2\/product_cat?post=316489"},{"taxonomy":"product_tag","embeddable":true,"href":"https:\/\/www.rizoma.com\/de\/wp-json\/wp\/v2\/product_tag?post=316489"}],"curies":[{"name":"wp","href":"https:\/\/api.w.org\/{rel}","templated":true}]}}