{"id":316239,"date":"2024-11-21T16:59:24","date_gmt":"2024-11-21T15:59:24","guid":{"rendered":"https:\/\/rwp.rizoma.com\/negozio\/kit-kennzeichentrager-fox-pt228\/"},"modified":"2025-01-14T11:32:16","modified_gmt":"2025-01-14T10:32:16","slug":"kit-kennzeichentrager-fox-pt228","status":"publish","type":"product","link":"https:\/\/www.rizoma.com\/de\/negozio\/kennzeichentrager\/PT228\/kit-kennzeichentrager-fox-pt228\/motorbike\/9625\/yamaha\/mt-07\/","title":{"rendered":"Kit Kennzeichentr\u00e4ger Fox"},"content":{"rendered":"<p>Der aus Aluminium gefertigte Kennzeichentr\u00e4ger Fox ist speziell f\u00fcr das jeweilige Motorradmodell konzipiert. Dadurch passt er sich nicht nur perfekt an die Liniengebung des Motorrads an, sondern punktet zudem durch eine einfache und schnelle Montage. Jedes Kit enth\u00e4lt alle ben\u00f6tigten Montageteile, wobei keine Ver\u00e4nderungen an OEM-Teilen vorgenommen werden m\u00fcssen. Maximale Funktionalit\u00e4t auf kleinstem Raum und Einhaltung der Zulassungsstandards. Die Fox-Kits enthalten eine SMD-LED-Kennzeichenbeleuchtung, einen Reflektor und Adapter f\u00fcr Rizoma-Blinker, sind verstellbar und mit einem Feststeller zur Fixierung der korrekten Neigung ausgestattet.<\/p>\n","protected":false},"excerpt":{"rendered":"<p>Der aus Aluminium gefertigte Kennzeichentr\u00e4ger Fox ist speziell f\u00fcr das jeweilige Motorradmodell konzipiert. Dadurch passt er sich nicht nur perfekt an die Liniengebung des Motorrads an, sondern punktet zudem durch eine einfache und schnelle Montage. Jedes Kit enth\u00e4lt alle ben\u00f6tigten Montageteile, wobei keine Ver\u00e4nderungen an OEM-Teilen vorgenommen werden m\u00fcssen. Maximale Funktionalit\u00e4t auf kleinstem Raum und [&hellip;]<\/p>\n","protected":false},"featured_media":340940,"template":"","meta":{"_acf_changed":false},"rizoma_assembly_time":[42789],"rizoma_bike":[42023,42024,42025,42120,42225,42386,42226,42378],"rizoma_division":[42652],"rizoma_family":[],"rizoma_model_category":[],"rizoma_product_template":[],"product_brand":[],"product_cat":[42767],"product_tag":[],"class_list":{"0":"post-316239","1":"product","2":"type-product","3":"status-publish","4":"has-post-thumbnail","6":"rizoma_bike-t-max-530-2017-19","7":"rizoma_bike-t-max-530-dx-2017-19","8":"rizoma_bike-t-max-530-sx-2017-19","9":"rizoma_bike-t-max-530-sx-sport-edition-2018-19","10":"rizoma_bike-t-max-560-2020-21","11":"rizoma_bike-t-max-560-20-anniversario-2021","12":"rizoma_bike-t-max-560-tech-max-2020","13":"rizoma_bike-t-max-560-tech-max-2021","14":"product_cat-kennzeichentrager","16":"first","17":"instock","18":"taxable","19":"shipping-taxable","20":"purchasable","21":"product-type-variable"},"acf":[],"_links":{"self":[{"href":"https:\/\/www.rizoma.com\/de\/wp-json\/wp\/v2\/product\/316239","targetHints":{"allow":["GET"]}}],"collection":[{"href":"https:\/\/www.rizoma.com\/de\/wp-json\/wp\/v2\/product"}],"about":[{"href":"https:\/\/www.rizoma.com\/de\/wp-json\/wp\/v2\/types\/product"}],"wp:featuredmedia":[{"embeddable":true,"href":"https:\/\/www.rizoma.com\/de\/wp-json\/wp\/v2\/media\/340940"}],"wp:attachment":[{"href":"https:\/\/www.rizoma.com\/de\/wp-json\/wp\/v2\/media?parent=316239"}],"wp:term":[{"taxonomy":"rizoma_assembly_time","embeddable":true,"href":"https:\/\/www.rizoma.com\/de\/wp-json\/wp\/v2\/rizoma_assembly_time?post=316239"},{"taxonomy":"rizoma_bike","embeddable":true,"href":"https:\/\/www.rizoma.com\/de\/wp-json\/wp\/v2\/rizoma_bike?post=316239"},{"taxonomy":"rizoma_division","embeddable":true,"href":"https:\/\/www.rizoma.com\/de\/wp-json\/wp\/v2\/rizoma_division?post=316239"},{"taxonomy":"rizoma_family","embeddable":true,"href":"https:\/\/www.rizoma.com\/de\/wp-json\/wp\/v2\/rizoma_family?post=316239"},{"taxonomy":"rizoma_model_category","embeddable":true,"href":"https:\/\/www.rizoma.com\/de\/wp-json\/wp\/v2\/rizoma_model_category?post=316239"},{"taxonomy":"rizoma_product_template","embeddable":true,"href":"https:\/\/www.rizoma.com\/de\/wp-json\/wp\/v2\/rizoma_product_template?post=316239"},{"taxonomy":"product_brand","embeddable":true,"href":"https:\/\/www.rizoma.com\/de\/wp-json\/wp\/v2\/product_brand?post=316239"},{"taxonomy":"product_cat","embeddable":true,"href":"https:\/\/www.rizoma.com\/de\/wp-json\/wp\/v2\/product_cat?post=316239"},{"taxonomy":"product_tag","embeddable":true,"href":"https:\/\/www.rizoma.com\/de\/wp-json\/wp\/v2\/product_tag?post=316239"}],"curies":[{"name":"wp","href":"https:\/\/api.w.org\/{rel}","templated":true}]}}