{"id":316079,"date":"2024-11-21T16:55:53","date_gmt":"2024-11-21T15:55:53","guid":{"rendered":"https:\/\/rwp.rizoma.com\/negozio\/seitlicher-sturzpad-pro-pm205\/"},"modified":"2025-12-18T00:36:43","modified_gmt":"2025-12-17T23:36:43","slug":"seitlicher-sturzpad-pro-pm205","status":"publish","type":"product","link":"https:\/\/www.rizoma.com\/de\/negozio\/seitlicher-sturzpad\/PM205\/seitlicher-sturzpad-pro-pm205\/","title":{"rendered":"Seitlicher Sturzpad Pro"},"content":{"rendered":"<p>Die Rizoma-Motorschutzvorrichtungen sind eigens f\u00fcr das jeweilige Motorradmodell konzipiert, um ein H\u00f6chstma\u00df an Kompatibilit\u00e4t und Funktionalit\u00e4t sowie eine einfache und schnelle Montage sicherzustellen.<br \/>Das Tr\u00e4gerelement ist aus Aluminium aus dem Vollen gearbeitet, w\u00e4hrend der im Fall eines Sturzes austauschbare Slider aus Delrin\u00ae besteht.<\/p>\n","protected":false},"excerpt":{"rendered":"<p>Die Rizoma-Motorschutzvorrichtungen sind eigens f\u00fcr das jeweilige Motorradmodell konzipiert, um ein H\u00f6chstma\u00df an Kompatibilit\u00e4t und Funktionalit\u00e4t sowie eine einfache und schnelle Montage sicherzustellen.Das Tr\u00e4gerelement ist aus Aluminium aus dem Vollen gearbeitet, w\u00e4hrend der im Fall eines Sturzes austauschbare Slider aus Delrin\u00ae besteht.<\/p>\n","protected":false},"featured_media":297037,"template":"","meta":{"_acf_changed":false},"rizoma_assembly_time":[42789],"rizoma_bike":[41719,41728,41729,41725],"rizoma_division":[42652],"rizoma_family":[],"rizoma_model_category":[],"rizoma_product_template":[],"product_brand":[],"product_cat":[42757],"product_tag":[],"class_list":{"0":"post-316079","1":"product","2":"type-product","3":"status-publish","4":"has-post-thumbnail","6":"rizoma_bike-yzf-r1-2002-03","7":"rizoma_bike-yzf-r6-2003-04","8":"rizoma_bike-yzf-r6-2005-06","9":"rizoma_bike-yzf-r6-2005","10":"product_cat-seitlicher-sturzpad","12":"first","13":"instock","14":"sale","15":"taxable","16":"shipping-taxable","17":"purchasable","18":"product-type-variable"},"acf":[],"_links":{"self":[{"href":"https:\/\/www.rizoma.com\/de\/wp-json\/wp\/v2\/product\/316079","targetHints":{"allow":["GET"]}}],"collection":[{"href":"https:\/\/www.rizoma.com\/de\/wp-json\/wp\/v2\/product"}],"about":[{"href":"https:\/\/www.rizoma.com\/de\/wp-json\/wp\/v2\/types\/product"}],"wp:featuredmedia":[{"embeddable":true,"href":"https:\/\/www.rizoma.com\/de\/wp-json\/wp\/v2\/media\/297037"}],"wp:attachment":[{"href":"https:\/\/www.rizoma.com\/de\/wp-json\/wp\/v2\/media?parent=316079"}],"wp:term":[{"taxonomy":"rizoma_assembly_time","embeddable":true,"href":"https:\/\/www.rizoma.com\/de\/wp-json\/wp\/v2\/rizoma_assembly_time?post=316079"},{"taxonomy":"rizoma_bike","embeddable":true,"href":"https:\/\/www.rizoma.com\/de\/wp-json\/wp\/v2\/rizoma_bike?post=316079"},{"taxonomy":"rizoma_division","embeddable":true,"href":"https:\/\/www.rizoma.com\/de\/wp-json\/wp\/v2\/rizoma_division?post=316079"},{"taxonomy":"rizoma_family","embeddable":true,"href":"https:\/\/www.rizoma.com\/de\/wp-json\/wp\/v2\/rizoma_family?post=316079"},{"taxonomy":"rizoma_model_category","embeddable":true,"href":"https:\/\/www.rizoma.com\/de\/wp-json\/wp\/v2\/rizoma_model_category?post=316079"},{"taxonomy":"rizoma_product_template","embeddable":true,"href":"https:\/\/www.rizoma.com\/de\/wp-json\/wp\/v2\/rizoma_product_template?post=316079"},{"taxonomy":"product_brand","embeddable":true,"href":"https:\/\/www.rizoma.com\/de\/wp-json\/wp\/v2\/product_brand?post=316079"},{"taxonomy":"product_cat","embeddable":true,"href":"https:\/\/www.rizoma.com\/de\/wp-json\/wp\/v2\/product_cat?post=316079"},{"taxonomy":"product_tag","embeddable":true,"href":"https:\/\/www.rizoma.com\/de\/wp-json\/wp\/v2\/product_tag?post=316079"}],"curies":[{"name":"wp","href":"https:\/\/api.w.org\/{rel}","templated":true}]}}