{"id":316059,"date":"2024-11-21T16:55:29","date_gmt":"2024-11-21T15:55:29","guid":{"rendered":"https:\/\/rwp.rizoma.com\/negozio\/motorschutz-shape-pm118\/"},"modified":"2025-01-14T11:54:14","modified_gmt":"2025-01-14T10:54:14","slug":"motorschutz-shape-pm118","status":"publish","type":"product","link":"https:\/\/www.rizoma.com\/de\/negozio\/seitlicher-sturzpad\/PM118\/motorschutz-shape-pm118\/","title":{"rendered":"Motorschutz Shape"},"content":{"rendered":"<p>Jede Rizoma-Schutzvorrichtung ist eigens f\u00fcr das jeweilige Motorradmodell konzipiert, um ein H\u00f6chstma\u00df an Kompatibilit\u00e4t und Funktionalit\u00e4t sowie eine einfache und schnelle Montage sicherzustellen. Die komplett aus Aluminium, einem leichten, aber widerstandsf\u00e4higen Material, gefertigte Vorrichtung wird aus dem Vollen gearbeitet und anschlie\u00dfend f\u00fcr eine langlebigere Optik eloxiert. Der Rizoma-Motorschutz verf\u00fcgt zudem \u00fcber einen austauschbaren Slider aus Delrin\u00ae.<\/p>\n","protected":false},"excerpt":{"rendered":"<p>Jede Rizoma-Schutzvorrichtung ist eigens f\u00fcr das jeweilige Motorradmodell konzipiert, um ein H\u00f6chstma\u00df an Kompatibilit\u00e4t und Funktionalit\u00e4t sowie eine einfache und schnelle Montage sicherzustellen. Die komplett aus Aluminium, einem leichten, aber widerstandsf\u00e4higen Material, gefertigte Vorrichtung wird aus dem Vollen gearbeitet und anschlie\u00dfend f\u00fcr eine langlebigere Optik eloxiert. Der Rizoma-Motorschutz verf\u00fcgt zudem \u00fcber einen austauschbaren Slider aus [&hellip;]<\/p>\n","protected":false},"featured_media":297047,"template":"","meta":{"_acf_changed":false},"rizoma_assembly_time":[42664],"rizoma_bike":[42165,42315,43869,43870],"rizoma_division":[42652],"rizoma_family":[42936],"rizoma_model_category":[],"rizoma_product_template":[],"product_brand":[],"product_cat":[42757],"product_tag":[],"class_list":{"0":"post-316059","1":"product","2":"type-product","3":"status-publish","4":"has-post-thumbnail","6":"rizoma_bike-cb-650-r-2019-20","7":"rizoma_bike-cb-650-r-2021-23","8":"rizoma_bike-cb-650-r-2024-25","9":"rizoma_bike-cb-650-r-e-clutch-2024-26","10":"product_cat-seitlicher-sturzpad","12":"first","13":"instock","14":"taxable","15":"shipping-taxable","16":"purchasable","17":"product-type-variable"},"acf":[],"_links":{"self":[{"href":"https:\/\/www.rizoma.com\/de\/wp-json\/wp\/v2\/product\/316059","targetHints":{"allow":["GET"]}}],"collection":[{"href":"https:\/\/www.rizoma.com\/de\/wp-json\/wp\/v2\/product"}],"about":[{"href":"https:\/\/www.rizoma.com\/de\/wp-json\/wp\/v2\/types\/product"}],"wp:featuredmedia":[{"embeddable":true,"href":"https:\/\/www.rizoma.com\/de\/wp-json\/wp\/v2\/media\/297047"}],"wp:attachment":[{"href":"https:\/\/www.rizoma.com\/de\/wp-json\/wp\/v2\/media?parent=316059"}],"wp:term":[{"taxonomy":"rizoma_assembly_time","embeddable":true,"href":"https:\/\/www.rizoma.com\/de\/wp-json\/wp\/v2\/rizoma_assembly_time?post=316059"},{"taxonomy":"rizoma_bike","embeddable":true,"href":"https:\/\/www.rizoma.com\/de\/wp-json\/wp\/v2\/rizoma_bike?post=316059"},{"taxonomy":"rizoma_division","embeddable":true,"href":"https:\/\/www.rizoma.com\/de\/wp-json\/wp\/v2\/rizoma_division?post=316059"},{"taxonomy":"rizoma_family","embeddable":true,"href":"https:\/\/www.rizoma.com\/de\/wp-json\/wp\/v2\/rizoma_family?post=316059"},{"taxonomy":"rizoma_model_category","embeddable":true,"href":"https:\/\/www.rizoma.com\/de\/wp-json\/wp\/v2\/rizoma_model_category?post=316059"},{"taxonomy":"rizoma_product_template","embeddable":true,"href":"https:\/\/www.rizoma.com\/de\/wp-json\/wp\/v2\/rizoma_product_template?post=316059"},{"taxonomy":"product_brand","embeddable":true,"href":"https:\/\/www.rizoma.com\/de\/wp-json\/wp\/v2\/product_brand?post=316059"},{"taxonomy":"product_cat","embeddable":true,"href":"https:\/\/www.rizoma.com\/de\/wp-json\/wp\/v2\/product_cat?post=316059"},{"taxonomy":"product_tag","embeddable":true,"href":"https:\/\/www.rizoma.com\/de\/wp-json\/wp\/v2\/product_tag?post=316059"}],"curies":[{"name":"wp","href":"https:\/\/api.w.org\/{rel}","templated":true}]}}