{"id":316054,"date":"2024-11-21T16:55:23","date_gmt":"2024-11-21T15:55:23","guid":{"rendered":"https:\/\/rwp.rizoma.com\/negozio\/seitlicher-sturzpad-sport-r-pm117\/"},"modified":"2025-01-14T11:54:07","modified_gmt":"2025-01-14T10:54:07","slug":"seitlicher-sturzpad-sport-r-pm117","status":"publish","type":"product","link":"https:\/\/www.rizoma.com\/de\/negozio\/seitlicher-sturzpad\/PM117\/seitlicher-sturzpad-sport-r-pm117\/motorbike\/9277\/ducati\/hyperstrada-939\/","title":{"rendered":"Seitlicher Sturzpad Sport R"},"content":{"rendered":"<p>Die Rizoma-Schutzvorrichtungen SPORT R sind eigens f\u00fcr das jeweilige Motorradmodell konzipiert, um ein H\u00f6chstma\u00df an Kompatibilit\u00e4t und Funktionalit\u00e4t sowie eine einfache und schnelle Montage sicherzustellen.<br \/>Das Tr\u00e4gerelement ist aus Aluminium aus dem Vollen gearbeitet, w\u00e4hrend der im Fall eines Sturzes einfach austauschbare Slider aus Delrin\u00ae besteht. Die speziell f\u00fcr Supersportbikes und die Rennstrecke entwickelten Vorrichtungen zeichnen sich durch sorgf\u00e4ltige Detailverarbeitung aus und fungieren \u00fcber ihre eigentliche Funktion hinaus als echtes Designelement.<\/p>\n","protected":false},"excerpt":{"rendered":"<p>Die Rizoma-Schutzvorrichtungen SPORT R sind eigens f\u00fcr das jeweilige Motorradmodell konzipiert, um ein H\u00f6chstma\u00df an Kompatibilit\u00e4t und Funktionalit\u00e4t sowie eine einfache und schnelle Montage sicherzustellen.Das Tr\u00e4gerelement ist aus Aluminium aus dem Vollen gearbeitet, w\u00e4hrend der im Fall eines Sturzes einfach austauschbare Slider aus Delrin\u00ae besteht. Die speziell f\u00fcr Supersportbikes und die Rennstrecke entwickelten Vorrichtungen zeichnen [&hellip;]<\/p>\n","protected":false},"featured_media":297042,"template":"","meta":{"_acf_changed":false},"rizoma_assembly_time":[42675],"rizoma_bike":[42165,42315],"rizoma_division":[42652],"rizoma_family":[],"rizoma_model_category":[],"rizoma_product_template":[],"product_brand":[],"product_cat":[42757],"product_tag":[],"class_list":{"0":"post-316054","1":"product","2":"type-product","3":"status-publish","4":"has-post-thumbnail","6":"rizoma_bike-cb-650-r-2019-20","7":"rizoma_bike-cb-650-r-2021-23","8":"product_cat-seitlicher-sturzpad","10":"first","11":"instock","12":"taxable","13":"shipping-taxable","14":"purchasable","15":"product-type-variable"},"acf":[],"_links":{"self":[{"href":"https:\/\/www.rizoma.com\/de\/wp-json\/wp\/v2\/product\/316054","targetHints":{"allow":["GET"]}}],"collection":[{"href":"https:\/\/www.rizoma.com\/de\/wp-json\/wp\/v2\/product"}],"about":[{"href":"https:\/\/www.rizoma.com\/de\/wp-json\/wp\/v2\/types\/product"}],"wp:featuredmedia":[{"embeddable":true,"href":"https:\/\/www.rizoma.com\/de\/wp-json\/wp\/v2\/media\/297042"}],"wp:attachment":[{"href":"https:\/\/www.rizoma.com\/de\/wp-json\/wp\/v2\/media?parent=316054"}],"wp:term":[{"taxonomy":"rizoma_assembly_time","embeddable":true,"href":"https:\/\/www.rizoma.com\/de\/wp-json\/wp\/v2\/rizoma_assembly_time?post=316054"},{"taxonomy":"rizoma_bike","embeddable":true,"href":"https:\/\/www.rizoma.com\/de\/wp-json\/wp\/v2\/rizoma_bike?post=316054"},{"taxonomy":"rizoma_division","embeddable":true,"href":"https:\/\/www.rizoma.com\/de\/wp-json\/wp\/v2\/rizoma_division?post=316054"},{"taxonomy":"rizoma_family","embeddable":true,"href":"https:\/\/www.rizoma.com\/de\/wp-json\/wp\/v2\/rizoma_family?post=316054"},{"taxonomy":"rizoma_model_category","embeddable":true,"href":"https:\/\/www.rizoma.com\/de\/wp-json\/wp\/v2\/rizoma_model_category?post=316054"},{"taxonomy":"rizoma_product_template","embeddable":true,"href":"https:\/\/www.rizoma.com\/de\/wp-json\/wp\/v2\/rizoma_product_template?post=316054"},{"taxonomy":"product_brand","embeddable":true,"href":"https:\/\/www.rizoma.com\/de\/wp-json\/wp\/v2\/product_brand?post=316054"},{"taxonomy":"product_cat","embeddable":true,"href":"https:\/\/www.rizoma.com\/de\/wp-json\/wp\/v2\/product_cat?post=316054"},{"taxonomy":"product_tag","embeddable":true,"href":"https:\/\/www.rizoma.com\/de\/wp-json\/wp\/v2\/product_tag?post=316054"}],"curies":[{"name":"wp","href":"https:\/\/api.w.org\/{rel}","templated":true}]}}