{"id":315824,"date":"2024-11-21T16:50:15","date_gmt":"2024-11-21T15:50:15","guid":{"rendered":"https:\/\/rwp.rizoma.com\/negozio\/montagesatz-fur-sguardo-blinker-fr600\/"},"modified":"2025-12-18T00:37:16","modified_gmt":"2025-12-17T23:37:16","slug":"montagesatz-fur-sguardo-blinker-fr600","status":"publish","type":"product","link":"https:\/\/www.rizoma.com\/de\/negozio\/blinker\/FR600\/montagesatz-fur-sguardo-blinker-fr600\/","title":{"rendered":"Montagesatz f\u00fcr Sguardo-Blinker"},"content":{"rendered":"<p>Jeder Adapter wurde eigens f\u00fcr das entsprechende Motorradmodell entwickelt. Der FR600B wird f\u00fcr die Montage des Blinkers Sguardo auf dem OEM-Lenker BMW\u00ae R nineT und R nineT Scrambler ben\u00f6tigt.<\/p>\n","protected":false},"excerpt":{"rendered":"<p>Jeder Adapter wurde eigens f\u00fcr das entsprechende Motorradmodell entwickelt. Der FR600B wird f\u00fcr die Montage des Blinkers Sguardo auf dem OEM-Lenker BMW\u00ae R nineT und R nineT Scrambler ben\u00f6tigt.<\/p>\n","protected":false},"featured_media":295807,"template":"","meta":{"_acf_changed":false},"rizoma_assembly_time":[42675],"rizoma_bike":[41839],"rizoma_division":[42652],"rizoma_family":[42710],"rizoma_model_category":[],"rizoma_product_template":[],"product_brand":[],"product_cat":[42715],"product_tag":[],"class_list":{"0":"post-315824","1":"product","2":"type-product","3":"status-publish","4":"has-post-thumbnail","6":"rizoma_bike-r-ninet-1200-2014-16","7":"product_cat-blinker","9":"first","10":"instock","11":"sale","12":"taxable","13":"shipping-taxable","14":"purchasable","15":"product-type-variable"},"acf":[],"_links":{"self":[{"href":"https:\/\/www.rizoma.com\/de\/wp-json\/wp\/v2\/product\/315824","targetHints":{"allow":["GET"]}}],"collection":[{"href":"https:\/\/www.rizoma.com\/de\/wp-json\/wp\/v2\/product"}],"about":[{"href":"https:\/\/www.rizoma.com\/de\/wp-json\/wp\/v2\/types\/product"}],"wp:featuredmedia":[{"embeddable":true,"href":"https:\/\/www.rizoma.com\/de\/wp-json\/wp\/v2\/media\/295807"}],"wp:attachment":[{"href":"https:\/\/www.rizoma.com\/de\/wp-json\/wp\/v2\/media?parent=315824"}],"wp:term":[{"taxonomy":"rizoma_assembly_time","embeddable":true,"href":"https:\/\/www.rizoma.com\/de\/wp-json\/wp\/v2\/rizoma_assembly_time?post=315824"},{"taxonomy":"rizoma_bike","embeddable":true,"href":"https:\/\/www.rizoma.com\/de\/wp-json\/wp\/v2\/rizoma_bike?post=315824"},{"taxonomy":"rizoma_division","embeddable":true,"href":"https:\/\/www.rizoma.com\/de\/wp-json\/wp\/v2\/rizoma_division?post=315824"},{"taxonomy":"rizoma_family","embeddable":true,"href":"https:\/\/www.rizoma.com\/de\/wp-json\/wp\/v2\/rizoma_family?post=315824"},{"taxonomy":"rizoma_model_category","embeddable":true,"href":"https:\/\/www.rizoma.com\/de\/wp-json\/wp\/v2\/rizoma_model_category?post=315824"},{"taxonomy":"rizoma_product_template","embeddable":true,"href":"https:\/\/www.rizoma.com\/de\/wp-json\/wp\/v2\/rizoma_product_template?post=315824"},{"taxonomy":"product_brand","embeddable":true,"href":"https:\/\/www.rizoma.com\/de\/wp-json\/wp\/v2\/product_brand?post=315824"},{"taxonomy":"product_cat","embeddable":true,"href":"https:\/\/www.rizoma.com\/de\/wp-json\/wp\/v2\/product_cat?post=315824"},{"taxonomy":"product_tag","embeddable":true,"href":"https:\/\/www.rizoma.com\/de\/wp-json\/wp\/v2\/product_tag?post=315824"}],"curies":[{"name":"wp","href":"https:\/\/api.w.org\/{rel}","templated":true}]}}