{"id":315659,"date":"2024-11-21T16:46:45","date_gmt":"2024-11-21T15:46:45","guid":{"rendered":"https:\/\/rwp.rizoma.com\/negozio\/montagesatz-fur-blinker-fr212\/"},"modified":"2026-03-29T19:32:45","modified_gmt":"2026-03-29T17:32:45","slug":"montagesatz-fur-blinker-fr212","status":"publish","type":"product","link":"https:\/\/www.rizoma.com\/de\/negozio\/blinker\/FR212\/montagesatz-fur-blinker-fr212\/","title":{"rendered":"Montagesatz f\u00fcr Blinker"},"content":{"rendered":"<p>Jeder Adapter wurde eigens f\u00fcr das entsprechende Motorradmodell entwickelt, um eine bestm\u00f6gliche Befestigung zu gew\u00e4hrleisten. Diese Adapter sind aus PVC gefertigt.<\/p>\n","protected":false},"excerpt":{"rendered":"<p>Jeder Adapter wurde eigens f\u00fcr das entsprechende Motorradmodell entwickelt, um eine bestm\u00f6gliche Befestigung zu gew\u00e4hrleisten. Diese Adapter sind aus PVC gefertigt.<\/p>\n","protected":false},"featured_media":295572,"template":"","meta":{"_acf_changed":false},"rizoma_assembly_time":[42675],"rizoma_bike":[41543,41751,41577,41614,41580,41735,41804,41805,41951,41952,41795,42057,41460,41461,41462,41477,41843,42061,41483,41844,41513,41756,41514,42331,41928,41963,42158,42387,42262,42022,41948,41964,41719,41720,41721,41722,41723,41758,41915,41975,41965,41916,41976,41724,41999,42385],"rizoma_division":[42652],"rizoma_family":[42710],"rizoma_model_category":[],"rizoma_product_template":[],"product_brand":[],"product_cat":[42715],"product_tag":[],"class_list":{"0":"post-315659","1":"product","2":"type-product","3":"status-publish","4":"has-post-thumbnail","6":"rizoma_bike-brutale-1090-rr-1","7":"rizoma_bike-brutale-920-2011-12","8":"rizoma_bike-fz1-fazer-2006-16","9":"rizoma_bike-fz6-fazer-2004-07","10":"rizoma_bike-fz6-fazer-s2-2006-11","11":"rizoma_bike-hypermotard-796-2012","12":"rizoma_bike-hypermotard-821-2013-15","13":"rizoma_bike-hypermotard-821-sp-2013-15","14":"rizoma_bike-hypermotard-939-2016-18","15":"rizoma_bike-hypermotard-939-sp-2016-18","16":"rizoma_bike-hyperstrada-821-2013-15","17":"rizoma_bike-hyperstrada-939-2016-18","18":"rizoma_bike-monster-1100-2009-10","19":"rizoma_bike-monster-1100-evo-2011-12","20":"rizoma_bike-monster-1100-s-2009-10","21":"rizoma_bike-monster-696-2008-13","22":"rizoma_bike-monster-696-abs-2009-14","23":"rizoma_bike-monster-696-plus-2007-14","24":"rizoma_bike-monster-796-2010-13","25":"rizoma_bike-monster-796-abs-2010-14","26":"rizoma_bike-streetfighter-2009-12","27":"rizoma_bike-streetfighter-848-2011-15","28":"rizoma_bike-streetfighter-s-2009-14","29":"rizoma_bike-xsr-700-2021","30":"rizoma_bike-xsr-700-abs-2016-20","31":"rizoma_bike-xsr-700-abs-60th-anniversary-2016-18","32":"rizoma_bike-xsr-700-xtribute-2019-20","33":"rizoma_bike-xsr-700-xtribute-2021","34":"rizoma_bike-xsr-900-80-black-2020","35":"rizoma_bike-xsr-900-abarth-2017-18","36":"rizoma_bike-xsr-900-abs-2016-20","37":"rizoma_bike-xsr-900-abs-60th-anniversary-2016-18","38":"rizoma_bike-yzf-r1-2002-03","39":"rizoma_bike-yzf-r1-2004-05","40":"rizoma_bike-yzf-r1-2006","41":"rizoma_bike-yzf-r1-2007-08","42":"rizoma_bike-yzf-r1-2009-11","43":"rizoma_bike-yzf-r1-2012-14","44":"rizoma_bike-yzf-r1-2015-16","45":"rizoma_bike-yzf-r1-2017-19","46":"rizoma_bike-yzf-r1-60th-anniversary-2015-16","47":"rizoma_bike-yzf-r1-m-2015-16","48":"rizoma_bike-yzf-r1-m-2017-19","49":"rizoma_bike-yzf-r1-sp1-2006","50":"rizoma_bike-yzf-r6-2017-20","51":"rizoma_bike-yzf-r6-race-2021","52":"product_cat-blinker","54":"first","55":"instock","56":"taxable","57":"shipping-taxable","58":"purchasable","59":"product-type-variable"},"acf":[],"_links":{"self":[{"href":"https:\/\/www.rizoma.com\/de\/wp-json\/wp\/v2\/product\/315659","targetHints":{"allow":["GET"]}}],"collection":[{"href":"https:\/\/www.rizoma.com\/de\/wp-json\/wp\/v2\/product"}],"about":[{"href":"https:\/\/www.rizoma.com\/de\/wp-json\/wp\/v2\/types\/product"}],"wp:featuredmedia":[{"embeddable":true,"href":"https:\/\/www.rizoma.com\/de\/wp-json\/wp\/v2\/media\/295572"}],"wp:attachment":[{"href":"https:\/\/www.rizoma.com\/de\/wp-json\/wp\/v2\/media?parent=315659"}],"wp:term":[{"taxonomy":"rizoma_assembly_time","embeddable":true,"href":"https:\/\/www.rizoma.com\/de\/wp-json\/wp\/v2\/rizoma_assembly_time?post=315659"},{"taxonomy":"rizoma_bike","embeddable":true,"href":"https:\/\/www.rizoma.com\/de\/wp-json\/wp\/v2\/rizoma_bike?post=315659"},{"taxonomy":"rizoma_division","embeddable":true,"href":"https:\/\/www.rizoma.com\/de\/wp-json\/wp\/v2\/rizoma_division?post=315659"},{"taxonomy":"rizoma_family","embeddable":true,"href":"https:\/\/www.rizoma.com\/de\/wp-json\/wp\/v2\/rizoma_family?post=315659"},{"taxonomy":"rizoma_model_category","embeddable":true,"href":"https:\/\/www.rizoma.com\/de\/wp-json\/wp\/v2\/rizoma_model_category?post=315659"},{"taxonomy":"rizoma_product_template","embeddable":true,"href":"https:\/\/www.rizoma.com\/de\/wp-json\/wp\/v2\/rizoma_product_template?post=315659"},{"taxonomy":"product_brand","embeddable":true,"href":"https:\/\/www.rizoma.com\/de\/wp-json\/wp\/v2\/product_brand?post=315659"},{"taxonomy":"product_cat","embeddable":true,"href":"https:\/\/www.rizoma.com\/de\/wp-json\/wp\/v2\/product_cat?post=315659"},{"taxonomy":"product_tag","embeddable":true,"href":"https:\/\/www.rizoma.com\/de\/wp-json\/wp\/v2\/product_tag?post=315659"}],"curies":[{"name":"wp","href":"https:\/\/api.w.org\/{rel}","templated":true}]}}