{"id":315624,"date":"2024-11-21T16:45:57","date_gmt":"2024-11-21T15:45:57","guid":{"rendered":"https:\/\/rwp.rizoma.com\/negozio\/kotflugel-vorn-fd002\/"},"modified":"2025-12-18T00:37:03","modified_gmt":"2025-12-17T23:37:03","slug":"kotflugel-vorn-fd002","status":"publish","type":"product","link":"https:\/\/www.rizoma.com\/de\/negozio\/kotflugel\/FD002\/kotflugel-vorn-fd002\/motorbike\/9277\/ducati\/hyperstrada-939\/","title":{"rendered":"Kotfl\u00fcgel vorn"},"content":{"rendered":"<p>Der vordere Kotfl\u00fcgel von Rizoma rundet als optisches und zugleich funktionelles Detail (0,27 kg) die gesamte Liniengebung des Frontdesigns ab. Das aus tiefgezogenem Aluminiumblech geformte Teil ist ein wahrhaft edler Blickfang. In zwei Versionen erh\u00e4ltlich: Aluminium geb\u00fcrstet, natur eloxiert oder schwarz eloxiert. Nicht vorgebohrt f\u00fcr eine ma\u00dfgeschneiderte Anpassung. Mit 17\/18-R\u00e4dern kompatibel.<\/p>\n","protected":false},"excerpt":{"rendered":"<p>Der vordere Kotfl\u00fcgel von Rizoma rundet als optisches und zugleich funktionelles Detail (0,27 kg) die gesamte Liniengebung des Frontdesigns ab. Das aus tiefgezogenem Aluminiumblech geformte Teil ist ein wahrhaft edler Blickfang. In zwei Versionen erh\u00e4ltlich: Aluminium geb\u00fcrstet, natur eloxiert oder schwarz eloxiert. Nicht vorgebohrt f\u00fcr eine ma\u00dfgeschneiderte Anpassung. Mit 17\/18-R\u00e4dern kompatibel.<\/p>\n","protected":false},"featured_media":296002,"template":"","meta":{"_acf_changed":false},"rizoma_assembly_time":[42675],"rizoma_bike":[],"rizoma_division":[42652],"rizoma_family":[],"rizoma_model_category":[],"rizoma_product_template":[],"product_brand":[],"product_cat":[42874],"product_tag":[],"class_list":{"0":"post-315624","1":"product","2":"type-product","3":"status-publish","4":"has-post-thumbnail","6":"product_cat-kotflugel","8":"first","9":"instock","10":"sale","11":"taxable","12":"shipping-taxable","13":"purchasable","14":"product-type-variable"},"acf":[],"_links":{"self":[{"href":"https:\/\/www.rizoma.com\/de\/wp-json\/wp\/v2\/product\/315624","targetHints":{"allow":["GET"]}}],"collection":[{"href":"https:\/\/www.rizoma.com\/de\/wp-json\/wp\/v2\/product"}],"about":[{"href":"https:\/\/www.rizoma.com\/de\/wp-json\/wp\/v2\/types\/product"}],"wp:featuredmedia":[{"embeddable":true,"href":"https:\/\/www.rizoma.com\/de\/wp-json\/wp\/v2\/media\/296002"}],"wp:attachment":[{"href":"https:\/\/www.rizoma.com\/de\/wp-json\/wp\/v2\/media?parent=315624"}],"wp:term":[{"taxonomy":"rizoma_assembly_time","embeddable":true,"href":"https:\/\/www.rizoma.com\/de\/wp-json\/wp\/v2\/rizoma_assembly_time?post=315624"},{"taxonomy":"rizoma_bike","embeddable":true,"href":"https:\/\/www.rizoma.com\/de\/wp-json\/wp\/v2\/rizoma_bike?post=315624"},{"taxonomy":"rizoma_division","embeddable":true,"href":"https:\/\/www.rizoma.com\/de\/wp-json\/wp\/v2\/rizoma_division?post=315624"},{"taxonomy":"rizoma_family","embeddable":true,"href":"https:\/\/www.rizoma.com\/de\/wp-json\/wp\/v2\/rizoma_family?post=315624"},{"taxonomy":"rizoma_model_category","embeddable":true,"href":"https:\/\/www.rizoma.com\/de\/wp-json\/wp\/v2\/rizoma_model_category?post=315624"},{"taxonomy":"rizoma_product_template","embeddable":true,"href":"https:\/\/www.rizoma.com\/de\/wp-json\/wp\/v2\/rizoma_product_template?post=315624"},{"taxonomy":"product_brand","embeddable":true,"href":"https:\/\/www.rizoma.com\/de\/wp-json\/wp\/v2\/product_brand?post=315624"},{"taxonomy":"product_cat","embeddable":true,"href":"https:\/\/www.rizoma.com\/de\/wp-json\/wp\/v2\/product_cat?post=315624"},{"taxonomy":"product_tag","embeddable":true,"href":"https:\/\/www.rizoma.com\/de\/wp-json\/wp\/v2\/product_tag?post=315624"}],"curies":[{"name":"wp","href":"https:\/\/api.w.org\/{rel}","templated":true}]}}