{"id":315619,"date":"2024-11-21T16:45:50","date_gmt":"2024-11-21T15:45:50","guid":{"rendered":"https:\/\/rwp.rizoma.com\/negozio\/kennzeichenbeleuchtungs-kit-ee190\/"},"modified":"2025-05-29T04:10:48","modified_gmt":"2025-05-29T02:10:48","slug":"kennzeichenbeleuchtungs-kit-ee190","status":"publish","type":"product","link":"https:\/\/www.rizoma.com\/de\/negozio\/kennzeichentrager\/EE190\/kennzeichenbeleuchtungs-kit-ee190\/motorbike\/10000073\/yamaha\/mt-09\/","title":{"rendered":"Kennzeichenbeleuchtungs-Kit"},"content":{"rendered":"<p>Das stra\u00dfenzugelassene Kennzeichenbeleuchtungs-Kit von Rizoma enth\u00e4lt eine Montagehalterung. Das Kit ist mit modernster LED-SMD-Technologie gem\u00e4\u00df den Zulassungsstandards ausgestattet und verf\u00fcgt \u00fcber kompakte Abmessungen und ein sorgsam ausgew\u00e4hltes Design, das die Optik dieses wichtigen Details gekonnt aufwertet.<\/p>\n","protected":false},"excerpt":{"rendered":"<p>Das stra\u00dfenzugelassene Kennzeichenbeleuchtungs-Kit von Rizoma enth\u00e4lt eine Montagehalterung. Das Kit ist mit modernster LED-SMD-Technologie gem\u00e4\u00df den Zulassungsstandards ausgestattet und verf\u00fcgt \u00fcber kompakte Abmessungen und ein sorgsam ausgew\u00e4hltes Design, das die Optik dieses wichtigen Details gekonnt aufwertet.<\/p>\n","protected":false},"featured_media":300577,"template":"","meta":{"_acf_changed":false},"rizoma_assembly_time":[42664],"rizoma_bike":[],"rizoma_division":[42652],"rizoma_family":[42915],"rizoma_model_category":[],"rizoma_product_template":[],"product_brand":[],"product_cat":[42767],"product_tag":[],"class_list":{"0":"post-315619","1":"product","2":"type-product","3":"status-publish","4":"has-post-thumbnail","6":"product_cat-kennzeichentrager","8":"first","9":"instock","10":"taxable","11":"shipping-taxable","12":"purchasable","13":"product-type-variable"},"acf":[],"_links":{"self":[{"href":"https:\/\/www.rizoma.com\/de\/wp-json\/wp\/v2\/product\/315619","targetHints":{"allow":["GET"]}}],"collection":[{"href":"https:\/\/www.rizoma.com\/de\/wp-json\/wp\/v2\/product"}],"about":[{"href":"https:\/\/www.rizoma.com\/de\/wp-json\/wp\/v2\/types\/product"}],"wp:featuredmedia":[{"embeddable":true,"href":"https:\/\/www.rizoma.com\/de\/wp-json\/wp\/v2\/media\/300577"}],"wp:attachment":[{"href":"https:\/\/www.rizoma.com\/de\/wp-json\/wp\/v2\/media?parent=315619"}],"wp:term":[{"taxonomy":"rizoma_assembly_time","embeddable":true,"href":"https:\/\/www.rizoma.com\/de\/wp-json\/wp\/v2\/rizoma_assembly_time?post=315619"},{"taxonomy":"rizoma_bike","embeddable":true,"href":"https:\/\/www.rizoma.com\/de\/wp-json\/wp\/v2\/rizoma_bike?post=315619"},{"taxonomy":"rizoma_division","embeddable":true,"href":"https:\/\/www.rizoma.com\/de\/wp-json\/wp\/v2\/rizoma_division?post=315619"},{"taxonomy":"rizoma_family","embeddable":true,"href":"https:\/\/www.rizoma.com\/de\/wp-json\/wp\/v2\/rizoma_family?post=315619"},{"taxonomy":"rizoma_model_category","embeddable":true,"href":"https:\/\/www.rizoma.com\/de\/wp-json\/wp\/v2\/rizoma_model_category?post=315619"},{"taxonomy":"rizoma_product_template","embeddable":true,"href":"https:\/\/www.rizoma.com\/de\/wp-json\/wp\/v2\/rizoma_product_template?post=315619"},{"taxonomy":"product_brand","embeddable":true,"href":"https:\/\/www.rizoma.com\/de\/wp-json\/wp\/v2\/product_brand?post=315619"},{"taxonomy":"product_cat","embeddable":true,"href":"https:\/\/www.rizoma.com\/de\/wp-json\/wp\/v2\/product_cat?post=315619"},{"taxonomy":"product_tag","embeddable":true,"href":"https:\/\/www.rizoma.com\/de\/wp-json\/wp\/v2\/product_tag?post=315619"}],"curies":[{"name":"wp","href":"https:\/\/api.w.org\/{rel}","templated":true}]}}