{"id":315569,"date":"2024-11-21T16:44:46","date_gmt":"2024-11-21T15:44:46","guid":{"rendered":"https:\/\/rwp.rizoma.com\/negozio\/verkabelung-mit-widerstands-kit-fur-rizoma-blinker-ee162\/"},"modified":"2025-07-01T18:32:22","modified_gmt":"2025-07-01T16:32:22","slug":"verkabelung-mit-widerstands-kit-fur-rizoma-blinker-ee162","status":"publish","type":"product","link":"https:\/\/www.rizoma.com\/de\/negozio\/blinker\/EE162\/verkabelung-mit-widerstands-kit-fur-rizoma-blinker-ee162\/","title":{"rendered":"Verkabelung mit Widerstands-Kit f\u00fcr Rizoma Blinker"},"content":{"rendered":"<p>Die Rizoma-Verkabelung mit Widerstands-Kit wird f\u00fcr die Montage von Rizoma-Blinkern ben\u00f6tigt.<br \/>Es wird empfohlen, vor der Bestellung die technischen Zeichnungen zu kontrollieren. Jedes Kit enth\u00e4lt 2 Verkabelungen. F\u00fcr die Montage von 4 Blinkern werden 2 Kits ben\u00f6tigt. Ohne diese besonderen Sicherungs-Kits ist eine korrekte Blinkfrequenz der Blinker nicht m\u00f6glich.<\/p>\n","protected":false},"excerpt":{"rendered":"<p>Die Rizoma-Verkabelung mit Widerstands-Kit wird f\u00fcr die Montage von Rizoma-Blinkern ben\u00f6tigt.Es wird empfohlen, vor der Bestellung die technischen Zeichnungen zu kontrollieren. Jedes Kit enth\u00e4lt 2 Verkabelungen. F\u00fcr die Montage von 4 Blinkern werden 2 Kits ben\u00f6tigt. Ohne diese besonderen Sicherungs-Kits ist eine korrekte Blinkfrequenz der Blinker nicht m\u00f6glich.<\/p>\n","protected":false},"featured_media":297637,"template":"","meta":{"_acf_changed":false},"rizoma_assembly_time":[42753],"rizoma_bike":[42145,42348,42099,42534,43697],"rizoma_division":[42652],"rizoma_family":[42859],"rizoma_model_category":[],"rizoma_product_template":[],"product_brand":[],"product_cat":[42715],"product_tag":[],"class_list":{"0":"post-315569","1":"product","2":"type-product","3":"status-publish","4":"has-post-thumbnail","6":"rizoma_bike-cb-1000-r-neo-sport-cafe-2019-20","7":"rizoma_bike-cb-1000-r-black-edition-2021-22","8":"rizoma_bike-cb-1000-r-neo-sport-cafe-2018-20","9":"rizoma_bike-cb-750-hornet-2023-24","10":"rizoma_bike-cb-750-hornet-2025","11":"product_cat-blinker","13":"first","14":"instock","15":"taxable","16":"shipping-taxable","17":"purchasable","18":"product-type-variable"},"acf":[],"_links":{"self":[{"href":"https:\/\/www.rizoma.com\/de\/wp-json\/wp\/v2\/product\/315569","targetHints":{"allow":["GET"]}}],"collection":[{"href":"https:\/\/www.rizoma.com\/de\/wp-json\/wp\/v2\/product"}],"about":[{"href":"https:\/\/www.rizoma.com\/de\/wp-json\/wp\/v2\/types\/product"}],"wp:featuredmedia":[{"embeddable":true,"href":"https:\/\/www.rizoma.com\/de\/wp-json\/wp\/v2\/media\/297637"}],"wp:attachment":[{"href":"https:\/\/www.rizoma.com\/de\/wp-json\/wp\/v2\/media?parent=315569"}],"wp:term":[{"taxonomy":"rizoma_assembly_time","embeddable":true,"href":"https:\/\/www.rizoma.com\/de\/wp-json\/wp\/v2\/rizoma_assembly_time?post=315569"},{"taxonomy":"rizoma_bike","embeddable":true,"href":"https:\/\/www.rizoma.com\/de\/wp-json\/wp\/v2\/rizoma_bike?post=315569"},{"taxonomy":"rizoma_division","embeddable":true,"href":"https:\/\/www.rizoma.com\/de\/wp-json\/wp\/v2\/rizoma_division?post=315569"},{"taxonomy":"rizoma_family","embeddable":true,"href":"https:\/\/www.rizoma.com\/de\/wp-json\/wp\/v2\/rizoma_family?post=315569"},{"taxonomy":"rizoma_model_category","embeddable":true,"href":"https:\/\/www.rizoma.com\/de\/wp-json\/wp\/v2\/rizoma_model_category?post=315569"},{"taxonomy":"rizoma_product_template","embeddable":true,"href":"https:\/\/www.rizoma.com\/de\/wp-json\/wp\/v2\/rizoma_product_template?post=315569"},{"taxonomy":"product_brand","embeddable":true,"href":"https:\/\/www.rizoma.com\/de\/wp-json\/wp\/v2\/product_brand?post=315569"},{"taxonomy":"product_cat","embeddable":true,"href":"https:\/\/www.rizoma.com\/de\/wp-json\/wp\/v2\/product_cat?post=315569"},{"taxonomy":"product_tag","embeddable":true,"href":"https:\/\/www.rizoma.com\/de\/wp-json\/wp\/v2\/product_tag?post=315569"}],"curies":[{"name":"wp","href":"https:\/\/api.w.org\/{rel}","templated":true}]}}