{"id":315554,"date":"2024-11-21T16:44:27","date_gmt":"2024-11-21T15:44:27","guid":{"rendered":"https:\/\/rwp.rizoma.com\/negozio\/widerstande-fur-die-hinteren-rizoma-blinker-ee154\/"},"modified":"2025-05-29T04:08:54","modified_gmt":"2025-05-29T02:08:54","slug":"verkabelung-mit-widerstands-kit-fur-die-hinteren-rizoma-blinker-ee154","status":"publish","type":"product","link":"https:\/\/www.rizoma.com\/de\/negozio\/blinker\/EE154\/verkabelung-mit-widerstands-kit-fur-die-hinteren-rizoma-blinker-ee154\/motorbike\/115\/ducati\/748\/","title":{"rendered":"Verkabelung mit Widerstands-Kit f\u00fcr die hinteren Rizoma Blinker"},"content":{"rendered":"<p>Widerst\u00e4nde f\u00fcr die hinteren Rizoma Blinker (2 W \/ 100 \u03a9 und 3 W \/ 47 \u03a9).<br \/>Das Plug &#038; Play-Kit ist so ausgelegt, das es mit dem OEM Kabelbaum <br \/>kompatibel ist.<\/p>\n","protected":false},"excerpt":{"rendered":"<p>Widerst\u00e4nde f\u00fcr die hinteren Rizoma Blinker (2 W \/ 100 \u03a9 und 3 W \/ 47 \u03a9).Das Plug &#038; Play-Kit ist so ausgelegt, das es mit dem OEM Kabelbaum kompatibel ist.<\/p>\n","protected":false},"featured_media":298467,"template":"","meta":{"_acf_changed":false},"rizoma_assembly_time":[42753],"rizoma_bike":[42018,42112,42119,42068,42113],"rizoma_division":[42652],"rizoma_family":[42859],"rizoma_model_category":[],"rizoma_product_template":[],"product_brand":[],"product_cat":[42715],"product_tag":[],"class_list":{"0":"post-315554","1":"product","2":"type-product","3":"status-publish","4":"has-post-thumbnail","6":"rizoma_bike-x-adv-750-2017","7":"rizoma_bike-x-adv-750-2018-20","8":"rizoma_bike-x-adv-750-desert-track-2018-20","9":"rizoma_bike-x-adv-750-travel-edition-2017","10":"rizoma_bike-x-adv-750-travel-edition-2018-20","11":"product_cat-blinker","13":"first","14":"instock","15":"taxable","16":"shipping-taxable","17":"purchasable","18":"product-type-variable"},"acf":[],"_links":{"self":[{"href":"https:\/\/www.rizoma.com\/de\/wp-json\/wp\/v2\/product\/315554","targetHints":{"allow":["GET"]}}],"collection":[{"href":"https:\/\/www.rizoma.com\/de\/wp-json\/wp\/v2\/product"}],"about":[{"href":"https:\/\/www.rizoma.com\/de\/wp-json\/wp\/v2\/types\/product"}],"wp:featuredmedia":[{"embeddable":true,"href":"https:\/\/www.rizoma.com\/de\/wp-json\/wp\/v2\/media\/298467"}],"wp:attachment":[{"href":"https:\/\/www.rizoma.com\/de\/wp-json\/wp\/v2\/media?parent=315554"}],"wp:term":[{"taxonomy":"rizoma_assembly_time","embeddable":true,"href":"https:\/\/www.rizoma.com\/de\/wp-json\/wp\/v2\/rizoma_assembly_time?post=315554"},{"taxonomy":"rizoma_bike","embeddable":true,"href":"https:\/\/www.rizoma.com\/de\/wp-json\/wp\/v2\/rizoma_bike?post=315554"},{"taxonomy":"rizoma_division","embeddable":true,"href":"https:\/\/www.rizoma.com\/de\/wp-json\/wp\/v2\/rizoma_division?post=315554"},{"taxonomy":"rizoma_family","embeddable":true,"href":"https:\/\/www.rizoma.com\/de\/wp-json\/wp\/v2\/rizoma_family?post=315554"},{"taxonomy":"rizoma_model_category","embeddable":true,"href":"https:\/\/www.rizoma.com\/de\/wp-json\/wp\/v2\/rizoma_model_category?post=315554"},{"taxonomy":"rizoma_product_template","embeddable":true,"href":"https:\/\/www.rizoma.com\/de\/wp-json\/wp\/v2\/rizoma_product_template?post=315554"},{"taxonomy":"product_brand","embeddable":true,"href":"https:\/\/www.rizoma.com\/de\/wp-json\/wp\/v2\/product_brand?post=315554"},{"taxonomy":"product_cat","embeddable":true,"href":"https:\/\/www.rizoma.com\/de\/wp-json\/wp\/v2\/product_cat?post=315554"},{"taxonomy":"product_tag","embeddable":true,"href":"https:\/\/www.rizoma.com\/de\/wp-json\/wp\/v2\/product_tag?post=315554"}],"curies":[{"name":"wp","href":"https:\/\/api.w.org\/{rel}","templated":true}]}}