{"id":315544,"date":"2024-11-21T16:44:14","date_gmt":"2024-11-21T15:44:14","guid":{"rendered":"https:\/\/rwp.rizoma.com\/negozio\/verkabelung-mit-widerstands-kit-fur-rizoma-blinker-ee149\/"},"modified":"2026-03-19T13:41:41","modified_gmt":"2026-03-19T12:41:41","slug":"verkabelung-mit-widerstands-kit-fur-rizoma-blinker-ee149","status":"publish","type":"product","link":"https:\/\/www.rizoma.com\/de\/negozio\/blinker\/EE149\/verkabelung-mit-widerstands-kit-fur-rizoma-blinker-ee149\/motorbike\/8146\/mv-agusta\/brutale-1090\/","title":{"rendered":"Verkabelung mit Widerstands-Kit f\u00fcr Rizoma Blinker"},"content":{"rendered":"<p>Bei Motorr\u00e4dern, die \u00fcber eine Kontrollleuchte am Dashboard verf\u00fcgen, kann die Installation von parallel geschalteten Widerst\u00e4nden erforderlich sein, um die Aktivierung der Kontrollleuchte zu verhindern. Rizoma empfiehlt bei den oben genannten Modellen, die einen zu geringen Widerstandswert aufweisen, den Erwerb des Widerstand-Kits EE149H, das die f\u00e4lschliche Aktivierung der Kontrollleuchte verhindert.<\/p>\n","protected":false},"excerpt":{"rendered":"<p>Bei Motorr\u00e4dern, die \u00fcber eine Kontrollleuchte am Dashboard verf\u00fcgen, kann die Installation von parallel geschalteten Widerst\u00e4nden erforderlich sein, um die Aktivierung der Kontrollleuchte zu verhindern. Rizoma empfiehlt bei den oben genannten Modellen, die einen zu geringen Widerstandswert aufweisen, den Erwerb des Widerstand-Kits EE149H, das die f\u00e4lschliche Aktivierung der Kontrollleuchte verhindert.<\/p>\n","protected":false},"featured_media":298577,"template":"","meta":{"_acf_changed":false},"rizoma_assembly_time":[42753],"rizoma_bike":[42296,42551,42006,41979,42248,41981,41953,42297,42298,42299,42372,42003,42178],"rizoma_division":[42652],"rizoma_family":[42859],"rizoma_model_category":[],"rizoma_product_template":[],"product_brand":[],"product_cat":[42715],"product_tag":[],"class_list":{"0":"post-315544","1":"product","2":"type-product","3":"status-publish","4":"has-post-thumbnail","6":"rizoma_bike-r-ninet-2021-24","7":"rizoma_bike-r-ninet-100-years-2023","8":"rizoma_bike-r-ninet-1200-2017-20","9":"rizoma_bike-r-ninet-1200-pure-2017-20","10":"rizoma_bike-r-ninet-1200-pure-2020","11":"rizoma_bike-r-ninet-1200-racer-2017-20","12":"rizoma_bike-r-ninet-1200-scrambler-2016-20","13":"rizoma_bike-r-ninet-pure-2021-24","14":"rizoma_bike-r-ninet-scrambler-2021-24","15":"rizoma_bike-r-ninet-urban-gs-2021-24","16":"rizoma_bike-r-ninet-urban-gs-1200-edition-40-years-gs-2021","17":"rizoma_bike-r-ninet-urban-gs-1200-2017-20","18":"rizoma_bike-r-ninet-5-1200-2019-20","19":"product_cat-blinker","21":"first","22":"instock","23":"taxable","24":"shipping-taxable","25":"purchasable","26":"product-type-variable"},"acf":[],"_links":{"self":[{"href":"https:\/\/www.rizoma.com\/de\/wp-json\/wp\/v2\/product\/315544","targetHints":{"allow":["GET"]}}],"collection":[{"href":"https:\/\/www.rizoma.com\/de\/wp-json\/wp\/v2\/product"}],"about":[{"href":"https:\/\/www.rizoma.com\/de\/wp-json\/wp\/v2\/types\/product"}],"wp:featuredmedia":[{"embeddable":true,"href":"https:\/\/www.rizoma.com\/de\/wp-json\/wp\/v2\/media\/298577"}],"wp:attachment":[{"href":"https:\/\/www.rizoma.com\/de\/wp-json\/wp\/v2\/media?parent=315544"}],"wp:term":[{"taxonomy":"rizoma_assembly_time","embeddable":true,"href":"https:\/\/www.rizoma.com\/de\/wp-json\/wp\/v2\/rizoma_assembly_time?post=315544"},{"taxonomy":"rizoma_bike","embeddable":true,"href":"https:\/\/www.rizoma.com\/de\/wp-json\/wp\/v2\/rizoma_bike?post=315544"},{"taxonomy":"rizoma_division","embeddable":true,"href":"https:\/\/www.rizoma.com\/de\/wp-json\/wp\/v2\/rizoma_division?post=315544"},{"taxonomy":"rizoma_family","embeddable":true,"href":"https:\/\/www.rizoma.com\/de\/wp-json\/wp\/v2\/rizoma_family?post=315544"},{"taxonomy":"rizoma_model_category","embeddable":true,"href":"https:\/\/www.rizoma.com\/de\/wp-json\/wp\/v2\/rizoma_model_category?post=315544"},{"taxonomy":"rizoma_product_template","embeddable":true,"href":"https:\/\/www.rizoma.com\/de\/wp-json\/wp\/v2\/rizoma_product_template?post=315544"},{"taxonomy":"product_brand","embeddable":true,"href":"https:\/\/www.rizoma.com\/de\/wp-json\/wp\/v2\/product_brand?post=315544"},{"taxonomy":"product_cat","embeddable":true,"href":"https:\/\/www.rizoma.com\/de\/wp-json\/wp\/v2\/product_cat?post=315544"},{"taxonomy":"product_tag","embeddable":true,"href":"https:\/\/www.rizoma.com\/de\/wp-json\/wp\/v2\/product_tag?post=315544"}],"curies":[{"name":"wp","href":"https:\/\/api.w.org\/{rel}","templated":true}]}}