{"id":315422,"date":"2024-11-21T16:41:33","date_gmt":"2024-11-21T15:41:33","guid":{"rendered":"https:\/\/rwp.rizoma.com\/negozio\/ausgleichsbehalter-kupplung-wave-fur-mineralol-ctm135\/"},"modified":"2025-07-16T17:32:05","modified_gmt":"2025-07-16T15:32:05","slug":"ausgleichsbehalter-kupplung-wave-fur-mineralol-ctm135","status":"publish","type":"product","link":"https:\/\/www.rizoma.com\/de\/negozio\/ausgleichsbehalter\/CTM135\/ausgleichsbehalter-kupplung-wave-fur-mineralol-ctm135\/motorbike\/15160\/kawasaki\/ninja-1000-zx-10r\/","title":{"rendered":"Ausgleichsbeh\u00e4lter Kupplung Wave f\u00fcr Mineral\u00f6l"},"content":{"rendered":"<p>Die Ausgleichsbeh\u00e4lter Wave lassen das rein funktionale Konzept dieses Bauteils hinter sich und mutieren zum echten Hingucker. Die aus Aluminium gearbeiteten Beh\u00e4lter verf\u00fcgen \u00fcber ein asymmetrisches Sichtfenster und sind eloxiert, um die Langlebigkeit zu erh\u00f6hen. Mit T\u00dcV\/ABE-Zertifizierung und NBR-Dichtung, mit Mineral\u00f6len kompatibel, in verschiedenen Gr\u00f6\u00dfen erh\u00e4ltlich und somit f\u00fcr unterschiedliche Anwendungsbereiche geeignet.<\/p>\n","protected":false},"excerpt":{"rendered":"<p>Die Ausgleichsbeh\u00e4lter Wave lassen das rein funktionale Konzept dieses Bauteils hinter sich und mutieren zum echten Hingucker. Die aus Aluminium gearbeiteten Beh\u00e4lter verf\u00fcgen \u00fcber ein asymmetrisches Sichtfenster und sind eloxiert, um die Langlebigkeit zu erh\u00f6hen. Mit T\u00dcV\/ABE-Zertifizierung und NBR-Dichtung, mit Mineral\u00f6len kompatibel, in verschiedenen Gr\u00f6\u00dfen erh\u00e4ltlich und somit f\u00fcr unterschiedliche Anwendungsbereiche geeignet.<\/p>\n","protected":false},"featured_media":293662,"template":"","meta":{"_acf_changed":false},"rizoma_assembly_time":[42691],"rizoma_bike":[],"rizoma_division":[42652],"rizoma_family":[42695],"rizoma_model_category":[],"rizoma_product_template":[],"product_brand":[],"product_cat":[42689],"product_tag":[],"class_list":{"0":"post-315422","1":"product","2":"type-product","3":"status-publish","4":"has-post-thumbnail","6":"product_cat-ausgleichsbehalter","8":"first","9":"instock","10":"taxable","11":"shipping-taxable","12":"purchasable","13":"product-type-variable"},"acf":[],"_links":{"self":[{"href":"https:\/\/www.rizoma.com\/de\/wp-json\/wp\/v2\/product\/315422","targetHints":{"allow":["GET"]}}],"collection":[{"href":"https:\/\/www.rizoma.com\/de\/wp-json\/wp\/v2\/product"}],"about":[{"href":"https:\/\/www.rizoma.com\/de\/wp-json\/wp\/v2\/types\/product"}],"wp:featuredmedia":[{"embeddable":true,"href":"https:\/\/www.rizoma.com\/de\/wp-json\/wp\/v2\/media\/293662"}],"wp:attachment":[{"href":"https:\/\/www.rizoma.com\/de\/wp-json\/wp\/v2\/media?parent=315422"}],"wp:term":[{"taxonomy":"rizoma_assembly_time","embeddable":true,"href":"https:\/\/www.rizoma.com\/de\/wp-json\/wp\/v2\/rizoma_assembly_time?post=315422"},{"taxonomy":"rizoma_bike","embeddable":true,"href":"https:\/\/www.rizoma.com\/de\/wp-json\/wp\/v2\/rizoma_bike?post=315422"},{"taxonomy":"rizoma_division","embeddable":true,"href":"https:\/\/www.rizoma.com\/de\/wp-json\/wp\/v2\/rizoma_division?post=315422"},{"taxonomy":"rizoma_family","embeddable":true,"href":"https:\/\/www.rizoma.com\/de\/wp-json\/wp\/v2\/rizoma_family?post=315422"},{"taxonomy":"rizoma_model_category","embeddable":true,"href":"https:\/\/www.rizoma.com\/de\/wp-json\/wp\/v2\/rizoma_model_category?post=315422"},{"taxonomy":"rizoma_product_template","embeddable":true,"href":"https:\/\/www.rizoma.com\/de\/wp-json\/wp\/v2\/rizoma_product_template?post=315422"},{"taxonomy":"product_brand","embeddable":true,"href":"https:\/\/www.rizoma.com\/de\/wp-json\/wp\/v2\/product_brand?post=315422"},{"taxonomy":"product_cat","embeddable":true,"href":"https:\/\/www.rizoma.com\/de\/wp-json\/wp\/v2\/product_cat?post=315422"},{"taxonomy":"product_tag","embeddable":true,"href":"https:\/\/www.rizoma.com\/de\/wp-json\/wp\/v2\/product_tag?post=315422"}],"curies":[{"name":"wp","href":"https:\/\/api.w.org\/{rel}","templated":true}]}}