{"id":315402,"date":"2024-11-21T16:41:06","date_gmt":"2024-11-21T15:41:06","guid":{"rendered":"https:\/\/rwp.rizoma.com\/negozio\/spiegel-montagesatz-motorrad-verkleidung-bs817\/"},"modified":"2025-01-14T11:23:59","modified_gmt":"2025-01-14T10:23:59","slug":"spiegel-montagesatz-motorrad-verkleidung-bs817","status":"publish","type":"product","link":"https:\/\/www.rizoma.com\/de\/negozio\/spiegel\/BS817\/spiegel-montagesatz-motorrad-verkleidung-bs817\/","title":{"rendered":"Spiegel Montagesatz Motorrad-Verkleidung"},"content":{"rendered":"<p>Jeder Rizoma-Spiegeladapter wurde eigens f\u00fcr das entsprechende Motorradmodell entwickelt, um eine bestm\u00f6gliche Befestigung an der Verkleidung zu gew\u00e4hrleisten. Aus Aluminium gearbeitet, um selbst bei starker Beanspruchung Robustheit und Langlebigkeit zu gew\u00e4hrleisten.<\/p>\n","protected":false},"excerpt":{"rendered":"<p>Jeder Rizoma-Spiegeladapter wurde eigens f\u00fcr das entsprechende Motorradmodell entwickelt, um eine bestm\u00f6gliche Befestigung an der Verkleidung zu gew\u00e4hrleisten. Aus Aluminium gearbeitet, um selbst bei starker Beanspruchung Robustheit und Langlebigkeit zu gew\u00e4hrleisten.<\/p>\n","protected":false},"featured_media":297552,"template":"","meta":{"_acf_changed":false},"rizoma_assembly_time":[42664],"rizoma_bike":[41912,42070,41913,41972,41949,42092,42014],"rizoma_division":[42652],"rizoma_family":[42668],"rizoma_model_category":[],"rizoma_product_template":[],"product_brand":[],"product_cat":[42673],"product_tag":[],"class_list":{"0":"post-315402","1":"product","2":"type-product","3":"status-publish","4":"has-post-thumbnail","6":"rizoma_bike-1299-panigale-2015-17","7":"rizoma_bike-1299-panigale-r-final-edition-2017-20","8":"rizoma_bike-1299-panigale-s-2015-18","9":"rizoma_bike-1299-panigale-s-anniversario-2016","10":"rizoma_bike-959-panigale-2016-19","11":"rizoma_bike-959-panigale-corse-2018-19","12":"rizoma_bike-superleggera-1299-2017","13":"product_cat-spiegel","15":"first","16":"instock","17":"taxable","18":"shipping-taxable","19":"purchasable","20":"product-type-variable"},"acf":[],"_links":{"self":[{"href":"https:\/\/www.rizoma.com\/de\/wp-json\/wp\/v2\/product\/315402","targetHints":{"allow":["GET"]}}],"collection":[{"href":"https:\/\/www.rizoma.com\/de\/wp-json\/wp\/v2\/product"}],"about":[{"href":"https:\/\/www.rizoma.com\/de\/wp-json\/wp\/v2\/types\/product"}],"wp:featuredmedia":[{"embeddable":true,"href":"https:\/\/www.rizoma.com\/de\/wp-json\/wp\/v2\/media\/297552"}],"wp:attachment":[{"href":"https:\/\/www.rizoma.com\/de\/wp-json\/wp\/v2\/media?parent=315402"}],"wp:term":[{"taxonomy":"rizoma_assembly_time","embeddable":true,"href":"https:\/\/www.rizoma.com\/de\/wp-json\/wp\/v2\/rizoma_assembly_time?post=315402"},{"taxonomy":"rizoma_bike","embeddable":true,"href":"https:\/\/www.rizoma.com\/de\/wp-json\/wp\/v2\/rizoma_bike?post=315402"},{"taxonomy":"rizoma_division","embeddable":true,"href":"https:\/\/www.rizoma.com\/de\/wp-json\/wp\/v2\/rizoma_division?post=315402"},{"taxonomy":"rizoma_family","embeddable":true,"href":"https:\/\/www.rizoma.com\/de\/wp-json\/wp\/v2\/rizoma_family?post=315402"},{"taxonomy":"rizoma_model_category","embeddable":true,"href":"https:\/\/www.rizoma.com\/de\/wp-json\/wp\/v2\/rizoma_model_category?post=315402"},{"taxonomy":"rizoma_product_template","embeddable":true,"href":"https:\/\/www.rizoma.com\/de\/wp-json\/wp\/v2\/rizoma_product_template?post=315402"},{"taxonomy":"product_brand","embeddable":true,"href":"https:\/\/www.rizoma.com\/de\/wp-json\/wp\/v2\/product_brand?post=315402"},{"taxonomy":"product_cat","embeddable":true,"href":"https:\/\/www.rizoma.com\/de\/wp-json\/wp\/v2\/product_cat?post=315402"},{"taxonomy":"product_tag","embeddable":true,"href":"https:\/\/www.rizoma.com\/de\/wp-json\/wp\/v2\/product_tag?post=315402"}],"curies":[{"name":"wp","href":"https:\/\/api.w.org\/{rel}","templated":true}]}}